{"id":150712,"date":"2021-01-15T11:03:04","date_gmt":"2021-01-15T11:03:04","guid":{"rendered":"https:\/\/codengine3.ch\/?product=import-placeholder-for-201051"},"modified":"2021-04-06T09:12:16","modified_gmt":"2021-04-06T07:12:16","slug":"eine-agrargeschichte-der-inneren-alpen","status":"publish","type":"product","link":"https:\/\/pizbube.ch\/en\/shop\/eine-agrargeschichte-der-inneren-alpen\/","title":{"rendered":"Eine Agrargeschichte der inneren Alpen"},"content":{"rendered":"<p>Graub\u00fcnden, Tessin, Wallis 1500- 1800<\/p>\n<p>Von den Gebirgsmassen pflegen die Flachlandbewohner gern auf die<br \/>\nAndersartigkeit der Bergbev\u00f6lkerung und ihrer Geschichte zu schliessen. Diese<br \/>\nAnnahme bildet seit langem den N\u00e4hrboden f\u00fcr zwei gegens\u00e4tzliche, aber<br \/>\nverbundene Haltungen: f\u00fcr Verkl\u00e4rung und Herablassung. Im Falle der Schweiz,<br \/>\ndie sich aus verschiedenen Gr\u00fcnden besonders h\u00e4ufig auf die Alpen berief, kam<br \/>\nvielfach nur das Loblied zum Ausdruck, w\u00e4hrend die Kehrseite ungesagt oder<br \/>\nungedacht blieb.<\/p>\n<p>Der Historiker, heute von Berufes wegen auf eine n\u00fcchterne<br \/>\nSicht verpflichtet, muss manche Aspekte dieser Diskussion als \u00e4rgerlich<br \/>\nempfinden. Stehen Idealisierung und Diskriminierung einer sachlichen<br \/>\nAnn\u00e4herung nicht im Weg? Kann man wirklich voraussetzen, dass sich Wirtschaft<br \/>\nund Gesellschaft des Gebirges in allen Teilen von denjenigen des flachen<br \/>\nLandes unterschieden? W\u00e4ren nicht weitere Grenzlinien zu ber\u00fccksichtigen, die<br \/>\nmitten durch die Bergwelt liefen?<\/p>\n<p>Dieses Buch vermittelt erstmals eine \u00dcbersicht \u00fcber die Agrargeschichte des<br \/>\ninneren Alpenraums w\u00e4hrend der fr\u00fchen Neuzeit. Es untersucht die b\u00e4uerlichen<br \/>\nNutzungsformen und befasst sich mit dem sozialen Umfeld der inneralpinen<br \/>\nBev\u00f6lkerung.<\/p>","protected":false},"excerpt":{"rendered":"<p>Graub\u00fcnden, Tessin, Wallis 1500- 1800 Von den Gebirgsmassen pflegen die Flachlandbewohner gern auf die Andersartigkeit der Bergbev\u00f6lkerung und ihrer Geschichte zu schliessen. Diese Annahme bildet seit langem den N\u00e4hrboden f\u00fcr zwei gegens\u00e4tzliche, aber verbundene Haltungen: f\u00fcr Verkl\u00e4rung und Herablassung. Im Falle der Schweiz, die sich aus verschiedenen Gr\u00fcnden besonders h\u00e4ufig auf die Alpen berief, kam [&#8230;]\n","protected":false},"featured_media":28204,"template":"","meta":[],"product_brand":[],"product_cat":[21580],"product_tag":[],"class_list":{"0":"post-150712","1":"product","2":"type-product","3":"status-publish","4":"has-post-thumbnail","6":"product_cat-kunst-kultur","7":"pa_autor-mathieu","8":"pa_erscheinungsjahr-22246","9":"pa_region-schweiz","10":"pa_sprache-de","12":"first","13":"instock","14":"taxable","15":"shipping-taxable","16":"purchasable","17":"product-type-simple"},"_links":{"self":[{"href":"https:\/\/pizbube.ch\/en\/wp-json\/wp\/v2\/product\/150712","targetHints":{"allow":["GET"]}}],"collection":[{"href":"https:\/\/pizbube.ch\/en\/wp-json\/wp\/v2\/product"}],"about":[{"href":"https:\/\/pizbube.ch\/en\/wp-json\/wp\/v2\/types\/product"}],"wp:featuredmedia":[{"embeddable":true,"href":"https:\/\/pizbube.ch\/en\/wp-json\/wp\/v2\/media\/28204"}],"wp:attachment":[{"href":"https:\/\/pizbube.ch\/en\/wp-json\/wp\/v2\/media?parent=150712"}],"wp:term":[{"taxonomy":"product_brand","embeddable":true,"href":"https:\/\/pizbube.ch\/en\/wp-json\/wp\/v2\/product_brand?post=150712"},{"taxonomy":"product_cat","embeddable":true,"href":"https:\/\/pizbube.ch\/en\/wp-json\/wp\/v2\/product_cat?post=150712"},{"taxonomy":"product_tag","embeddable":true,"href":"https:\/\/pizbube.ch\/en\/wp-json\/wp\/v2\/product_tag?post=150712"}],"curies":[{"name":"wp","href":"https:\/\/api.w.org\/{rel}","templated":true}]}}