{"id":150713,"date":"2021-01-15T11:03:04","date_gmt":"2021-01-15T11:03:04","guid":{"rendered":"https:\/\/codengine3.ch\/?product=import-placeholder-for-203538"},"modified":"2026-04-08T17:40:44","modified_gmt":"2026-04-08T15:40:44","slug":"gebirge-der-erde-landschaft-klima-pflanzenwelt","status":"publish","type":"product","link":"https:\/\/pizbube.ch\/en\/shop\/gebirge-der-erde-landschaft-klima-pflanzenwelt\/","title":{"rendered":"Gebirge der Erde. Landschaft, Klima, Pflanzenwelt"},"content":{"rendered":"<p>Der unentbehrliche Reisebegleiter in die wichtigsten Gebirgsregionen der Erde:<br \/>\nBrillante Farbfotos und anschauliche Grafiken zeigen die \u00fcberw\u00e4ltigende<br \/>\nSch\u00f6nheit und Vielfalt von Landschaften und Pflanzen aus allen H\u00f6henlagen. In<br \/>\neinem einf\u00fchrenden Kapitel sind die wichtigsten geologischen und<br \/>\ngeographischen Merkmale der Gebirge, Gebirgsklima, Entstehung und Entwicklung<br \/>\nder Gebirgsflora, Vegetationsh\u00f6henstufen sowie als landschaftlich auff\u00e4lliges<br \/>\nElement die Waldgrenze dargestellt. Daran schlie\u00dfen in Text und Bild 44<br \/>\nausgew\u00e4hlte Gebirgsregionen der Erde an. 400 S., 289 Farbf., 87 Grafiken, 118<br \/>\nKlimadiagramme.<\/p>","protected":false},"excerpt":{"rendered":"<p>Der unentbehrliche Reisebegleiter in die wichtigsten Gebirgsregionen der Erde: Brillante Farbfotos und anschauliche Grafiken zeigen die \u00fcberw\u00e4ltigende Sch\u00f6nheit und Vielfalt von Landschaften und Pflanzen aus allen H\u00f6henlagen. In einem einf\u00fchrenden Kapitel sind die wichtigsten geologischen und geographischen Merkmale der Gebirge, Gebirgsklima, Entstehung und Entwicklung der Gebirgsflora, Vegetationsh\u00f6henstufen sowie als landschaftlich auff\u00e4lliges Element die Waldgrenze dargestellt. [&#8230;]\n","protected":false},"featured_media":31170,"template":"","meta":[],"product_brand":[],"product_cat":[21542],"product_tag":[],"class_list":{"0":"post-150713","1":"product","2":"type-product","3":"status-publish","4":"has-post-thumbnail","6":"product_cat-sachbuecher-dokumentationen","7":"pa_autor-burga-kloetzli-grabherr","8":"pa_erscheinungsjahr-21920","9":"pa_region-deutschland","10":"pa_sprache-de","12":"first","13":"outofstock","14":"taxable","15":"shipping-taxable","16":"purchasable","17":"product-type-simple"},"_links":{"self":[{"href":"https:\/\/pizbube.ch\/en\/wp-json\/wp\/v2\/product\/150713","targetHints":{"allow":["GET"]}}],"collection":[{"href":"https:\/\/pizbube.ch\/en\/wp-json\/wp\/v2\/product"}],"about":[{"href":"https:\/\/pizbube.ch\/en\/wp-json\/wp\/v2\/types\/product"}],"wp:featuredmedia":[{"embeddable":true,"href":"https:\/\/pizbube.ch\/en\/wp-json\/wp\/v2\/media\/31170"}],"wp:attachment":[{"href":"https:\/\/pizbube.ch\/en\/wp-json\/wp\/v2\/media?parent=150713"}],"wp:term":[{"taxonomy":"product_brand","embeddable":true,"href":"https:\/\/pizbube.ch\/en\/wp-json\/wp\/v2\/product_brand?post=150713"},{"taxonomy":"product_cat","embeddable":true,"href":"https:\/\/pizbube.ch\/en\/wp-json\/wp\/v2\/product_cat?post=150713"},{"taxonomy":"product_tag","embeddable":true,"href":"https:\/\/pizbube.ch\/en\/wp-json\/wp\/v2\/product_tag?post=150713"}],"curies":[{"name":"wp","href":"https:\/\/api.w.org\/{rel}","templated":true}]}}