{"id":150714,"date":"2021-01-15T11:03:04","date_gmt":"2021-01-15T11:03:04","guid":{"rendered":"https:\/\/codengine3.ch\/?product=import-placeholder-for-201943"},"modified":"2021-01-15T12:32:03","modified_gmt":"2021-01-15T12:32:03","slug":"sehnsucht-landschaft","status":"publish","type":"product","link":"https:\/\/pizbube.ch\/en\/shop\/sehnsucht-landschaft\/","title":{"rendered":"Sehnsucht Landschaft"},"content":{"rendered":"<p>das Buch behandelt die Vielschichtigkeit der Begriffe Sehnsucht und Landschaft<br \/>\nund pl\u00e4diert f\u00fcr eine st\u00e4rkere Gewichtung der sinnlichen Dimension:<br \/>\nLandschaftsgestaltung unter \u00e4sthetischem Gesichtspunkt.<\/p>","protected":false},"excerpt":{"rendered":"<p>das Buch behandelt die Vielschichtigkeit der Begriffe Sehnsucht und Landschaft und pl\u00e4diert f\u00fcr eine st\u00e4rkere Gewichtung der sinnlichen Dimension: Landschaftsgestaltung unter \u00e4sthetischem Gesichtspunkt.<\/p>","protected":false},"featured_media":29327,"template":"","meta":[],"product_brand":[],"product_cat":[21580],"product_tag":[],"class_list":{"0":"post-150714","1":"product","2":"type-product","3":"status-publish","4":"has-post-thumbnail","6":"product_cat-kunst-kultur","7":"pa_autor-rodewald","8":"pa_erscheinungsjahr-22150","9":"pa_region-schweiz","10":"pa_sprache-de","12":"first","13":"instock","14":"taxable","15":"shipping-taxable","16":"purchasable","17":"product-type-simple"},"_links":{"self":[{"href":"https:\/\/pizbube.ch\/en\/wp-json\/wp\/v2\/product\/150714","targetHints":{"allow":["GET"]}}],"collection":[{"href":"https:\/\/pizbube.ch\/en\/wp-json\/wp\/v2\/product"}],"about":[{"href":"https:\/\/pizbube.ch\/en\/wp-json\/wp\/v2\/types\/product"}],"wp:featuredmedia":[{"embeddable":true,"href":"https:\/\/pizbube.ch\/en\/wp-json\/wp\/v2\/media\/29327"}],"wp:attachment":[{"href":"https:\/\/pizbube.ch\/en\/wp-json\/wp\/v2\/media?parent=150714"}],"wp:term":[{"taxonomy":"product_brand","embeddable":true,"href":"https:\/\/pizbube.ch\/en\/wp-json\/wp\/v2\/product_brand?post=150714"},{"taxonomy":"product_cat","embeddable":true,"href":"https:\/\/pizbube.ch\/en\/wp-json\/wp\/v2\/product_cat?post=150714"},{"taxonomy":"product_tag","embeddable":true,"href":"https:\/\/pizbube.ch\/en\/wp-json\/wp\/v2\/product_tag?post=150714"}],"curies":[{"name":"wp","href":"https:\/\/api.w.org\/{rel}","templated":true}]}}