{"id":150716,"date":"2021-01-15T11:03:04","date_gmt":"2021-01-15T11:03:04","guid":{"rendered":"https:\/\/codengine3.ch\/?product=import-placeholder-for-201053"},"modified":"2021-01-15T11:03:08","modified_gmt":"2021-01-15T11:03:08","slug":"pater-placidus-a-spescha","status":"publish","type":"product","link":"https:\/\/pizbube.ch\/en\/shop\/pater-placidus-a-spescha\/","title":{"rendered":"Pater Placidus a Spescha"},"content":{"rendered":"<p>Ein Pater als Pionier des Alpinismus: Als Naturwissenschaftler, Bergpionier,<br \/>\nSprachforscher, Historiker, Volkskundler, R\u00e4toromanist, Aufkl\u00e4rer und frommer<br \/>\nPriester geh\u00f6rt der Disentiser Pater Placidus a Spescha (1752-1833) zu den<br \/>\nvielseitigsten und faszinierendsten Gestalten der neueren B\u00fcndner Geschichte.  <\/p>","protected":false},"excerpt":{"rendered":"<p>Ein Pater als Pionier des Alpinismus: Als Naturwissenschaftler, Bergpionier, Sprachforscher, Historiker, Volkskundler, R\u00e4toromanist, Aufkl\u00e4rer und frommer Priester geh\u00f6rt der Disentiser Pater Placidus a Spescha (1752-1833) zu den vielseitigsten und faszinierendsten Gestalten der neueren B\u00fcndner Geschichte.<\/p>","protected":false},"featured_media":28206,"template":"","meta":[],"product_brand":[],"product_cat":[21542],"product_tag":[],"class_list":{"0":"post-150716","1":"product","2":"type-product","3":"status-publish","4":"has-post-thumbnail","6":"product_cat-sachbuecher-dokumentationen","7":"pa_autor-buendner-kulturforschung","8":"pa_erscheinungsjahr-22112","9":"pa_region-schweiz","10":"pa_sprache-de","12":"first","13":"instock","14":"taxable","15":"shipping-taxable","16":"purchasable","17":"product-type-simple"},"_links":{"self":[{"href":"https:\/\/pizbube.ch\/en\/wp-json\/wp\/v2\/product\/150716","targetHints":{"allow":["GET"]}}],"collection":[{"href":"https:\/\/pizbube.ch\/en\/wp-json\/wp\/v2\/product"}],"about":[{"href":"https:\/\/pizbube.ch\/en\/wp-json\/wp\/v2\/types\/product"}],"wp:featuredmedia":[{"embeddable":true,"href":"https:\/\/pizbube.ch\/en\/wp-json\/wp\/v2\/media\/28206"}],"wp:attachment":[{"href":"https:\/\/pizbube.ch\/en\/wp-json\/wp\/v2\/media?parent=150716"}],"wp:term":[{"taxonomy":"product_brand","embeddable":true,"href":"https:\/\/pizbube.ch\/en\/wp-json\/wp\/v2\/product_brand?post=150716"},{"taxonomy":"product_cat","embeddable":true,"href":"https:\/\/pizbube.ch\/en\/wp-json\/wp\/v2\/product_cat?post=150716"},{"taxonomy":"product_tag","embeddable":true,"href":"https:\/\/pizbube.ch\/en\/wp-json\/wp\/v2\/product_tag?post=150716"}],"curies":[{"name":"wp","href":"https:\/\/api.w.org\/{rel}","templated":true}]}}