{"id":150718,"date":"2021-01-15T11:03:08","date_gmt":"2021-01-15T11:03:08","guid":{"rendered":"https:\/\/codengine3.ch\/?product=import-placeholder-for-202921"},"modified":"2021-01-15T12:52:28","modified_gmt":"2021-01-15T12:52:28","slug":"die-hausberge-des-kantons-graubuenden","status":"publish","type":"product","link":"https:\/\/pizbube.ch\/en\/shop\/die-hausberge-des-kantons-graubuenden\/","title":{"rendered":"Die Hausberge des Kantons Graub\u00fcnden"},"content":{"rendered":"<p>Kaum etwas pr\u00e4gt das Leben der Menschen in den B\u00fcndner T\u00e4lern st\u00e4rker als die<br \/>\nBerge der Umgebung. \u00dcber 200 aufschlussreiche Portr\u00e4ts von B\u00fcndner Hausbergen.<br \/>\nVom Aroser Weisshorn \u00fcber den Piz Kesch bis zum Zw\u00f6lfihorn. Mit Farbfotos der<br \/>\nHausberge, kurzer Beschrieb und Infos zu Lage, Besteigung und Koordinaten. 416<br \/>\nSeiten \/ brosch.<\/p>","protected":false},"excerpt":{"rendered":"<ul>\n<li><b>INFO: vergriffen, keine Neuauflage<b><\/li>\n<\/ul>","protected":false},"featured_media":30404,"template":"","meta":[],"product_brand":[],"product_cat":[21542],"product_tag":[],"class_list":{"0":"post-150718","1":"product","2":"type-product","3":"status-publish","4":"has-post-thumbnail","6":"product_cat-sachbuecher-dokumentationen","7":"pa_autor-suedostschweiz","8":"pa_erscheinungsjahr-22292","9":"pa_region-schweiz","10":"pa_sprache-de","12":"first","13":"outofstock","14":"taxable","15":"shipping-taxable","16":"purchasable","17":"product-type-simple"},"_links":{"self":[{"href":"https:\/\/pizbube.ch\/en\/wp-json\/wp\/v2\/product\/150718","targetHints":{"allow":["GET"]}}],"collection":[{"href":"https:\/\/pizbube.ch\/en\/wp-json\/wp\/v2\/product"}],"about":[{"href":"https:\/\/pizbube.ch\/en\/wp-json\/wp\/v2\/types\/product"}],"wp:featuredmedia":[{"embeddable":true,"href":"https:\/\/pizbube.ch\/en\/wp-json\/wp\/v2\/media\/30404"}],"wp:attachment":[{"href":"https:\/\/pizbube.ch\/en\/wp-json\/wp\/v2\/media?parent=150718"}],"wp:term":[{"taxonomy":"product_brand","embeddable":true,"href":"https:\/\/pizbube.ch\/en\/wp-json\/wp\/v2\/product_brand?post=150718"},{"taxonomy":"product_cat","embeddable":true,"href":"https:\/\/pizbube.ch\/en\/wp-json\/wp\/v2\/product_cat?post=150718"},{"taxonomy":"product_tag","embeddable":true,"href":"https:\/\/pizbube.ch\/en\/wp-json\/wp\/v2\/product_tag?post=150718"}],"curies":[{"name":"wp","href":"https:\/\/api.w.org\/{rel}","templated":true}]}}