{"id":150719,"date":"2021-01-15T11:03:08","date_gmt":"2021-01-15T11:03:08","guid":{"rendered":"https:\/\/codengine3.ch\/?product=import-placeholder-for-204352"},"modified":"2021-01-15T14:32:15","modified_gmt":"2021-01-15T14:32:15","slug":"emil-nolde-die-bergpostkarten","status":"publish","type":"product","link":"https:\/\/pizbube.ch\/en\/shop\/emil-nolde-die-bergpostkarten\/","title":{"rendered":"Emil Nolde. Die Bergpostkarten"},"content":{"rendered":"<p>In seiner St. Gallener Zeit wanderte der Maler Emil Nolde h\u00e4ufig und<br \/>\nbesch\u00e4ftigte sich mit der Namensgebung der Berge und den lokalen M\u00e4rchen und<br \/>\ngewann so die Motive f\u00fcr die vom Publikum sehr gesch\u00e4tzten aquarellierten<br \/>\nBergpostkarten. Sie alle sind von einem liebenswerten, zuweilen frivolen und<br \/>\nnahezu anekdotischen Humor gepr\u00e4gt. Somit veranschaulichen die Sammlerst\u00fccke<br \/>\ndie originelle Form des Broterwerbs des jungen K\u00fcnstlers.<\/p>","protected":false},"excerpt":{"rendered":"<p>In seiner St. Gallener Zeit wanderte der Maler Emil Nolde h\u00e4ufig und besch\u00e4ftigte sich mit der Namensgebung der Berge und den lokalen M\u00e4rchen und gewann so die Motive f\u00fcr die vom Publikum sehr gesch\u00e4tzten aquarellierten Bergpostkarten. Sie alle sind von einem liebenswerten, zuweilen frivolen und nahezu anekdotischen Humor gepr\u00e4gt. Somit veranschaulichen die Sammlerst\u00fccke die originelle [&#8230;]\n","protected":false},"featured_media":32192,"template":"","meta":[],"product_brand":[],"product_cat":[21580],"product_tag":[],"class_list":{"0":"post-150719","1":"product","2":"type-product","3":"status-publish","4":"has-post-thumbnail","6":"product_cat-kunst-kultur","7":"pa_autor-moeller","8":"pa_erscheinungsjahr-21763","9":"pa_region-deutschland","10":"pa_sprache-de","12":"first","13":"outofstock","14":"taxable","15":"shipping-taxable","16":"purchasable","17":"product-type-simple"},"_links":{"self":[{"href":"https:\/\/pizbube.ch\/en\/wp-json\/wp\/v2\/product\/150719","targetHints":{"allow":["GET"]}}],"collection":[{"href":"https:\/\/pizbube.ch\/en\/wp-json\/wp\/v2\/product"}],"about":[{"href":"https:\/\/pizbube.ch\/en\/wp-json\/wp\/v2\/types\/product"}],"wp:featuredmedia":[{"embeddable":true,"href":"https:\/\/pizbube.ch\/en\/wp-json\/wp\/v2\/media\/32192"}],"wp:attachment":[{"href":"https:\/\/pizbube.ch\/en\/wp-json\/wp\/v2\/media?parent=150719"}],"wp:term":[{"taxonomy":"product_brand","embeddable":true,"href":"https:\/\/pizbube.ch\/en\/wp-json\/wp\/v2\/product_brand?post=150719"},{"taxonomy":"product_cat","embeddable":true,"href":"https:\/\/pizbube.ch\/en\/wp-json\/wp\/v2\/product_cat?post=150719"},{"taxonomy":"product_tag","embeddable":true,"href":"https:\/\/pizbube.ch\/en\/wp-json\/wp\/v2\/product_tag?post=150719"}],"curies":[{"name":"wp","href":"https:\/\/api.w.org\/{rel}","templated":true}]}}