{"id":150720,"date":"2021-01-15T11:03:08","date_gmt":"2021-01-15T11:03:08","guid":{"rendered":"https:\/\/codengine3.ch\/?product=import-placeholder-for-206348"},"modified":"2021-01-15T14:48:16","modified_gmt":"2021-01-15T14:48:16","slug":"gipfelgeschichten","status":"publish","type":"product","link":"https:\/\/pizbube.ch\/en\/shop\/gipfelgeschichten\/","title":{"rendered":"Gipfelgeschichten"},"content":{"rendered":"<p>\nWie die Schweizer Berge zu ihren Namen kamen  <\/p>\n<p>Das ist der Gipfel oder warum zwischen Eiger und Jungfrau ein M\u00f6nch stehen<br \/>\nmuss. In die Berge hinauf gingen die Menschen bis vor etwa 200 Jahren nur,<br \/>\nwenn es unbedingt sein musste: Auf Handelswegen, um Vieh zu weiden oder um<br \/>\nWildheu zu gewinnen. Die Linguistin und Journalistin Nathalie Henseler<br \/>\nzeichnet den Weg des Menschen von der Ebene hinauf in die Berge nach, bis in<br \/>\ndie heutige Zeit, in der die Sehnsucht nach den Bergen viele Menschen erfasst<br \/>\nhat.<\/p>\n<p>Auf ihrer Spurensuche begegnet sie der Entstehungsgeschichte der Bergnamen und<br \/>\nerz\u00e4hlt Gipfelgeschichten der etwas anderen Art:<br \/>\nVon der L\u00e4gern \u00fcber den Clariden, T\u00f6di bis zum Piz Pal\u00fc  <\/p>\n<p>Wieviel altes Wissen und Aussagekraft sie haben, zeigen die einzelnen<br \/>\nBergportr\u00e4ts aus allen Landesgegenden.  <\/p>\n<p>2. Auflg. 2012  <\/p>","protected":false},"excerpt":{"rendered":"<ul>\n<li><b>INFO: Vergriffen, keine Neuauflage\/Nachdruck<b><\/li>\n<\/ul>","protected":false},"featured_media":35352,"template":"","meta":[],"product_brand":[],"product_cat":[21542],"product_tag":[],"class_list":{"0":"post-150720","1":"product","2":"type-product","3":"status-publish","4":"has-post-thumbnail","6":"product_cat-sachbuecher-dokumentationen","7":"pa_autor-henseler","8":"pa_erscheinungsjahr-21621","9":"pa_region-schweiz","10":"pa_sprache-de","12":"first","13":"outofstock","14":"taxable","15":"shipping-taxable","16":"purchasable","17":"product-type-simple"},"_links":{"self":[{"href":"https:\/\/pizbube.ch\/en\/wp-json\/wp\/v2\/product\/150720","targetHints":{"allow":["GET"]}}],"collection":[{"href":"https:\/\/pizbube.ch\/en\/wp-json\/wp\/v2\/product"}],"about":[{"href":"https:\/\/pizbube.ch\/en\/wp-json\/wp\/v2\/types\/product"}],"wp:featuredmedia":[{"embeddable":true,"href":"https:\/\/pizbube.ch\/en\/wp-json\/wp\/v2\/media\/35352"}],"wp:attachment":[{"href":"https:\/\/pizbube.ch\/en\/wp-json\/wp\/v2\/media?parent=150720"}],"wp:term":[{"taxonomy":"product_brand","embeddable":true,"href":"https:\/\/pizbube.ch\/en\/wp-json\/wp\/v2\/product_brand?post=150720"},{"taxonomy":"product_cat","embeddable":true,"href":"https:\/\/pizbube.ch\/en\/wp-json\/wp\/v2\/product_cat?post=150720"},{"taxonomy":"product_tag","embeddable":true,"href":"https:\/\/pizbube.ch\/en\/wp-json\/wp\/v2\/product_tag?post=150720"}],"curies":[{"name":"wp","href":"https:\/\/api.w.org\/{rel}","templated":true}]}}