{"id":150721,"date":"2021-01-15T11:03:09","date_gmt":"2021-01-15T11:03:09","guid":{"rendered":"https:\/\/codengine3.ch\/?product=import-placeholder-for-205443"},"modified":"2021-01-15T14:41:17","modified_gmt":"2021-01-15T14:41:17","slug":"via-alpina","status":"publish","type":"product","link":"https:\/\/pizbube.ch\/en\/shop\/via-alpina\/","title":{"rendered":"Via Alpina"},"content":{"rendered":"<p>Traumrouten quer durch die Alpen  <\/p>\n<p>Das l\u00e4nderverbindende Wegenetz durch die Alpen<br \/>\nDieser inspirierende Bildband pr\u00e4sentiert die Highlights der Alpen entlang des<br \/>\nneuen Fernwanderweg-Netzes Via Alpina. Als Beitrag zur V\u00f6lkerverst\u00e4ndigung und<br \/>\nzur nachhaltigen Entwicklung des Alpenraums angelegt, f\u00fchren f\u00fcnf<br \/>\nunterschiedlich lange Wege in insgesamt 341 Etappen durch alle acht<br \/>\nAlpenstaaten.  <\/p>\n<p>Mark Zahel stellt s\u00e4mtliche Gebirgsgruppen einschlie\u00dflich naturkundlicher,<br \/>\nkulturhistorischer und alpinistischer Aspekte vor; seine Aufnahmen, die die<br \/>\nlandschaftliche Vielfalt eindrucksvoll belegen, verleiten dazu, selbst auf<br \/>\nEntdeckungsreise zu gehen.<br \/>\n160 Seiten, ca. 200 Abbildungen, Format 24,5 x 30,5 cm, Hardcover mit<br \/>\nSchutzumschlag<\/p>","protected":false},"excerpt":{"rendered":"<p>Traumrouten quer durch die Alpen Das l\u00e4nderverbindende Wegenetz durch die Alpen Dieser inspirierende Bildband pr\u00e4sentiert die Highlights der Alpen entlang des neuen Fernwanderweg-Netzes Via Alpina. Als Beitrag zur V\u00f6lkerverst\u00e4ndigung und zur nachhaltigen Entwicklung des Alpenraums angelegt, f\u00fchren f\u00fcnf unterschiedlich lange Wege in insgesamt 341 Etappen durch alle acht Alpenstaaten. Mark Zahel stellt s\u00e4mtliche Gebirgsgruppen einschlie\u00dflich [&#8230;]\n","protected":false},"featured_media":34152,"template":"","meta":[],"product_brand":[],"product_cat":[21605],"product_tag":[],"class_list":{"0":"post-150721","1":"product","2":"type-product","3":"status-publish","4":"has-post-thumbnail","6":"product_cat-wanderfuehrer-trekking","7":"pa_autor-zahel","8":"pa_erscheinungsjahr-21591","9":"pa_region-schweiz","10":"pa_sprache-de","12":"first","13":"outofstock","14":"taxable","15":"shipping-taxable","16":"purchasable","17":"product-type-simple"},"_links":{"self":[{"href":"https:\/\/pizbube.ch\/en\/wp-json\/wp\/v2\/product\/150721","targetHints":{"allow":["GET"]}}],"collection":[{"href":"https:\/\/pizbube.ch\/en\/wp-json\/wp\/v2\/product"}],"about":[{"href":"https:\/\/pizbube.ch\/en\/wp-json\/wp\/v2\/types\/product"}],"wp:featuredmedia":[{"embeddable":true,"href":"https:\/\/pizbube.ch\/en\/wp-json\/wp\/v2\/media\/34152"}],"wp:attachment":[{"href":"https:\/\/pizbube.ch\/en\/wp-json\/wp\/v2\/media?parent=150721"}],"wp:term":[{"taxonomy":"product_brand","embeddable":true,"href":"https:\/\/pizbube.ch\/en\/wp-json\/wp\/v2\/product_brand?post=150721"},{"taxonomy":"product_cat","embeddable":true,"href":"https:\/\/pizbube.ch\/en\/wp-json\/wp\/v2\/product_cat?post=150721"},{"taxonomy":"product_tag","embeddable":true,"href":"https:\/\/pizbube.ch\/en\/wp-json\/wp\/v2\/product_tag?post=150721"}],"curies":[{"name":"wp","href":"https:\/\/api.w.org\/{rel}","templated":true}]}}