{"id":150724,"date":"2021-01-15T11:03:09","date_gmt":"2021-01-15T11:03:09","guid":{"rendered":"https:\/\/codengine3.ch\/?product=import-placeholder-for-205545"},"modified":"2021-01-15T14:42:05","modified_gmt":"2021-01-15T14:42:05","slug":"maerchenweg-val-bever","status":"publish","type":"product","link":"https:\/\/pizbube.ch\/en\/shop\/maerchenweg-val-bever\/","title":{"rendered":"M\u00e4rchenweg Val Bever"},"content":{"rendered":"<p>Auf dem Wanderweg vom Dorf Bever nach Spinas entstanden 6 M\u00e4rchenszenarien mit<br \/>\nje einem Engadiner M\u00e4rchen.  <\/p>\n<p>Die Stadt im Wald von Chatrina Murtas<br \/>\nNot Vital<br \/>\nDer sch\u00f6ne Gian von Lina Liun<br \/>\nFrancis Engels<br \/>\nSpiegelchen von Anna Pitschna Grob-Ganzoni<br \/>\nJean Badel<br \/>\nDie Fee Mirta von Natalia Lehner-Schwitter<br \/>\nGregor Reich 5<br \/>\nVom B\u00fcbchen und der Himmelsleiter von Mili Weber<br \/>\nReto Grond<br \/>\nDie erste Pfeife der Hexe Ludovica-Goba von Antonella Stecher<br \/>\nGiuliano Pedretti<br \/>\nDer B\u00e4r und der Fuchs von Nann<\/p>","protected":false},"excerpt":{"rendered":"<p>Auf dem Wanderweg vom Dorf Bever nach Spinas entstanden 6 M\u00e4rchenszenarien mit je einem Engadiner M\u00e4rchen. Die Stadt im Wald von Chatrina Murtas Not Vital Der sch\u00f6ne Gian von Lina Liun Francis Engels Spiegelchen von Anna Pitschna Grob-Ganzoni Jean Badel Die Fee Mirta von Natalia Lehner-Schwitter Gregor Reich 5 Vom B\u00fcbchen und der Himmelsleiter von [&#8230;]\n","protected":false},"featured_media":34289,"template":"","meta":[],"product_brand":[],"product_cat":[21605],"product_tag":[],"class_list":{"0":"post-150724","1":"product","2":"type-product","3":"status-publish","4":"has-post-thumbnail","6":"product_cat-wanderfuehrer-trekking","7":"pa_autor-gemeinde-bever","8":"pa_erscheinungsjahr-21763","9":"pa_region-schweiz","10":"pa_sprache-de","12":"first","13":"outofstock","14":"taxable","15":"shipping-taxable","16":"purchasable","17":"product-type-simple"},"_links":{"self":[{"href":"https:\/\/pizbube.ch\/en\/wp-json\/wp\/v2\/product\/150724","targetHints":{"allow":["GET"]}}],"collection":[{"href":"https:\/\/pizbube.ch\/en\/wp-json\/wp\/v2\/product"}],"about":[{"href":"https:\/\/pizbube.ch\/en\/wp-json\/wp\/v2\/types\/product"}],"wp:featuredmedia":[{"embeddable":true,"href":"https:\/\/pizbube.ch\/en\/wp-json\/wp\/v2\/media\/34289"}],"wp:attachment":[{"href":"https:\/\/pizbube.ch\/en\/wp-json\/wp\/v2\/media?parent=150724"}],"wp:term":[{"taxonomy":"product_brand","embeddable":true,"href":"https:\/\/pizbube.ch\/en\/wp-json\/wp\/v2\/product_brand?post=150724"},{"taxonomy":"product_cat","embeddable":true,"href":"https:\/\/pizbube.ch\/en\/wp-json\/wp\/v2\/product_cat?post=150724"},{"taxonomy":"product_tag","embeddable":true,"href":"https:\/\/pizbube.ch\/en\/wp-json\/wp\/v2\/product_tag?post=150724"}],"curies":[{"name":"wp","href":"https:\/\/api.w.org\/{rel}","templated":true}]}}