{"id":150734,"date":"2021-01-15T11:03:10","date_gmt":"2021-01-15T11:03:10","guid":{"rendered":"https:\/\/codengine3.ch\/?product=import-placeholder-for-202117"},"modified":"2021-01-15T12:33:30","modified_gmt":"2021-01-15T12:33:30","slug":"maerchenhaftes-wandern-in-graubuenden","status":"publish","type":"product","link":"https:\/\/pizbube.ch\/en\/shop\/maerchenhaftes-wandern-in-graubuenden\/","title":{"rendered":"M\u00e4rchenhaftes Wandern in Graub\u00fcnden"},"content":{"rendered":"<p>Auf den Spuren von B\u00fcndner Sagen und M\u00e4rchen: 23 Touren mit Karten und Bildern<br \/>\nund der zugeh\u00f6rigen Geschichte.  <\/p>\n<p>Die Entdeckung verwunschener H\u00f6hlen, verzauberter B\u00e4ume, schauerlicher<br \/>\nSchluchten oder mystischer Felsen macht eine Wanderung zu einem besonderen<br \/>\nErlebnis. Auf 23 Wanderungen f\u00fchrt Katharina Hess in diesem Buch zu<br \/>\n\u00d6rtlichkeiten und in Gegenden, wo sich laut alten \u00dcberlieferungen seltsame,<br \/>\nm\u00e4rchenhafte Dinge zugetragen haben. Zu jeder Wanderung geh\u00f6ren eine Sage oder<br \/>\nein M\u00e4rchen, eine Karte und zauberhafte Farbbilder von Romano Pedetti.<br \/>\n2. Auflg.  <\/p>","protected":false},"excerpt":{"rendered":"<p>Auf den Spuren von B\u00fcndner Sagen und M\u00e4rchen: 23 Touren mit Karten und Bildern und der zugeh\u00f6rigen Geschichte. Die Entdeckung verwunschener H\u00f6hlen, verzauberter B\u00e4ume, schauerlicher Schluchten oder mystischer Felsen macht eine Wanderung zu einem besonderen Erlebnis. Auf 23 Wanderungen f\u00fchrt Katharina Hess in diesem Buch zu \u00d6rtlichkeiten und in Gegenden, wo sich laut alten \u00dcberlieferungen [&#8230;]\n","protected":false},"featured_media":29507,"template":"","meta":[],"product_brand":[],"product_cat":[21605],"product_tag":[],"class_list":{"0":"post-150734","1":"product","2":"type-product","3":"status-publish","4":"has-post-thumbnail","6":"product_cat-wanderfuehrer-trekking","7":"pa_autor-hess","8":"pa_erscheinungsjahr-22292","9":"pa_region-schweiz","10":"pa_sprache-de","12":"first","13":"instock","14":"taxable","15":"shipping-taxable","16":"purchasable","17":"product-type-simple"},"_links":{"self":[{"href":"https:\/\/pizbube.ch\/en\/wp-json\/wp\/v2\/product\/150734","targetHints":{"allow":["GET"]}}],"collection":[{"href":"https:\/\/pizbube.ch\/en\/wp-json\/wp\/v2\/product"}],"about":[{"href":"https:\/\/pizbube.ch\/en\/wp-json\/wp\/v2\/types\/product"}],"wp:featuredmedia":[{"embeddable":true,"href":"https:\/\/pizbube.ch\/en\/wp-json\/wp\/v2\/media\/29507"}],"wp:attachment":[{"href":"https:\/\/pizbube.ch\/en\/wp-json\/wp\/v2\/media?parent=150734"}],"wp:term":[{"taxonomy":"product_brand","embeddable":true,"href":"https:\/\/pizbube.ch\/en\/wp-json\/wp\/v2\/product_brand?post=150734"},{"taxonomy":"product_cat","embeddable":true,"href":"https:\/\/pizbube.ch\/en\/wp-json\/wp\/v2\/product_cat?post=150734"},{"taxonomy":"product_tag","embeddable":true,"href":"https:\/\/pizbube.ch\/en\/wp-json\/wp\/v2\/product_tag?post=150734"}],"curies":[{"name":"wp","href":"https:\/\/api.w.org\/{rel}","templated":true}]}}