{"id":150735,"date":"2021-01-15T11:03:10","date_gmt":"2021-01-15T11:03:10","guid":{"rendered":"https:\/\/codengine3.ch\/?product=import-placeholder-for-203714"},"modified":"2021-01-15T14:25:56","modified_gmt":"2021-01-15T14:25:56","slug":"magisches-graubuenden","status":"publish","type":"product","link":"https:\/\/pizbube.ch\/en\/shop\/magisches-graubuenden\/","title":{"rendered":"Magisches Graub\u00fcnden"},"content":{"rendered":"<p>Wanderungen zu Orten der Kraft. Bergmystiker f\u00fchlen sich von der dreifachen<br \/>\nWasserscheide von Rhein, Inn und Po am Lunghinpass angezogen, die Graub\u00fcnden<br \/>\nmit den gro\u00dfen Weltmeeren verbindet; Talromantiker suchen in den malerischen<br \/>\nMineralb\u00e4dern der weltber\u00fchmten Kurorte Entspannung. Kenner versichern, dass<br \/>\nes sich bei den zahlreichen magisch-heilsamen Quellen, r\u00e4tselhaften<br \/>\nKultsteinen, Wunschb\u00e4umen, funkelnden Bergseen, schwindelerregenden<br \/>\nSchluchten, und geheimnisvollen H\u00f6hlen noch immer um Wohnorte von Alpfeen,<br \/>\nFabelwesen und Sagengestalten handelt.<\/p>\n<p>25 Wanderungen zu Orten der Kraft, vom Churer Rheintal \u00fcber Surselva und<br \/>\nPr\u00e4ttigau bis ins Engadin und die B\u00fcndner S\u00fcdt\u00e4ler lassen uns eintauchen in<br \/>\ndie verzauberte Welt unserer l\u00e4ngst vergangenen eigenen Kultur, verbinden<br \/>\nVolksphilosophisches mit neuzeitlichen Erkenntnissen. Mit s\u00e4mtlichen<br \/>\npraktischen Angaben zu Anreise, Wanderzeit, Wegbeschreibung und Kartenskizzen.<\/p>","protected":false},"excerpt":{"rendered":"<p>Wanderungen zu Orten der Kraft. Bergmystiker f\u00fchlen sich von der dreifachen Wasserscheide von Rhein, Inn und Po am Lunghinpass angezogen, die Graub\u00fcnden mit den gro\u00dfen Weltmeeren verbindet; Talromantiker suchen in den malerischen Mineralb\u00e4dern der weltber\u00fchmten Kurorte Entspannung. Kenner versichern, dass es sich bei den zahlreichen magisch-heilsamen Quellen, r\u00e4tselhaften Kultsteinen, Wunschb\u00e4umen, funkelnden Bergseen, schwindelerregenden Schluchten, und [&#8230;]\n","protected":false},"featured_media":31379,"template":"","meta":[],"product_brand":[],"product_cat":[21605],"product_tag":[],"class_list":{"0":"post-150735","1":"product","2":"type-product","3":"status-publish","4":"has-post-thumbnail","6":"product_cat-wanderfuehrer-trekking","7":"pa_autor-good-haenni","8":"pa_erscheinungsjahr-21776","9":"pa_region-schweiz","10":"pa_sprache-de","12":"first","13":"outofstock","14":"taxable","15":"shipping-taxable","16":"purchasable","17":"product-type-simple"},"_links":{"self":[{"href":"https:\/\/pizbube.ch\/en\/wp-json\/wp\/v2\/product\/150735","targetHints":{"allow":["GET"]}}],"collection":[{"href":"https:\/\/pizbube.ch\/en\/wp-json\/wp\/v2\/product"}],"about":[{"href":"https:\/\/pizbube.ch\/en\/wp-json\/wp\/v2\/types\/product"}],"wp:featuredmedia":[{"embeddable":true,"href":"https:\/\/pizbube.ch\/en\/wp-json\/wp\/v2\/media\/31379"}],"wp:attachment":[{"href":"https:\/\/pizbube.ch\/en\/wp-json\/wp\/v2\/media?parent=150735"}],"wp:term":[{"taxonomy":"product_brand","embeddable":true,"href":"https:\/\/pizbube.ch\/en\/wp-json\/wp\/v2\/product_brand?post=150735"},{"taxonomy":"product_cat","embeddable":true,"href":"https:\/\/pizbube.ch\/en\/wp-json\/wp\/v2\/product_cat?post=150735"},{"taxonomy":"product_tag","embeddable":true,"href":"https:\/\/pizbube.ch\/en\/wp-json\/wp\/v2\/product_tag?post=150735"}],"curies":[{"name":"wp","href":"https:\/\/api.w.org\/{rel}","templated":true}]}}