{"id":150736,"date":"2021-01-15T11:03:10","date_gmt":"2021-01-15T11:03:10","guid":{"rendered":"https:\/\/codengine3.ch\/?product=import-placeholder-for-204737"},"modified":"2024-03-14T14:57:22","modified_gmt":"2024-03-14T13:57:22","slug":"innerschweizer-wildmannlisagen","status":"publish","type":"product","link":"https:\/\/pizbube.ch\/en\/shop\/innerschweizer-wildmannlisagen\/","title":{"rendered":"Innerschweizer WildmannliSagen"},"content":{"rendered":"<p>Geheimnisvolles Zwergvolk und Wilde Leute in den Alpen und T\u00e4lern von Uri,<br \/>\nSchwyz, Nidwalden, Obwalden, Luzern und Zug<\/p>\n<p>Wilde Leute \u2013 sie stehen in der Sagenwelt sowohl f\u00fcr mythische als auch reale<br \/>\nGestalten. Gemeint ist mit \u201ewild\u201c vor allem das Bedrohliche und Verborgene \u2013<br \/>\nalso unwirtliche Gegenden wie Berge, Felsh\u00f6hlen, Schluchten und W\u00e4lder, wo die<br \/>\n\u201eWilden\u201c lebten und wirkten.<\/p>\n<p>Die Erz\u00e4hler machten einst kaum Unterschiede zwischen Erdm\u00e4nnchen und Zwergen<br \/>\nals Geistwesen oder Heiden und Venediger als Realwesen. Die Vermischung von<br \/>\nGestalten und Motiven zeigt sich in zahlreichen Sagen auch dann, wenn von<br \/>\nihren Wohnst\u00e4tten, ihrer Ern\u00e4hrung, ihrer grossen Hilfsbereitschaft oder ihren<br \/>\neigenwilligen T\u00e4nzen berichtet wird.<\/p>\n<p>Die \u201eWilden\u201c sollen \u00fcberdies die F\u00e4higkeit gehabt haben, geheimnisvolle<br \/>\nmagische Kr\u00e4fte einzusetzen: Da wird Butter durch das Schl\u00fcsselloch der<br \/>\nKellert\u00fcre gestohlen; aus versch\u00fctteter Milch K\u00e4se hergestellt, der nie<br \/>\nschwindet; auf dem Heustock Feuer entfacht, ohne dass das Heu brennt; ein<br \/>\nPulver in Mehlbrei gestreut, das Riesenkr\u00e4fte hervorbringt. Es wird aber auch<br \/>\nmit einem Jauchzer Schnee angek\u00fcndigt oder eine Untat mit Regen bestraft.<br \/>\nHebammen erhalten f\u00fcr ihre Geburtshelferdienste als Lohn grossz\u00fcgig Kohle oder<br \/>\nLaub, die sich sp\u00e4ter in pures Gold verwandeln.<\/p>\n<p>An die Sagengestalten der Wilden Leute erinnern heute noch einige Berg- und<br \/>\nFlurnamen und das Brauchtum an der \u00c4lplerchilbi: Wildmaa und Wildwyb in<br \/>\nObwalden und Nidwalden oder Tsch\u00e4meler in Gersau, K\u00fcssnacht und Vitznau.<\/p>\n<p>230 Sagen, 224 Seiten, 52 Bilder<\/p>","protected":false},"excerpt":{"rendered":"<p>Geheimnisvolles Zwergvolk und Wilde Leute in den Alpen und T\u00e4lern von Uri, Schwyz, Nidwalden, Obwalden, Luzern und Zug Wilde Leute \u2013 sie stehen in der Sagenwelt sowohl f\u00fcr mythische als auch reale Gestalten. Gemeint ist mit \u201ewild\u201c vor allem das Bedrohliche und Verborgene \u2013 also unwirtliche Gegenden wie Berge, Felsh\u00f6hlen, Schluchten und W\u00e4lder, wo die [&#8230;]\n","protected":false},"featured_media":33126,"template":"","meta":[],"product_brand":[],"product_cat":[21580],"product_tag":[],"class_list":{"0":"post-150736","1":"product","2":"type-product","3":"status-publish","4":"has-post-thumbnail","6":"product_cat-kunst-kultur","7":"pa_autor-steinegger","8":"pa_erscheinungsjahr-21568","9":"pa_region-schweiz","10":"pa_sprache-de","12":"first","13":"onbackorder","14":"taxable","15":"shipping-taxable","16":"purchasable","17":"product-type-simple"},"_links":{"self":[{"href":"https:\/\/pizbube.ch\/en\/wp-json\/wp\/v2\/product\/150736","targetHints":{"allow":["GET"]}}],"collection":[{"href":"https:\/\/pizbube.ch\/en\/wp-json\/wp\/v2\/product"}],"about":[{"href":"https:\/\/pizbube.ch\/en\/wp-json\/wp\/v2\/types\/product"}],"wp:featuredmedia":[{"embeddable":true,"href":"https:\/\/pizbube.ch\/en\/wp-json\/wp\/v2\/media\/33126"}],"wp:attachment":[{"href":"https:\/\/pizbube.ch\/en\/wp-json\/wp\/v2\/media?parent=150736"}],"wp:term":[{"taxonomy":"product_brand","embeddable":true,"href":"https:\/\/pizbube.ch\/en\/wp-json\/wp\/v2\/product_brand?post=150736"},{"taxonomy":"product_cat","embeddable":true,"href":"https:\/\/pizbube.ch\/en\/wp-json\/wp\/v2\/product_cat?post=150736"},{"taxonomy":"product_tag","embeddable":true,"href":"https:\/\/pizbube.ch\/en\/wp-json\/wp\/v2\/product_tag?post=150736"}],"curies":[{"name":"wp","href":"https:\/\/api.w.org\/{rel}","templated":true}]}}