{"id":150737,"date":"2021-01-15T11:03:10","date_gmt":"2021-01-15T11:03:10","guid":{"rendered":"https:\/\/codengine3.ch\/?product=import-placeholder-for-201064"},"modified":"2025-09-22T12:24:41","modified_gmt":"2025-09-22T10:24:41","slug":"das-murmeltier","status":"publish","type":"product","link":"https:\/\/pizbube.ch\/en\/shop\/das-murmeltier\/","title":{"rendered":"Das Murmeltier"},"content":{"rendered":"<p>Alles \u00fcber das &#8218;Murmeli&#8217;&#8230;<\/p>\n<p>Die umfassende Neubearbeitung der Brosch\u00fcre \u00fcber die Lebensweise dieses<br \/>\npopul\u00e4ren Nagers, der heute den ganzen Alpenbogen besiedelt, basiert auf<br \/>\nlangj\u00e4hriger kontinuierlicher Beobachtung und neuen Untersuchungen und<br \/>\nvermittelt das heutige Wissen \u00fcber das Alpenmurmeltier.<\/p>","protected":false},"excerpt":{"rendered":"<p>Alles \u00fcber das &#8218;Murmeli&#8217;&#8230; Die umfassende Neubearbeitung der Brosch\u00fcre \u00fcber die Lebensweise dieses popul\u00e4ren Nagers, der heute den ganzen Alpenbogen besiedelt, basiert auf langj\u00e4hriger kontinuierlicher Beobachtung und neuen Untersuchungen und vermittelt das heutige Wissen \u00fcber das Alpenmurmeltier.<\/p>","protected":false},"featured_media":36977,"template":"","meta":[],"product_brand":[],"product_cat":[21542],"product_tag":[],"class_list":{"0":"post-150737","1":"product","2":"type-product","3":"status-publish","4":"has-post-thumbnail","6":"product_cat-sachbuecher-dokumentationen","7":"pa_autor-mueller","8":"pa_erscheinungsjahr-22151","9":"pa_region-schweiz","10":"pa_sprache-de","12":"first","13":"outofstock","14":"taxable","15":"shipping-taxable","16":"purchasable","17":"product-type-simple"},"_links":{"self":[{"href":"https:\/\/pizbube.ch\/en\/wp-json\/wp\/v2\/product\/150737","targetHints":{"allow":["GET"]}}],"collection":[{"href":"https:\/\/pizbube.ch\/en\/wp-json\/wp\/v2\/product"}],"about":[{"href":"https:\/\/pizbube.ch\/en\/wp-json\/wp\/v2\/types\/product"}],"wp:featuredmedia":[{"embeddable":true,"href":"https:\/\/pizbube.ch\/en\/wp-json\/wp\/v2\/media\/36977"}],"wp:attachment":[{"href":"https:\/\/pizbube.ch\/en\/wp-json\/wp\/v2\/media?parent=150737"}],"wp:term":[{"taxonomy":"product_brand","embeddable":true,"href":"https:\/\/pizbube.ch\/en\/wp-json\/wp\/v2\/product_brand?post=150737"},{"taxonomy":"product_cat","embeddable":true,"href":"https:\/\/pizbube.ch\/en\/wp-json\/wp\/v2\/product_cat?post=150737"},{"taxonomy":"product_tag","embeddable":true,"href":"https:\/\/pizbube.ch\/en\/wp-json\/wp\/v2\/product_tag?post=150737"}],"curies":[{"name":"wp","href":"https:\/\/api.w.org\/{rel}","templated":true}]}}