{"id":150739,"date":"2021-01-15T11:03:10","date_gmt":"2021-01-15T11:03:10","guid":{"rendered":"https:\/\/codengine3.ch\/?product=import-placeholder-for-204227"},"modified":"2021-01-15T14:31:05","modified_gmt":"2021-01-15T14:31:05","slug":"steinboecke-lebensbilder","status":"publish","type":"product","link":"https:\/\/pizbube.ch\/en\/shop\/steinboecke-lebensbilder\/","title":{"rendered":"Steinb\u00f6cke &#8211; Lebensbilder"},"content":{"rendered":"<p>Sie sind unbestritten die K\u00f6nige der Alpen &#8211; die Steinb\u00f6cke. Fast das ganze<br \/>\nJahr leben sie \u00fcber der Waldgrenze in felsigen H\u00e4ngen zwischen 1600 und 3200<br \/>\nm. \u00fc. M. Mit ihrem imposanten Geh\u00f6rn faszinieren sie viele Menschen. Auch der<br \/>\npassionierte Bergg\u00e4nger Claus Kohlhammer wurde vom Steinbockfieber gepackt.<br \/>\nW\u00e4hrend Jahren ist er immer wieder den Spuren dieser majest\u00e4tischen Tiere<br \/>\ngefolgt. Herausgekommen ist ein wundersch\u00f6ner Bildband, der die Tiere in<br \/>\nverschiedensten Situationen zeigt. Erl\u00e4uterungen zur Lebensweise und zum<br \/>\nVerhalten machen das Buch zum idealen Einstieg f\u00fcr alle, die mehr \u00fcber<br \/>\nSteinb\u00f6cke erfahren m\u00f6chten. Texte auf Deutsch, Franz\u00f6sisch, Englisch. Zahlr.<br \/>\nFarbfotos. 80 S.<\/p>","protected":false},"excerpt":{"rendered":"<p>Sie sind unbestritten die K\u00f6nige der Alpen &#8211; die Steinb\u00f6cke. Fast das ganze Jahr leben sie \u00fcber der Waldgrenze in felsigen H\u00e4ngen zwischen 1600 und 3200 m. \u00fc. M. Mit ihrem imposanten Geh\u00f6rn faszinieren sie viele Menschen. Auch der passionierte Bergg\u00e4nger Claus Kohlhammer wurde vom Steinbockfieber gepackt. W\u00e4hrend Jahren ist er immer wieder den Spuren [&#8230;]\n","protected":false},"featured_media":32022,"template":"","meta":[],"product_brand":[],"product_cat":[21542],"product_tag":[],"class_list":{"0":"post-150739","1":"product","2":"type-product","3":"status-publish","4":"has-post-thumbnail","6":"product_cat-sachbuecher-dokumentationen","7":"pa_autor-kolhammer","8":"pa_erscheinungsjahr-21776","9":"pa_region-fauna-flora-geologie-glaziologie","10":"pa_sprache-d","11":"pa_sprache-e","12":"pa_sprache-f","14":"first","15":"instock","16":"taxable","17":"shipping-taxable","18":"purchasable","19":"product-type-simple"},"_links":{"self":[{"href":"https:\/\/pizbube.ch\/en\/wp-json\/wp\/v2\/product\/150739","targetHints":{"allow":["GET"]}}],"collection":[{"href":"https:\/\/pizbube.ch\/en\/wp-json\/wp\/v2\/product"}],"about":[{"href":"https:\/\/pizbube.ch\/en\/wp-json\/wp\/v2\/types\/product"}],"wp:featuredmedia":[{"embeddable":true,"href":"https:\/\/pizbube.ch\/en\/wp-json\/wp\/v2\/media\/32022"}],"wp:attachment":[{"href":"https:\/\/pizbube.ch\/en\/wp-json\/wp\/v2\/media?parent=150739"}],"wp:term":[{"taxonomy":"product_brand","embeddable":true,"href":"https:\/\/pizbube.ch\/en\/wp-json\/wp\/v2\/product_brand?post=150739"},{"taxonomy":"product_cat","embeddable":true,"href":"https:\/\/pizbube.ch\/en\/wp-json\/wp\/v2\/product_cat?post=150739"},{"taxonomy":"product_tag","embeddable":true,"href":"https:\/\/pizbube.ch\/en\/wp-json\/wp\/v2\/product_tag?post=150739"}],"curies":[{"name":"wp","href":"https:\/\/api.w.org\/{rel}","templated":true}]}}