{"id":150740,"date":"2021-01-15T11:03:10","date_gmt":"2021-01-15T11:03:10","guid":{"rendered":"https:\/\/codengine3.ch\/?product=import-placeholder-for-205680"},"modified":"2021-01-15T14:43:06","modified_gmt":"2021-01-15T14:43:06","slug":"der-alpensteinbock","status":"publish","type":"product","link":"https:\/\/pizbube.ch\/en\/shop\/der-alpensteinbock\/","title":{"rendered":"Der Alpensteinbock"},"content":{"rendered":"<p>Ein Leben \u00fcber dem Abgrund  <\/p>\n<p>Geburtszeit, Paarungszeit, Rangordnung, Wanderungen, Hornwachstum und das<br \/>\nVerh\u00e4ltnis zu Steinadler, Bartgeier, Fuchs und Wolf in Wort und Bild &#8211; der<br \/>\nBiologe und Naturfotograf Peter W. Baumann f\u00fchrt uns mit Fotos und Text durch<br \/>\ndas Leben des Alpensteinbocks.<br \/>\nSteinb\u00f6cke beginnen ihr Leben in eigernordwand\u00e4hnlichen Felsen. \u00dcber dem<br \/>\nAbgrund verbringen sie den Winter. Wenn die Zeit f\u00fcr das einzelne Tier<br \/>\ngekommen ist, verabschiedet es sich der Schwerkraft folgend fast unbemerkt von<br \/>\nden anderen. Um 1820 herum w\u00e4ren alle Alpensteinb\u00f6cke Europas beinahe im<br \/>\nAbgrund der Ausrottung versunken. Alle heute in den Alpen lebenden Steinb\u00f6cke<br \/>\nstammen von den hundert Tieren ab, die in Italien im 19. Jahrhundert \u00fcberlebt<br \/>\nhaben.  <\/p>","protected":false},"excerpt":{"rendered":"<p>Ein Leben \u00fcber dem Abgrund Geburtszeit, Paarungszeit, Rangordnung, Wanderungen, Hornwachstum und das Verh\u00e4ltnis zu Steinadler, Bartgeier, Fuchs und Wolf in Wort und Bild &#8211; der Biologe und Naturfotograf Peter W. Baumann f\u00fchrt uns mit Fotos und Text durch das Leben des Alpensteinbocks. Steinb\u00f6cke beginnen ihr Leben in eigernordwand\u00e4hnlichen Felsen. \u00dcber dem Abgrund verbringen sie den [&#8230;]\n","protected":false},"featured_media":34483,"template":"","meta":[],"product_brand":[],"product_cat":[21542],"product_tag":[],"class_list":{"0":"post-150740","1":"product","2":"type-product","3":"status-publish","4":"has-post-thumbnail","6":"product_cat-sachbuecher-dokumentationen","7":"pa_autor-baumann","8":"pa_erscheinungsjahr-21693","9":"pa_region-schweiz","10":"pa_sprache-de","12":"first","13":"instock","14":"taxable","15":"shipping-taxable","16":"purchasable","17":"product-type-simple"},"_links":{"self":[{"href":"https:\/\/pizbube.ch\/en\/wp-json\/wp\/v2\/product\/150740","targetHints":{"allow":["GET"]}}],"collection":[{"href":"https:\/\/pizbube.ch\/en\/wp-json\/wp\/v2\/product"}],"about":[{"href":"https:\/\/pizbube.ch\/en\/wp-json\/wp\/v2\/types\/product"}],"wp:featuredmedia":[{"embeddable":true,"href":"https:\/\/pizbube.ch\/en\/wp-json\/wp\/v2\/media\/34483"}],"wp:attachment":[{"href":"https:\/\/pizbube.ch\/en\/wp-json\/wp\/v2\/media?parent=150740"}],"wp:term":[{"taxonomy":"product_brand","embeddable":true,"href":"https:\/\/pizbube.ch\/en\/wp-json\/wp\/v2\/product_brand?post=150740"},{"taxonomy":"product_cat","embeddable":true,"href":"https:\/\/pizbube.ch\/en\/wp-json\/wp\/v2\/product_cat?post=150740"},{"taxonomy":"product_tag","embeddable":true,"href":"https:\/\/pizbube.ch\/en\/wp-json\/wp\/v2\/product_tag?post=150740"}],"curies":[{"name":"wp","href":"https:\/\/api.w.org\/{rel}","templated":true}]}}