{"id":150743,"date":"2021-01-15T11:03:10","date_gmt":"2021-01-15T11:03:10","guid":{"rendered":"https:\/\/codengine3.ch\/?product=import-placeholder-for-201442"},"modified":"2022-06-24T15:32:51","modified_gmt":"2022-06-24T13:32:51","slug":"wanderfuehrer-durch-den-schweizerischen-nationalpark","status":"publish","type":"product","link":"https:\/\/pizbube.ch\/en\/shop\/wanderfuehrer-durch-den-schweizerischen-nationalpark\/","title":{"rendered":"Wanderf\u00fchrer durch den Schweizerischen Nationalpark"},"content":{"rendered":"<p>Dieser Wanderf\u00fchrer beschreibt 21 Touren im Schweizerischen Nationalpark und<br \/>\nsteht Ihnen mit zahlreichen Informationen bei der Planung Ihrer Ausfl\u00fcge zur<br \/>\nSeite. Detaillierte Routenprofile erg\u00e4nzen den Text und zahlreiche Bilder<br \/>\nerm\u00f6glichen Ihnen interessante Ein- und Ausblicke. Sie lernen die<br \/>\nBesonderheiten des Nationalparks mit seiner reichen Tier- und Pflanzenwelt<br \/>\nkennen und erhalten Auskunft \u00fcber Entstehung und Entwicklung dieses<br \/>\neinzigartigen alpinen Schutzgebiets.<\/p>\n<p>2. \u00fcberarbeitete und erg\u00e4nzte Auflg., 160 S.<\/p>","protected":false},"excerpt":{"rendered":"<p>Dieser Wanderf\u00fchrer beschreibt 21 Touren im Schweizerischen Nationalpark und steht Ihnen mit zahlreichen Informationen bei der Planung Ihrer Ausfl\u00fcge zur Seite. Detaillierte Routenprofile erg\u00e4nzen den Text und zahlreiche Bilder erm\u00f6glichen Ihnen interessante Ein- und Ausblicke. Sie lernen die Besonderheiten des Nationalparks mit seiner reichen Tier- und Pflanzenwelt kennen und erhalten Auskunft \u00fcber Entstehung und Entwicklung [&#8230;]\n","protected":false},"featured_media":28786,"template":"","meta":[],"product_brand":[],"product_cat":[21605],"product_tag":[],"class_list":{"0":"post-150743","1":"product","2":"type-product","3":"status-publish","4":"has-post-thumbnail","6":"product_cat-wanderfuehrer-trekking","7":"pa_autor-robin","8":"pa_erscheinungsjahr-21920","9":"pa_region-schweiz","10":"pa_sprache-de","12":"first","13":"outofstock","14":"taxable","15":"shipping-taxable","16":"purchasable","17":"product-type-simple"},"_links":{"self":[{"href":"https:\/\/pizbube.ch\/en\/wp-json\/wp\/v2\/product\/150743","targetHints":{"allow":["GET"]}}],"collection":[{"href":"https:\/\/pizbube.ch\/en\/wp-json\/wp\/v2\/product"}],"about":[{"href":"https:\/\/pizbube.ch\/en\/wp-json\/wp\/v2\/types\/product"}],"wp:featuredmedia":[{"embeddable":true,"href":"https:\/\/pizbube.ch\/en\/wp-json\/wp\/v2\/media\/28786"}],"wp:attachment":[{"href":"https:\/\/pizbube.ch\/en\/wp-json\/wp\/v2\/media?parent=150743"}],"wp:term":[{"taxonomy":"product_brand","embeddable":true,"href":"https:\/\/pizbube.ch\/en\/wp-json\/wp\/v2\/product_brand?post=150743"},{"taxonomy":"product_cat","embeddable":true,"href":"https:\/\/pizbube.ch\/en\/wp-json\/wp\/v2\/product_cat?post=150743"},{"taxonomy":"product_tag","embeddable":true,"href":"https:\/\/pizbube.ch\/en\/wp-json\/wp\/v2\/product_tag?post=150743"}],"curies":[{"name":"wp","href":"https:\/\/api.w.org\/{rel}","templated":true}]}}