{"id":150746,"date":"2021-01-15T11:03:10","date_gmt":"2021-01-15T11:03:10","guid":{"rendered":"https:\/\/codengine3.ch\/?product=import-placeholder-for-205190"},"modified":"2021-01-15T14:39:22","modified_gmt":"2021-01-15T14:39:22","slug":"chasseur-de-cristal-crystal-hunters-dvd","status":"publish","type":"product","link":"https:\/\/pizbube.ch\/en\/shop\/chasseur-de-cristal-crystal-hunters-dvd\/","title":{"rendered":"Chasseur de Cristal \/ Crystal Hunters (DVD)"},"content":{"rendered":"<p>Les Cristalliers<br \/>\nDepuis presque 300 ans les cristalliers arpentent les montagnes \u00e0 la recherche<br \/>\nde tr\u00e9sors. Cette activit\u00e9 est longtemps rest\u00e9e secr\u00e8te et m\u00e9connue.<br \/>\nAujourd&#8217;hui, les cristalliers vous racontent leur histoire et leurs m\u00e9thodes.  <\/p>\n<p>Bienvenue \u00e0 riante vall\u00e9e<br \/>\nCette qu\u00eate du tr\u00e9sor des c\u00eemes est le r\u00e9cit d&#8217;une aventure personnelle : la<br \/>\nrecherche, \u00e0 la fois difficile et risqu\u00e9e, et la d\u00e9couverte d&#8217;une pierre<br \/>\nexceptionnelle dans un des plus beaux paysages d&#8217;Europe : le cristal de roche<br \/>\ndans le massif du Mont-Blanc.  <\/p>\n<p>Une balade aux cristaux<br \/>\nVenez partager la vie d&#8217;une \u00e9quipe de cristalliers franco-italienne dans un<br \/>\np\u00e9riple au coeur du massif du Mont-Blanc. De le vie en refuge aux bivouacs, de<br \/>\nla recherche \u00e0 la d\u00e9couverte de four \u00e0 cristaux&#8230;  <\/p>\n<p>Gr\u00e2ce \u00e0 ces trois films, les cristaux n&#8217;auront plus de secrets pour vous.  <\/p>\n<p>3 films de 26 minutes chacun; Bonus : diaporama 7 minutes  <\/p>","protected":false},"excerpt":{"rendered":"<p>Les Cristalliers Depuis presque 300 ans les cristalliers arpentent les montagnes \u00e0 la recherche de tr\u00e9sors. Cette activit\u00e9 est longtemps rest\u00e9e secr\u00e8te et m\u00e9connue. Aujourd&#8217;hui, les cristalliers vous racontent leur histoire et leurs m\u00e9thodes. Bienvenue \u00e0 riante vall\u00e9e Cette qu\u00eate du tr\u00e9sor des c\u00eemes est le r\u00e9cit d&#8217;une aventure personnelle : la recherche, \u00e0 la [&#8230;]\n","protected":false},"featured_media":33821,"template":"","meta":[],"product_brand":[],"product_cat":[21628],"product_tag":[],"class_list":{"0":"post-150746","1":"product","2":"type-product","3":"status-publish","4":"has-post-thumbnail","6":"product_cat-video-dvd-multimedia","7":"pa_autor-vpd","8":"pa_erscheinungsjahr-21842","9":"pa_region-frankreich","10":"pa_sprache-e","11":"pa_sprache-f","13":"first","14":"instock","15":"taxable","16":"shipping-taxable","17":"purchasable","18":"product-type-simple"},"_links":{"self":[{"href":"https:\/\/pizbube.ch\/en\/wp-json\/wp\/v2\/product\/150746","targetHints":{"allow":["GET"]}}],"collection":[{"href":"https:\/\/pizbube.ch\/en\/wp-json\/wp\/v2\/product"}],"about":[{"href":"https:\/\/pizbube.ch\/en\/wp-json\/wp\/v2\/types\/product"}],"wp:featuredmedia":[{"embeddable":true,"href":"https:\/\/pizbube.ch\/en\/wp-json\/wp\/v2\/media\/33821"}],"wp:attachment":[{"href":"https:\/\/pizbube.ch\/en\/wp-json\/wp\/v2\/media?parent=150746"}],"wp:term":[{"taxonomy":"product_brand","embeddable":true,"href":"https:\/\/pizbube.ch\/en\/wp-json\/wp\/v2\/product_brand?post=150746"},{"taxonomy":"product_cat","embeddable":true,"href":"https:\/\/pizbube.ch\/en\/wp-json\/wp\/v2\/product_cat?post=150746"},{"taxonomy":"product_tag","embeddable":true,"href":"https:\/\/pizbube.ch\/en\/wp-json\/wp\/v2\/product_tag?post=150746"}],"curies":[{"name":"wp","href":"https:\/\/api.w.org\/{rel}","templated":true}]}}