{"id":150755,"date":"2021-01-15T11:03:15","date_gmt":"2021-01-15T11:03:15","guid":{"rendered":"https:\/\/codengine3.ch\/?product=import-placeholder-for-207932"},"modified":"2021-01-15T17:00:12","modified_gmt":"2021-01-15T17:00:12","slug":"alta-via-val-di-susa","status":"publish","type":"product","link":"https:\/\/pizbube.ch\/en\/shop\/alta-via-val-di-susa\/","title":{"rendered":"Alta Via Val di Susa"},"content":{"rendered":"<p>Via Alta Val di Susa &#8211; Wandern im Piemont<\/p>\n<p>Das piemontesische Susatal, eigentlich eher bekannt als Skigebiet, verf\u00fcgt<br \/>\nauch \u00fcber einen sehr attraktiven Wanderweg, die Alta Via Val di Susa. Der Weg<br \/>\nf\u00fchrt \u00fcber 7 Etappen von Bardonecchia im Alta Valle Susa ins Bassa Valle Susa.<br \/>\nEr leitet Sie dabei \u00fcber hochalpine Strecken, die teilweise oberhalb von 3.000<br \/>\nMetern verlaufen.<\/p>\n<p>Der Wanderf\u00fchrer enth\u00e4lt die ausf\u00fchrliche Wegbeschreibung, alle<br \/>\n\u00dcbersichtsskizzen und Wegprofile (schwarz\/wei\u00df) sowie ein umfangreiches<br \/>\nVerzeichnis von \u00dcbernachtungsm\u00f6glichkeiten und der H\u00fctten am Weg.<\/p>","protected":false},"excerpt":{"rendered":"<p>Via Alta Val di Susa &#8211; Wandern im Piemont Das piemontesische Susatal, eigentlich eher bekannt als Skigebiet, verf\u00fcgt auch \u00fcber einen sehr attraktiven Wanderweg, die Alta Via Val di Susa. Der Weg f\u00fchrt \u00fcber 7 Etappen von Bardonecchia im Alta Valle Susa ins Bassa Valle Susa. Er leitet Sie dabei \u00fcber hochalpine Strecken, die teilweise [&#8230;]\n","protected":false},"featured_media":38873,"template":"","meta":[],"product_brand":[],"product_cat":[21605],"product_tag":[],"class_list":{"0":"post-150755","1":"product","2":"type-product","3":"status-publish","4":"has-post-thumbnail","6":"product_cat-wanderfuehrer-trekking","7":"pa_autor-bade-mikuteit","8":"pa_erscheinungsjahr-21621","9":"pa_region-italien","10":"pa_sprache-de","12":"first","13":"outofstock","14":"taxable","15":"shipping-taxable","16":"purchasable","17":"product-type-simple"},"_links":{"self":[{"href":"https:\/\/pizbube.ch\/en\/wp-json\/wp\/v2\/product\/150755","targetHints":{"allow":["GET"]}}],"collection":[{"href":"https:\/\/pizbube.ch\/en\/wp-json\/wp\/v2\/product"}],"about":[{"href":"https:\/\/pizbube.ch\/en\/wp-json\/wp\/v2\/types\/product"}],"wp:featuredmedia":[{"embeddable":true,"href":"https:\/\/pizbube.ch\/en\/wp-json\/wp\/v2\/media\/38873"}],"wp:attachment":[{"href":"https:\/\/pizbube.ch\/en\/wp-json\/wp\/v2\/media?parent=150755"}],"wp:term":[{"taxonomy":"product_brand","embeddable":true,"href":"https:\/\/pizbube.ch\/en\/wp-json\/wp\/v2\/product_brand?post=150755"},{"taxonomy":"product_cat","embeddable":true,"href":"https:\/\/pizbube.ch\/en\/wp-json\/wp\/v2\/product_cat?post=150755"},{"taxonomy":"product_tag","embeddable":true,"href":"https:\/\/pizbube.ch\/en\/wp-json\/wp\/v2\/product_tag?post=150755"}],"curies":[{"name":"wp","href":"https:\/\/api.w.org\/{rel}","templated":true}]}}