{"id":150765,"date":"2021-01-15T11:03:16","date_gmt":"2021-01-15T11:03:16","guid":{"rendered":"https:\/\/codengine3.ch\/?product=import-placeholder-for-205167"},"modified":"2022-12-29T15:28:37","modified_gmt":"2022-12-29T14:28:37","slug":"patagonien-und-feuerland","status":"publish","type":"product","link":"https:\/\/pizbube.ch\/en\/shop\/patagonien-und-feuerland\/","title":{"rendered":"Patagonien und Feuerland"},"content":{"rendered":"<p>Vor fast 500 Jahren, im Jahre 1520, segelte der portugiesische Seefahrer<br \/>\nFerdinand Magellan als erster Europ\u00e4er an die S\u00fcdspitze S\u00fcdamerikas. Auf der<br \/>\nSuche nach einer Passage zu den Gew\u00fcrzinseln Hinterindiens entdeckte er ein<br \/>\nLand, dessen Klang noch heute die Sehnsucht von Reisenden entfacht:<br \/>\nPatagonien.<br \/>\nPatagonien, wie wir es heute kennen, ist eine geographische Bezeichnung f\u00fcr<br \/>\nden S\u00fcden Lateinamerikas. Vier F\u00fcnftel des Gebietes geh\u00f6ren zu Argentinien,<br \/>\ndessen Anteil im Westen von den Vulkanen und Zinnen der Andenkordillere und im<br \/>\nOsten vom Atlantik begrenzt wird. Dazwischen liegt das patagonische Tafelland,<br \/>\nd\u00fcrre staubige Ebenen, in denen das Auge keinen Halt zu finden scheint.<br \/>\nTrotzdem ist es gerade die Leere dieser Landschaft, die die Gef\u00fchle der<br \/>\nMenschen bestimmt. Im scharfen Kontrast zum patagonischen Tafelland stehen die<br \/>\nchilenischen Anden. Wie eine Fata Morgana ragen sie \u00fcber der endlosen Steppe<br \/>\nauf.<\/p>\n<p>Zu Granit gewordene Klettertr\u00e4ume, deren Anblick bei jedem gegen\u00fcber<br \/>\nNatursch\u00f6nheiten empf\u00e4nglichen Menschen eine tiefe Ergriffenheit hinterl\u00e4sst.<br \/>\nDie Westseite der Anden geh\u00f6rt zu den niederschlagreichsten Gebieten der Erde.<br \/>\nSelten zeigt sich hier die Sonne, ein undurchdringlicher Regenwald bedeckt<br \/>\ntrotz Durchschnittstemperaturen von gerade mal 5\u00b0C die H\u00e4nge. Diesen Wald<br \/>\nanzuschauen, ist ein Traum, ihn durchqueren zu m\u00fcssen, hingegen ein Alptraum.<br \/>\nDas beherrschende Element Patagoniens, egal wo, ist jedoch der Wind. Stets aus<br \/>\nWesten st\u00fcrmend, sorgt er f\u00fcr einen Himmel, dessen Reinheit und Farbintensit\u00e4t<br \/>\nden besonderen Reiz dieser Gegend am Ende der Welt ausmacht.<\/p>\n<p>Mit 7 Seiten Klettertopos von Cerro Torre, Fitz Roy, Torres del Paine, Aguja<br \/>\nGuillaumet, Poincenot, Saint Exup\u00e9ry.<\/p>","protected":false},"excerpt":{"rendered":"<p>Vor fast 500 Jahren, im Jahre 1520, segelte der portugiesische Seefahrer Ferdinand Magellan als erster Europ\u00e4er an die S\u00fcdspitze S\u00fcdamerikas. Auf der Suche nach einer Passage zu den Gew\u00fcrzinseln Hinterindiens entdeckte er ein Land, dessen Klang noch heute die Sehnsucht von Reisenden entfacht: Patagonien. Patagonien, wie wir es heute kennen, ist eine geographische Bezeichnung f\u00fcr [&#8230;]\n","protected":false},"featured_media":33793,"template":"","meta":[],"product_brand":[],"product_cat":[21542],"product_tag":[],"class_list":{"0":"post-150765","1":"product","2":"type-product","3":"status-publish","4":"has-post-thumbnail","6":"product_cat-sachbuecher-dokumentationen","7":"pa_autor-gantzhorn","8":"pa_erscheinungsjahr-21842","9":"pa_region-amerika-sued","10":"pa_sprache-de","12":"first","13":"outofstock","14":"taxable","15":"shipping-taxable","16":"purchasable","17":"product-type-simple"},"_links":{"self":[{"href":"https:\/\/pizbube.ch\/en\/wp-json\/wp\/v2\/product\/150765","targetHints":{"allow":["GET"]}}],"collection":[{"href":"https:\/\/pizbube.ch\/en\/wp-json\/wp\/v2\/product"}],"about":[{"href":"https:\/\/pizbube.ch\/en\/wp-json\/wp\/v2\/types\/product"}],"wp:featuredmedia":[{"embeddable":true,"href":"https:\/\/pizbube.ch\/en\/wp-json\/wp\/v2\/media\/33793"}],"wp:attachment":[{"href":"https:\/\/pizbube.ch\/en\/wp-json\/wp\/v2\/media?parent=150765"}],"wp:term":[{"taxonomy":"product_brand","embeddable":true,"href":"https:\/\/pizbube.ch\/en\/wp-json\/wp\/v2\/product_brand?post=150765"},{"taxonomy":"product_cat","embeddable":true,"href":"https:\/\/pizbube.ch\/en\/wp-json\/wp\/v2\/product_cat?post=150765"},{"taxonomy":"product_tag","embeddable":true,"href":"https:\/\/pizbube.ch\/en\/wp-json\/wp\/v2\/product_tag?post=150765"}],"curies":[{"name":"wp","href":"https:\/\/api.w.org\/{rel}","templated":true}]}}