{"id":150779,"date":"2021-01-15T11:03:17","date_gmt":"2021-01-15T11:03:17","guid":{"rendered":"https:\/\/codengine3.ch\/?product=import-placeholder-for-201082"},"modified":"2021-01-15T11:03:22","modified_gmt":"2021-01-15T11:03:22","slug":"kleines-alpen-lexikon","status":"publish","type":"product","link":"https:\/\/pizbube.ch\/en\/shop\/kleines-alpen-lexikon\/","title":{"rendered":"Kleines Alpen Lexikon"},"content":{"rendered":"<p>Umwelt- Wirtschaft- Kultur:<br \/>\nDieses Lexikon ist gedacht f\u00fcr  <\/p>\n<p>Bergwanderer, Bergsteiger, Langl\u00e4ufer, Skifahrer und f\u00fcr alle anderen Besucher<br \/>\nder Alpen.<br \/>\ndie Bev\u00f6lkerung der Alpent\u00e4ler, f\u00fcr die zahllosen B\u00fcrgerinitiativen, Projekt-,<br \/>\nTransit-, Kulturgruppen, Landwirtschafts-, Handwerks- und<br \/>\nTourismusinitiativen, f\u00fcr Politiker der verschiedenen Ebenen, die ihre lokale<br \/>\nSituation und ihre konkreten Probleme bewu\u00dft in den gro\u00dfen alpenweiten<br \/>\nZusammenhang stellen wollen.<br \/>\nalle Spezialisten, die sich mit den Alpen besch\u00e4ftigen und die sich zwar in<br \/>\nihrem eigenen Fachgebiet sehr gut auskennen, aber Grundinformationen \u00fcber die<br \/>\nanderen Bereiche suchen, weil diese ihre Thematik mitbeeinflussen.<br \/>\nall diejenigen, die die Alpen als Vorreiter einer nachhaltigen Entwicklung und<br \/>\neiner Regionalisierung Europas n\u00e4her kennenlernen m\u00f6chten.  <\/p>","protected":false},"excerpt":{"rendered":"<p>Umwelt- Wirtschaft- Kultur: Dieses Lexikon ist gedacht f\u00fcr Bergwanderer, Bergsteiger, Langl\u00e4ufer, Skifahrer und f\u00fcr alle anderen Besucher der Alpen. die Bev\u00f6lkerung der Alpent\u00e4ler, f\u00fcr die zahllosen B\u00fcrgerinitiativen, Projekt-, Transit-, Kulturgruppen, Landwirtschafts-, Handwerks- und Tourismusinitiativen, f\u00fcr Politiker der verschiedenen Ebenen, die ihre lokale Situation und ihre konkreten Probleme bewu\u00dft in den gro\u00dfen alpenweiten Zusammenhang stellen wollen. [&#8230;]\n","protected":false},"featured_media":28237,"template":"","meta":[],"product_brand":[],"product_cat":[21542],"product_tag":[],"class_list":{"0":"post-150779","1":"product","2":"type-product","3":"status-publish","4":"has-post-thumbnail","6":"product_cat-sachbuecher-dokumentationen","7":"pa_autor-baetzing","8":"pa_erscheinungsjahr-22133","9":"pa_region-deutschland","10":"pa_sprache-de","12":"first","13":"instock","14":"taxable","15":"shipping-taxable","16":"purchasable","17":"product-type-simple"},"_links":{"self":[{"href":"https:\/\/pizbube.ch\/en\/wp-json\/wp\/v2\/product\/150779","targetHints":{"allow":["GET"]}}],"collection":[{"href":"https:\/\/pizbube.ch\/en\/wp-json\/wp\/v2\/product"}],"about":[{"href":"https:\/\/pizbube.ch\/en\/wp-json\/wp\/v2\/types\/product"}],"wp:featuredmedia":[{"embeddable":true,"href":"https:\/\/pizbube.ch\/en\/wp-json\/wp\/v2\/media\/28237"}],"wp:attachment":[{"href":"https:\/\/pizbube.ch\/en\/wp-json\/wp\/v2\/media?parent=150779"}],"wp:term":[{"taxonomy":"product_brand","embeddable":true,"href":"https:\/\/pizbube.ch\/en\/wp-json\/wp\/v2\/product_brand?post=150779"},{"taxonomy":"product_cat","embeddable":true,"href":"https:\/\/pizbube.ch\/en\/wp-json\/wp\/v2\/product_cat?post=150779"},{"taxonomy":"product_tag","embeddable":true,"href":"https:\/\/pizbube.ch\/en\/wp-json\/wp\/v2\/product_tag?post=150779"}],"curies":[{"name":"wp","href":"https:\/\/api.w.org\/{rel}","templated":true}]}}