{"id":150780,"date":"2021-01-15T11:03:17","date_gmt":"2021-01-15T11:03:17","guid":{"rendered":"https:\/\/codengine3.ch\/?product=import-placeholder-for-203008"},"modified":"2025-09-30T14:16:25","modified_gmt":"2025-09-30T12:16:25","slug":"grande-traversata-delle-alpi-gta-teil-1-der-norden","status":"publish","type":"product","link":"https:\/\/pizbube.ch\/en\/shop\/grande-traversata-delle-alpi-gta-teil-1-der-norden\/","title":{"rendered":"Grande Traversata delle Alpi GTA Teil 1 Der Norden"},"content":{"rendered":"<p>Der Weitwanderweg Grande Traversata delle Alpi\/GTA, f\u00fchrt durch die gesamten<br \/>\npiemontesischen Alpen von den Walliser Alpen im Norden bis zu den ligurischen<br \/>\nAlpen im S\u00fcden. Dabei quert er fast immer Alpent\u00e4ler, deren Bev\u00f6lkerung<br \/>\ndramatisch zur\u00fcckgeht. Die GTA ist inzwischen vom fr\u00fcheren Geheimtipp zu einem<br \/>\nder bekanntesten Beispiele f\u00fcr einen sanften Tourismus geworden.<\/p>\n<p>Der erste Teil der Grande Traversate delle Alpi (GTA) f\u00fchrt von der Schweizer<br \/>\nGrenze im S\u00fcden des Wallis durch den wilden Nationalpark Gran Paradiso bis ins<br \/>\nSusa-Tal westlich von Turin. Die Route verl\u00e4uft auf 34 Tagesetappen stets auf<br \/>\nalten Wegen, \u00fcbernachten kann man in sogenannten Posti tappa, die von<br \/>\nEinheimischen gef\u00fchrt werden.<\/p>\n<p>Die beiden B\u00e4nde des Wanderklassikers wurden f\u00fcr diese 8. Auflage komplett<br \/>\n\u00fcberarbeitet und auf den neuesten Stand gebracht. Sie beschreiben den<br \/>\nWegverlauf und bieten alle Informationen, die GTA-Wandernde ben\u00f6tigen. Dar\u00fcber<br \/>\nhinaus vermitteln sie ein umfassendes Hintergrundwissen \u00fcber die<br \/>\ndurchwanderten Regionen.<\/p>\n<p>9. Auflg. 2024<\/p>","protected":false},"excerpt":{"rendered":"<p>Der Weitwanderweg Grande Traversata delle Alpi\/GTA, f\u00fchrt durch die gesamten piemontesischen Alpen von den Walliser Alpen im Norden bis zu den ligurischen Alpen im S\u00fcden. Dabei quert er fast immer Alpent\u00e4ler, deren Bev\u00f6lkerung dramatisch zur\u00fcckgeht. Die GTA ist inzwischen vom fr\u00fcheren Geheimtipp zu einem der bekanntesten Beispiele f\u00fcr einen sanften Tourismus geworden. Der erste Teil [&#8230;]\n","protected":false},"featured_media":158171,"template":"","meta":[],"product_brand":[],"product_cat":[21605],"product_tag":[],"class_list":{"0":"post-150780","1":"product","2":"type-product","3":"status-publish","4":"has-post-thumbnail","6":"product_cat-wanderfuehrer-trekking","7":"pa_autor-baetzing","8":"pa_erscheinungsjahr-21546","9":"pa_region-italien","10":"pa_sprache-de","12":"first","13":"instock","14":"taxable","15":"shipping-taxable","16":"purchasable","17":"product-type-simple"},"_links":{"self":[{"href":"https:\/\/pizbube.ch\/en\/wp-json\/wp\/v2\/product\/150780","targetHints":{"allow":["GET"]}}],"collection":[{"href":"https:\/\/pizbube.ch\/en\/wp-json\/wp\/v2\/product"}],"about":[{"href":"https:\/\/pizbube.ch\/en\/wp-json\/wp\/v2\/types\/product"}],"wp:featuredmedia":[{"embeddable":true,"href":"https:\/\/pizbube.ch\/en\/wp-json\/wp\/v2\/media\/158171"}],"wp:attachment":[{"href":"https:\/\/pizbube.ch\/en\/wp-json\/wp\/v2\/media?parent=150780"}],"wp:term":[{"taxonomy":"product_brand","embeddable":true,"href":"https:\/\/pizbube.ch\/en\/wp-json\/wp\/v2\/product_brand?post=150780"},{"taxonomy":"product_cat","embeddable":true,"href":"https:\/\/pizbube.ch\/en\/wp-json\/wp\/v2\/product_cat?post=150780"},{"taxonomy":"product_tag","embeddable":true,"href":"https:\/\/pizbube.ch\/en\/wp-json\/wp\/v2\/product_tag?post=150780"}],"curies":[{"name":"wp","href":"https:\/\/api.w.org\/{rel}","templated":true}]}}