{"id":150781,"date":"2021-01-15T11:03:17","date_gmt":"2021-01-15T11:03:17","guid":{"rendered":"https:\/\/codengine3.ch\/?product=import-placeholder-for-208749"},"modified":"2021-01-15T17:57:24","modified_gmt":"2021-01-15T17:57:24","slug":"die-schweizerischen-berggebiete-in-der-politik","status":"publish","type":"product","link":"https:\/\/pizbube.ch\/en\/shop\/die-schweizerischen-berggebiete-in-der-politik\/","title":{"rendered":"Die schweizerischen Berggebiete in der Politik"},"content":{"rendered":"<p>Die Berge sind seit \u00fcber 150 Jahren ein bedeutendes Thema in der Schweizer<br \/>\nPolitiklandschaft. Seit Mitte des 19. Jahrhunderts pr\u00e4gen sie massgeblich das<br \/>\nNationalbewusstsein, stellen eine wichtige touristische Ressource dar und<br \/>\nwaren insbesondere seit den 1920er-Jahren viele Male Gegenstand der<br \/>\n\u00f6ffentlichen Politik sowie unz\u00e4hliger Kontroversen.<\/p>\n<p>Dieses Buch gibt einen \u00dcberblick \u00fcber die verschiedenen Formen der<br \/>\nPolitisierung der Berge in der Schweiz. Die Initiativen zur<br \/>\nWaldbewirtschaftung im 19. Jahrhundert finden ebenso Aufmerksamkeit wie<br \/>\nMassnahmen, die zwischen den beiden Weltkriegen zugunsten der Bergbev\u00f6lkerung<br \/>\ngetroffen wurden. Doch auch und vor allem aktuelle Themen stehen im<br \/>\nMittelpunkt: etwa die Alpenkonvention, die TransJurassische Konferenz,<br \/>\nInitiativen zum alpenquerenden Verkehr oder zu Zweitwohnungen sowie der Anfang<br \/>\ndes neuen Jahrtausends einsetzende tief greifende Wandel in der Regional-,<br \/>\nAgrar- und Umweltpolitik. Zu einem Zeitpunkt, da auf Bundesebene immer mehr<br \/>\nRaum f\u00fcr neue Betrachtungen besteht, vermittelt dieses Buch die n\u00f6tigen<br \/>\nKenntnisse zum Umgang der Schweizer Politik mit dem Thema Berge.<\/p>","protected":false},"excerpt":{"rendered":"<p>Die Berge sind seit \u00fcber 150 Jahren ein bedeutendes Thema in der Schweizer Politiklandschaft. Seit Mitte des 19. Jahrhunderts pr\u00e4gen sie massgeblich das Nationalbewusstsein, stellen eine wichtige touristische Ressource dar und waren insbesondere seit den 1920er-Jahren viele Male Gegenstand der \u00f6ffentlichen Politik sowie unz\u00e4hliger Kontroversen. Dieses Buch gibt einen \u00dcberblick \u00fcber die verschiedenen Formen der [&#8230;]\n","protected":false},"featured_media":41244,"template":"","meta":[],"product_brand":[],"product_cat":[21542],"product_tag":[],"class_list":{"0":"post-150781","1":"product","2":"type-product","3":"status-publish","4":"has-post-thumbnail","6":"product_cat-sachbuecher-dokumentationen","7":"pa_autor-rudaz-debarbieux","8":"pa_erscheinungsjahr-21550","9":"pa_region-schweiz","10":"pa_sprache-de","12":"first","13":"instock","14":"taxable","15":"shipping-taxable","16":"purchasable","17":"product-type-simple"},"_links":{"self":[{"href":"https:\/\/pizbube.ch\/en\/wp-json\/wp\/v2\/product\/150781","targetHints":{"allow":["GET"]}}],"collection":[{"href":"https:\/\/pizbube.ch\/en\/wp-json\/wp\/v2\/product"}],"about":[{"href":"https:\/\/pizbube.ch\/en\/wp-json\/wp\/v2\/types\/product"}],"wp:featuredmedia":[{"embeddable":true,"href":"https:\/\/pizbube.ch\/en\/wp-json\/wp\/v2\/media\/41244"}],"wp:attachment":[{"href":"https:\/\/pizbube.ch\/en\/wp-json\/wp\/v2\/media?parent=150781"}],"wp:term":[{"taxonomy":"product_brand","embeddable":true,"href":"https:\/\/pizbube.ch\/en\/wp-json\/wp\/v2\/product_brand?post=150781"},{"taxonomy":"product_cat","embeddable":true,"href":"https:\/\/pizbube.ch\/en\/wp-json\/wp\/v2\/product_cat?post=150781"},{"taxonomy":"product_tag","embeddable":true,"href":"https:\/\/pizbube.ch\/en\/wp-json\/wp\/v2\/product_tag?post=150781"}],"curies":[{"name":"wp","href":"https:\/\/api.w.org\/{rel}","templated":true}]}}