{"id":150782,"date":"2021-01-15T11:03:17","date_gmt":"2021-01-15T11:03:17","guid":{"rendered":"https:\/\/codengine3.ch\/?product=import-placeholder-for-201083"},"modified":"2021-01-15T11:03:22","modified_gmt":"2021-01-15T11:03:22","slug":"schauplatz-alpen","status":"publish","type":"product","link":"https:\/\/pizbube.ch\/en\/shop\/schauplatz-alpen\/","title":{"rendered":"Schauplatz Alpen"},"content":{"rendered":"<p>Gratwanderung in eine Europ\u00e4ische Zukunft: Zwei ausgewiesene Alpenkenner<br \/>\nbegeben sich auf Gratwanderung: zwischen \u00fcberkommenem Alpenmythos und neuem<br \/>\nAlpenbild, zwischen Eigenst\u00e4ndigkeit und Abh\u00e4ngigkeit des Alpenraums, zwischen<br \/>\nberglerischem Isolationismus und alpin-europ\u00e4ischer Kooperation. Ein Fach- und<br \/>\nLehrbuch mit Texten, Schaubildern, Fotos und Karten zur Modellregion Alpen.  <\/p>","protected":false},"excerpt":{"rendered":"<p>Gratwanderung in eine Europ\u00e4ische Zukunft: Zwei ausgewiesene Alpenkenner begeben sich auf Gratwanderung: zwischen \u00fcberkommenem Alpenmythos und neuem Alpenbild, zwischen Eigenst\u00e4ndigkeit und Abh\u00e4ngigkeit des Alpenraums, zwischen berglerischem Isolationismus und alpin-europ\u00e4ischer Kooperation. Ein Fach- und Lehrbuch mit Texten, Schaubildern, Fotos und Karten zur Modellregion Alpen.<\/p>","protected":false},"featured_media":28238,"template":"","meta":[],"product_brand":[],"product_cat":[21542],"product_tag":[],"class_list":{"0":"post-150782","1":"product","2":"type-product","3":"status-publish","4":"has-post-thumbnail","6":"product_cat-sachbuecher-dokumentationen","7":"pa_autor-glauser-siegrist","8":"pa_erscheinungsjahr-22133","9":"pa_region-schweiz","10":"pa_sprache-de","12":"first","13":"instock","14":"taxable","15":"shipping-taxable","16":"purchasable","17":"product-type-simple"},"_links":{"self":[{"href":"https:\/\/pizbube.ch\/en\/wp-json\/wp\/v2\/product\/150782","targetHints":{"allow":["GET"]}}],"collection":[{"href":"https:\/\/pizbube.ch\/en\/wp-json\/wp\/v2\/product"}],"about":[{"href":"https:\/\/pizbube.ch\/en\/wp-json\/wp\/v2\/types\/product"}],"wp:featuredmedia":[{"embeddable":true,"href":"https:\/\/pizbube.ch\/en\/wp-json\/wp\/v2\/media\/28238"}],"wp:attachment":[{"href":"https:\/\/pizbube.ch\/en\/wp-json\/wp\/v2\/media?parent=150782"}],"wp:term":[{"taxonomy":"product_brand","embeddable":true,"href":"https:\/\/pizbube.ch\/en\/wp-json\/wp\/v2\/product_brand?post=150782"},{"taxonomy":"product_cat","embeddable":true,"href":"https:\/\/pizbube.ch\/en\/wp-json\/wp\/v2\/product_cat?post=150782"},{"taxonomy":"product_tag","embeddable":true,"href":"https:\/\/pizbube.ch\/en\/wp-json\/wp\/v2\/product_tag?post=150782"}],"curies":[{"name":"wp","href":"https:\/\/api.w.org\/{rel}","templated":true}]}}