{"id":150784,"date":"2021-01-15T11:03:22","date_gmt":"2021-01-15T11:03:22","guid":{"rendered":"https:\/\/codengine3.ch\/?product=import-placeholder-for-201084"},"modified":"2021-01-15T11:03:25","modified_gmt":"2021-01-15T11:03:25","slug":"le-haut-atlas","status":"publish","type":"product","link":"https:\/\/pizbube.ch\/en\/shop\/le-haut-atlas\/","title":{"rendered":"Le Haut- Atlas"},"content":{"rendered":"<p>Le Haut-Atlas : la montagne des montagnes Conseils pratiques et divers<br \/>\nRandonn\u00e9e p\u00e9destre &#8211; Maroc &#8211; Haut Atlas Randonn\u00e9e \u00e9questre.  <\/p>\n<p>Dokumentation und Tourenvorschl\u00e4ge: TOUBKAL, MGOUN, MOURIQ, AYYACHI. Mit<br \/>\nH\u00f6henprofilen, Farbfotos und weiterf\u00fchrenden Infos.<\/p>","protected":false},"excerpt":{"rendered":"<p>Le Haut-Atlas : la montagne des montagnes Conseils pratiques et divers Randonn\u00e9e p\u00e9destre &#8211; Maroc &#8211; Haut Atlas Randonn\u00e9e \u00e9questre. Dokumentation und Tourenvorschl\u00e4ge: TOUBKAL, MGOUN, MOURIQ, AYYACHI. Mit H\u00f6henprofilen, Farbfotos und weiterf\u00fchrenden Infos.<\/p>","protected":false},"featured_media":28239,"template":"","meta":[],"product_brand":[],"product_cat":[21542],"product_tag":[],"class_list":{"0":"post-150784","1":"product","2":"type-product","3":"status-publish","4":"has-post-thumbnail","6":"product_cat-sachbuecher-dokumentationen","7":"pa_autor-fougerolles","8":"pa_erscheinungsjahr-22154","9":"pa_region-afrika","10":"pa_sprache-fr","12":"first","13":"instock","14":"taxable","15":"shipping-taxable","16":"purchasable","17":"product-type-simple"},"_links":{"self":[{"href":"https:\/\/pizbube.ch\/en\/wp-json\/wp\/v2\/product\/150784","targetHints":{"allow":["GET"]}}],"collection":[{"href":"https:\/\/pizbube.ch\/en\/wp-json\/wp\/v2\/product"}],"about":[{"href":"https:\/\/pizbube.ch\/en\/wp-json\/wp\/v2\/types\/product"}],"wp:featuredmedia":[{"embeddable":true,"href":"https:\/\/pizbube.ch\/en\/wp-json\/wp\/v2\/media\/28239"}],"wp:attachment":[{"href":"https:\/\/pizbube.ch\/en\/wp-json\/wp\/v2\/media?parent=150784"}],"wp:term":[{"taxonomy":"product_brand","embeddable":true,"href":"https:\/\/pizbube.ch\/en\/wp-json\/wp\/v2\/product_brand?post=150784"},{"taxonomy":"product_cat","embeddable":true,"href":"https:\/\/pizbube.ch\/en\/wp-json\/wp\/v2\/product_cat?post=150784"},{"taxonomy":"product_tag","embeddable":true,"href":"https:\/\/pizbube.ch\/en\/wp-json\/wp\/v2\/product_tag?post=150784"}],"curies":[{"name":"wp","href":"https:\/\/api.w.org\/{rel}","templated":true}]}}