{"id":150789,"date":"2021-01-15T11:03:22","date_gmt":"2021-01-15T11:03:22","guid":{"rendered":"https:\/\/codengine3.ch\/?product=import-placeholder-for-205575"},"modified":"2021-01-15T14:42:19","modified_gmt":"2021-01-15T14:42:19","slug":"toubkal-guia-de-ascensiones-y-escaladas","status":"publish","type":"product","link":"https:\/\/pizbube.ch\/en\/shop\/toubkal-guia-de-ascensiones-y-escaladas\/","title":{"rendered":"Toubkal Gu\u00eda de ascensiones y escaladas"},"content":{"rendered":"<p>Esta gu\u00eda propone, de hecho todas aquellas actividades que se pueden realizar<br \/>\nen el \u00e1mbito geogr\u00e1fico de los circos del Toubkal y del Tazagh\u00e2rt, donde se<br \/>\nconcentran la totalidad de los cuatromiles del Atlas, a excepci\u00f3n del lejano<br \/>\nM&#8217;Goum. Entre sus p\u00e1ginas encontrar\u00e1s desde los m\u00e1s cl\u00e1sicos trekkings que<br \/>\nrecorren el Toubkal, hasta las numerosas rutas de alpinismo que incluyen<br \/>\nescaladas en crester\u00edos y aristas, v\u00edas de roca y ascensiones sobre nieve y<br \/>\nhielo.  <\/p>\n<p>Las rutas descritas en esta gu\u00eda engloban actividades que se realizan a lo<br \/>\nlargo de todo el a\u00f1o, en una u otra cara, e incluso en las dos. Elegir la<br \/>\n\u00e9poca del a\u00f1o que m\u00e1s nos apetece es ya cosa nuestra.  <\/p>","protected":false},"excerpt":{"rendered":"<p>Esta gu\u00eda propone, de hecho todas aquellas actividades que se pueden realizar en el \u00e1mbito geogr\u00e1fico de los circos del Toubkal y del Tazagh\u00e2rt, donde se concentran la totalidad de los cuatromiles del Atlas, a excepci\u00f3n del lejano M&#8217;Goum. Entre sus p\u00e1ginas encontrar\u00e1s desde los m\u00e1s cl\u00e1sicos trekkings que recorren el Toubkal, hasta las numerosas [&#8230;]\n","protected":false},"featured_media":34334,"template":"","meta":[],"product_brand":[],"product_cat":[21544],"product_tag":[],"class_list":{"0":"post-150789","1":"product","2":"type-product","3":"status-publish","4":"has-post-thumbnail","6":"product_cat-fuehrerliteratur-alpin-sommer","7":"pa_autor-taura","8":"pa_erscheinungsjahr-21591","9":"pa_region-afrika","10":"pa_sprache-sp","12":"first","13":"instock","14":"taxable","15":"shipping-taxable","16":"purchasable","17":"product-type-simple"},"_links":{"self":[{"href":"https:\/\/pizbube.ch\/en\/wp-json\/wp\/v2\/product\/150789","targetHints":{"allow":["GET"]}}],"collection":[{"href":"https:\/\/pizbube.ch\/en\/wp-json\/wp\/v2\/product"}],"about":[{"href":"https:\/\/pizbube.ch\/en\/wp-json\/wp\/v2\/types\/product"}],"wp:featuredmedia":[{"embeddable":true,"href":"https:\/\/pizbube.ch\/en\/wp-json\/wp\/v2\/media\/34334"}],"wp:attachment":[{"href":"https:\/\/pizbube.ch\/en\/wp-json\/wp\/v2\/media?parent=150789"}],"wp:term":[{"taxonomy":"product_brand","embeddable":true,"href":"https:\/\/pizbube.ch\/en\/wp-json\/wp\/v2\/product_brand?post=150789"},{"taxonomy":"product_cat","embeddable":true,"href":"https:\/\/pizbube.ch\/en\/wp-json\/wp\/v2\/product_cat?post=150789"},{"taxonomy":"product_tag","embeddable":true,"href":"https:\/\/pizbube.ch\/en\/wp-json\/wp\/v2\/product_tag?post=150789"}],"curies":[{"name":"wp","href":"https:\/\/api.w.org\/{rel}","templated":true}]}}