{"id":150790,"date":"2021-01-15T11:03:22","date_gmt":"2021-01-15T11:03:22","guid":{"rendered":"https:\/\/codengine3.ch\/?product=import-placeholder-for-203266"},"modified":"2021-01-15T14:21:37","modified_gmt":"2021-01-15T14:21:37","slug":"montagnes-du-maroc-toubkal-mgoun-siroua-sahro","status":"publish","type":"product","link":"https:\/\/pizbube.ch\/en\/shop\/montagnes-du-maroc-toubkal-mgoun-siroua-sahro\/","title":{"rendered":"Montagnes du Maroc Toubkal Mgoun Siroua Sahro"},"content":{"rendered":"<p>Trekking et ski de randonn\u00e9e Toubkal &#8211; Mgoun &#8211; Siroua &#8211; Sahro:  <\/p>\n<p>Bien moins connus sont les \u00e9tonnants atouts du Maroc pour la pratique du ski<br \/>\nde randonn\u00e9e dans les hauts massifs du Mgoun (4068 m), et surtout du Toubkal<br \/>\n(4167 m) dispose de refuges confortables et offre un ski d\u00b4une qualit\u00e9<br \/>\nextraordinaire \u00e0 moins de deux heures de voiture de Marrakech.  <\/p>\n<p>Ce guide pr\u00e9sente 22 treks dans les quatre massifs montagneux les plus r\u00e9put\u00e9s<br \/>\ndu Maroc: Toubkal, Haut-Atlas Central (Mgoun), Siroua et Sahro, et **54<br \/>\nrandonn\u00e9es ou raids \u00e0 ski dans les vall\u00e9es du Toubkal et du Mgoun. La<br \/>\ndescription des courses est accompagn\u00e9e de cartes-croquis.**<br \/>\nTous les grands classiques du trekking en montagne au Maroc sont d\u00e9crits :<br \/>\ntour du Toubkal, gravures du Yagour, Mgoun en boucle ou en travers\u00e9e nord-sud,<br \/>\ncanyons de l\u00b4Atlas Central, canyons et hauts p\u00e2turages de l\u00b4Ahansal, travers\u00e9e<br \/>\nImilchil-A\u00eft Bou Guemez, tour et travers\u00e9e du Djebel Siroua et du Djebel<br \/>\nSahro. Le niveau de difficult\u00e9 va de la randonn\u00e9e familiale \u00e0 la course<br \/>\ntechniquement exigeante.<br \/>\nCet ouvrage est compl\u00e9t\u00e9 par un chapitre d&#8216; introduction fournissant de<br \/>\nnombreux renseignements pratiques, n\u00e9s d\u00b4une longue exp\u00e9rience, et pr\u00e9cieux<br \/>\npour pr\u00e9parer son voyage et r\u00e9ussir son s\u00e9jour : engagement des muletiers,<br \/>\ntransports depuis Marrakech, approvisionnement, etc.  <\/p>","protected":false},"excerpt":{"rendered":"<p>Trekking et ski de randonn\u00e9e Toubkal &#8211; Mgoun &#8211; Siroua &#8211; Sahro: Bien moins connus sont les \u00e9tonnants atouts du Maroc pour la pratique du ski de randonn\u00e9e dans les hauts massifs du Mgoun (4068 m), et surtout du Toubkal (4167 m) dispose de refuges confortables et offre un ski d\u00b4une qualit\u00e9 extraordinaire \u00e0 moins [&#8230;]\n","protected":false},"featured_media":30841,"template":"","meta":[],"product_brand":[],"product_cat":[21605],"product_tag":[],"class_list":{"0":"post-150790","1":"product","2":"type-product","3":"status-publish","4":"has-post-thumbnail","6":"product_cat-wanderfuehrer-trekking","7":"pa_autor-galley","8":"pa_erscheinungsjahr-21621","9":"pa_region-afrika","10":"pa_sprache-fr","12":"first","13":"instock","14":"taxable","15":"shipping-taxable","16":"purchasable","17":"product-type-simple"},"_links":{"self":[{"href":"https:\/\/pizbube.ch\/en\/wp-json\/wp\/v2\/product\/150790","targetHints":{"allow":["GET"]}}],"collection":[{"href":"https:\/\/pizbube.ch\/en\/wp-json\/wp\/v2\/product"}],"about":[{"href":"https:\/\/pizbube.ch\/en\/wp-json\/wp\/v2\/types\/product"}],"wp:featuredmedia":[{"embeddable":true,"href":"https:\/\/pizbube.ch\/en\/wp-json\/wp\/v2\/media\/30841"}],"wp:attachment":[{"href":"https:\/\/pizbube.ch\/en\/wp-json\/wp\/v2\/media?parent=150790"}],"wp:term":[{"taxonomy":"product_brand","embeddable":true,"href":"https:\/\/pizbube.ch\/en\/wp-json\/wp\/v2\/product_brand?post=150790"},{"taxonomy":"product_cat","embeddable":true,"href":"https:\/\/pizbube.ch\/en\/wp-json\/wp\/v2\/product_cat?post=150790"},{"taxonomy":"product_tag","embeddable":true,"href":"https:\/\/pizbube.ch\/en\/wp-json\/wp\/v2\/product_tag?post=150790"}],"curies":[{"name":"wp","href":"https:\/\/api.w.org\/{rel}","templated":true}]}}