{"id":150791,"date":"2021-01-15T11:03:23","date_gmt":"2021-01-15T11:03:23","guid":{"rendered":"https:\/\/codengine3.ch\/?product=import-placeholder-for-203488"},"modified":"2021-01-15T14:23:47","modified_gmt":"2021-01-15T14:23:47","slug":"zeitreisen-und-panoramablicke","status":"publish","type":"product","link":"https:\/\/pizbube.ch\/en\/shop\/zeitreisen-und-panoramablicke\/","title":{"rendered":"Zeitreisen und Panoramablicke"},"content":{"rendered":"<p>Wanderungen Region Z\u00fcrich. Dies ist mehr als ein Wanderf\u00fchrer. Es ist eine<br \/>\nh\u00f6chst interessante, zuweilen sehr vergn\u00fcgliche Reise durch Land und Zeit in<br \/>\nder Grossregion Z\u00fcrich. Geschichtliche, heimatkundliche, geografische,<br \/>\nkulturelle und aktuelle Belange werden miteinander in Beziehung gesetzt. So<br \/>\nentsteht ein lebendiges Portr\u00e4t der Region.<br \/>\nDank hervorragend ausgebautem Verkehrsverbund ist die Region um Z\u00fcrich ideal<br \/>\nf\u00fcr Wanderungen von unteschiedlicher L\u00e4nge und zu allen Jahreszeiten. Auch das<br \/>\nWanderwegnetz ist bestens ausgebaut.<br \/>\nRoutenskizzen, H\u00f6henprofile und Serviceangaben erleichtern die Planung. Zahlr.<br \/>\nFarbfotos, Kartenskizzen. 176 S.  <\/p>","protected":false},"excerpt":{"rendered":"<p>Wanderungen Region Z\u00fcrich. Dies ist mehr als ein Wanderf\u00fchrer. Es ist eine h\u00f6chst interessante, zuweilen sehr vergn\u00fcgliche Reise durch Land und Zeit in der Grossregion Z\u00fcrich. Geschichtliche, heimatkundliche, geografische, kulturelle und aktuelle Belange werden miteinander in Beziehung gesetzt. So entsteht ein lebendiges Portr\u00e4t der Region. Dank hervorragend ausgebautem Verkehrsverbund ist die Region um Z\u00fcrich ideal [&#8230;]\n","protected":false},"featured_media":31105,"template":"","meta":[],"product_brand":[],"product_cat":[21605],"product_tag":[],"class_list":{"0":"post-150791","1":"product","2":"type-product","3":"status-publish","4":"has-post-thumbnail","6":"product_cat-wanderfuehrer-trekking","7":"pa_autor-rauch","8":"pa_erscheinungsjahr-21920","9":"pa_region-schweiz","10":"pa_sprache-de","12":"first","13":"instock","14":"taxable","15":"shipping-taxable","16":"purchasable","17":"product-type-simple"},"_links":{"self":[{"href":"https:\/\/pizbube.ch\/en\/wp-json\/wp\/v2\/product\/150791","targetHints":{"allow":["GET"]}}],"collection":[{"href":"https:\/\/pizbube.ch\/en\/wp-json\/wp\/v2\/product"}],"about":[{"href":"https:\/\/pizbube.ch\/en\/wp-json\/wp\/v2\/types\/product"}],"wp:featuredmedia":[{"embeddable":true,"href":"https:\/\/pizbube.ch\/en\/wp-json\/wp\/v2\/media\/31105"}],"wp:attachment":[{"href":"https:\/\/pizbube.ch\/en\/wp-json\/wp\/v2\/media?parent=150791"}],"wp:term":[{"taxonomy":"product_brand","embeddable":true,"href":"https:\/\/pizbube.ch\/en\/wp-json\/wp\/v2\/product_brand?post=150791"},{"taxonomy":"product_cat","embeddable":true,"href":"https:\/\/pizbube.ch\/en\/wp-json\/wp\/v2\/product_cat?post=150791"},{"taxonomy":"product_tag","embeddable":true,"href":"https:\/\/pizbube.ch\/en\/wp-json\/wp\/v2\/product_tag?post=150791"}],"curies":[{"name":"wp","href":"https:\/\/api.w.org\/{rel}","templated":true}]}}