{"id":150792,"date":"2021-01-15T11:03:23","date_gmt":"2021-01-15T11:03:23","guid":{"rendered":"https:\/\/codengine3.ch\/?product=import-placeholder-for-206962"},"modified":"2021-01-15T14:53:48","modified_gmt":"2021-01-15T14:53:48","slug":"der-uetliberg","status":"publish","type":"product","link":"https:\/\/pizbube.ch\/en\/shop\/der-uetliberg\/","title":{"rendered":"Der Uetliberg"},"content":{"rendered":"<p>\nGeschichte und Geschichten des Z\u00fcrcher Hausbergs  <\/p>\n<p>Der Uetliberg, der Hausberg von Z\u00fcrich, ist ein beliebtes Ausflugsziel und ein<br \/>\nSt\u00fcck Heimat f\u00fcr zahlreiche Anwohnerinnen und Anwohner. Schon seit 1875 f\u00fchrt<br \/>\ndie Uetlibergbahn Erholungssuchende aus der Stadt auf 813 Meter \u00fcber Meer.<br \/>\nWanderwege und Kletterfelsen, Aussichts- und Fernseht\u00fcrme, Restaurants und<br \/>\nFeuerstellen laden zu Erkundungs- und Genusstouren ein. Jahrhundertealte<br \/>\nBurgen und Bunkeranlagen aus dem Zweiten Weltkrieg zeugen von seiner<br \/>\nabwechslungsreichen Geschichte.<\/p>\n<p>In j\u00fcngerer Zeit kommt es immer wieder zu Nutzungskonflikten zwischen<br \/>\nErholungssuchenden und Eventanbietern. Der Autor nimmt uns mit auf einen<br \/>\nhistorischen, touristischen und kulturellen Ausflug auf den bekanntesten Berg<br \/>\nder Albiskette hoch \u00fcber Z\u00fcrich. Unterwegs lernen wir Menschen kennen, deren<br \/>\nLeben unzertrennlich mit diesem Berg verbunden ist: Wildh\u00fcter und Lokf\u00fchrer,<br \/>\nWirte und B\u00e4uerinnen, Natursch\u00fctzerinnen und Wanderer.  <\/p>","protected":false},"excerpt":{"rendered":"<p>Geschichte und Geschichten des Z\u00fcrcher Hausbergs Der Uetliberg, der Hausberg von Z\u00fcrich, ist ein beliebtes Ausflugsziel und ein St\u00fcck Heimat f\u00fcr zahlreiche Anwohnerinnen und Anwohner. Schon seit 1875 f\u00fchrt die Uetlibergbahn Erholungssuchende aus der Stadt auf 813 Meter \u00fcber Meer. Wanderwege und Kletterfelsen, Aussichts- und Fernseht\u00fcrme, Restaurants und Feuerstellen laden zu Erkundungs- und Genusstouren ein. [&#8230;]\n","protected":false},"featured_media":36520,"template":"","meta":[],"product_brand":[],"product_cat":[21542],"product_tag":[],"class_list":{"0":"post-150792","1":"product","2":"type-product","3":"status-publish","4":"has-post-thumbnail","6":"product_cat-sachbuecher-dokumentationen","7":"pa_autor-schneiter","8":"pa_erscheinungsjahr-21610","9":"pa_region-schweiz","10":"pa_sprache-de","12":"first","13":"instock","14":"taxable","15":"shipping-taxable","16":"purchasable","17":"product-type-simple"},"_links":{"self":[{"href":"https:\/\/pizbube.ch\/en\/wp-json\/wp\/v2\/product\/150792","targetHints":{"allow":["GET"]}}],"collection":[{"href":"https:\/\/pizbube.ch\/en\/wp-json\/wp\/v2\/product"}],"about":[{"href":"https:\/\/pizbube.ch\/en\/wp-json\/wp\/v2\/types\/product"}],"wp:featuredmedia":[{"embeddable":true,"href":"https:\/\/pizbube.ch\/en\/wp-json\/wp\/v2\/media\/36520"}],"wp:attachment":[{"href":"https:\/\/pizbube.ch\/en\/wp-json\/wp\/v2\/media?parent=150792"}],"wp:term":[{"taxonomy":"product_brand","embeddable":true,"href":"https:\/\/pizbube.ch\/en\/wp-json\/wp\/v2\/product_brand?post=150792"},{"taxonomy":"product_cat","embeddable":true,"href":"https:\/\/pizbube.ch\/en\/wp-json\/wp\/v2\/product_cat?post=150792"},{"taxonomy":"product_tag","embeddable":true,"href":"https:\/\/pizbube.ch\/en\/wp-json\/wp\/v2\/product_tag?post=150792"}],"curies":[{"name":"wp","href":"https:\/\/api.w.org\/{rel}","templated":true}]}}