{"id":150793,"date":"2021-01-15T11:03:23","date_gmt":"2021-01-15T11:03:23","guid":{"rendered":"https:\/\/codengine3.ch\/?product=import-placeholder-for-202972"},"modified":"2021-01-15T12:52:53","modified_gmt":"2021-01-15T12:52:53","slug":"freie-sicht-aufs-gipfelmeer","status":"publish","type":"product","link":"https:\/\/pizbube.ch\/en\/shop\/freie-sicht-aufs-gipfelmeer\/","title":{"rendered":"Freie Sicht aufs Gipfelmeer"},"content":{"rendered":"<p>50 Wanderdreitausender zwischen Genfersee und Unterengadin, f\u00fcr die es keine<br \/>\nKletterk\u00fcnste braucht:<br \/>\nAuf 224 werden Seiten abwechslungsreiche Aufstiege zu ber\u00fchmten Gipfeln, aber<br \/>\nauch zu vielen verkannten Perlen der Walliser, Berner, Zentralschweizer,<br \/>\nTessiner, Glarner und B\u00fcndner Alpen pr\u00e4sentiert. Die Auswahl reicht von<br \/>\nhalbt\u00e4gigen, kindergerechten Wanderungen bis zu technisch anspruchsvollen<br \/>\nMehrtagestouren in abgeschiedener Bergwelt.<\/p>\n<p>Die Autoren haben jede Tour pr\u00e4zise recherchiert und beschreiben detailliert<br \/>\nSchwierigkeit, Routenverlauf, Zeitbedarf, lohnende Varianten sowie<br \/>\n\u00dcbernachtungs- und Einkehrm\u00f6glichkeiten. \u00dcbersichtliche Kartenausschnitte<br \/>\nerleichtern zus\u00e4tzlich die Planung der Bergwanderungen.<br \/>\nMehr als 220, meist grossformatige Farbfotos sowie 50 Hintergrundtexte zu<br \/>\nnaturkundlichen und kulturellen Eigenheiten der erwanderten Regionen runden<br \/>\ndiese Sammlung der Wanderh\u00f6hepunkte der Schweizer Alpen ab.<\/p>","protected":false},"excerpt":{"rendered":"<ul>\n<li><b>INFO: <b><\/li>\n<\/ul>","protected":false},"featured_media":30471,"template":"","meta":[],"product_brand":[],"product_cat":[21605],"product_tag":[],"class_list":{"0":"post-150793","1":"product","2":"type-product","3":"status-publish","4":"has-post-thumbnail","6":"product_cat-wanderfuehrer-trekking","7":"pa_autor-volken-kundert","8":"pa_erscheinungsjahr-22292","9":"pa_region-schweiz","10":"pa_sprache-de","12":"first","13":"outofstock","14":"taxable","15":"shipping-taxable","16":"purchasable","17":"product-type-simple"},"_links":{"self":[{"href":"https:\/\/pizbube.ch\/en\/wp-json\/wp\/v2\/product\/150793","targetHints":{"allow":["GET"]}}],"collection":[{"href":"https:\/\/pizbube.ch\/en\/wp-json\/wp\/v2\/product"}],"about":[{"href":"https:\/\/pizbube.ch\/en\/wp-json\/wp\/v2\/types\/product"}],"wp:featuredmedia":[{"embeddable":true,"href":"https:\/\/pizbube.ch\/en\/wp-json\/wp\/v2\/media\/30471"}],"wp:attachment":[{"href":"https:\/\/pizbube.ch\/en\/wp-json\/wp\/v2\/media?parent=150793"}],"wp:term":[{"taxonomy":"product_brand","embeddable":true,"href":"https:\/\/pizbube.ch\/en\/wp-json\/wp\/v2\/product_brand?post=150793"},{"taxonomy":"product_cat","embeddable":true,"href":"https:\/\/pizbube.ch\/en\/wp-json\/wp\/v2\/product_cat?post=150793"},{"taxonomy":"product_tag","embeddable":true,"href":"https:\/\/pizbube.ch\/en\/wp-json\/wp\/v2\/product_tag?post=150793"}],"curies":[{"name":"wp","href":"https:\/\/api.w.org\/{rel}","templated":true}]}}