{"id":150794,"date":"2021-01-15T11:03:23","date_gmt":"2021-01-15T11:03:23","guid":{"rendered":"https:\/\/codengine3.ch\/?product=import-placeholder-for-201086"},"modified":"2021-01-15T11:03:26","modified_gmt":"2021-01-15T11:03:26","slug":"la-haute-savoie","status":"publish","type":"product","link":"https:\/\/pizbube.ch\/en\/shop\/la-haute-savoie\/","title":{"rendered":"La Haute- Savoie"},"content":{"rendered":"<p>Dokumentation von Klettergebieten in der Haute- Savoie (Bildband,<br \/>\nDokumentation \/ F\u00fchrer)  <\/p>\n<p>C&#8217;est bien un topo car on y trouve la description des voies et leur acc\u00e8s.<br \/>\nMais le format en la qualit\u00e9 interdit de le mettre dans un sac \u00e0 dos car c&#8217;est<br \/>\naussi un superbe livre sur l&#8217;escalade en Haute-Savoie. Les photos sont<br \/>\nabondantes (Une ou plusieurs par site) et de qualit\u00e9 professionnelle. Les<br \/>\ntextes sont copieux et tr\u00e8s int\u00e9ressants. S&#8217;agissant d&#8217;une s\u00e9lection de sites<br \/>\net de voies, on ne trouve presque que de belles escalades, moulinettes,<br \/>\nfalaises moyennes et grandes, parfois avec un parfum d&#8217;aventure.  <\/p>","protected":false},"excerpt":{"rendered":"<p>Dokumentation von Klettergebieten in der Haute- Savoie (Bildband, Dokumentation \/ F\u00fchrer) C&#8217;est bien un topo car on y trouve la description des voies et leur acc\u00e8s. Mais le format en la qualit\u00e9 interdit de le mettre dans un sac \u00e0 dos car c&#8217;est aussi un superbe livre sur l&#8217;escalade en Haute-Savoie. Les photos sont abondantes [&#8230;]\n","protected":false},"featured_media":28242,"template":"","meta":[],"product_brand":[],"product_cat":[21542],"product_tag":[],"class_list":{"0":"post-150794","1":"product","2":"type-product","3":"status-publish","4":"has-post-thumbnail","6":"product_cat-sachbuecher-dokumentationen","7":"pa_autor-gardien","8":"pa_erscheinungsjahr-22236","9":"pa_region-frankreich","10":"pa_sprache-fr","12":"first","13":"instock","14":"taxable","15":"shipping-taxable","16":"purchasable","17":"product-type-simple"},"_links":{"self":[{"href":"https:\/\/pizbube.ch\/en\/wp-json\/wp\/v2\/product\/150794","targetHints":{"allow":["GET"]}}],"collection":[{"href":"https:\/\/pizbube.ch\/en\/wp-json\/wp\/v2\/product"}],"about":[{"href":"https:\/\/pizbube.ch\/en\/wp-json\/wp\/v2\/types\/product"}],"wp:featuredmedia":[{"embeddable":true,"href":"https:\/\/pizbube.ch\/en\/wp-json\/wp\/v2\/media\/28242"}],"wp:attachment":[{"href":"https:\/\/pizbube.ch\/en\/wp-json\/wp\/v2\/media?parent=150794"}],"wp:term":[{"taxonomy":"product_brand","embeddable":true,"href":"https:\/\/pizbube.ch\/en\/wp-json\/wp\/v2\/product_brand?post=150794"},{"taxonomy":"product_cat","embeddable":true,"href":"https:\/\/pizbube.ch\/en\/wp-json\/wp\/v2\/product_cat?post=150794"},{"taxonomy":"product_tag","embeddable":true,"href":"https:\/\/pizbube.ch\/en\/wp-json\/wp\/v2\/product_tag?post=150794"}],"curies":[{"name":"wp","href":"https:\/\/api.w.org\/{rel}","templated":true}]}}