{"id":150795,"date":"2021-01-15T11:03:23","date_gmt":"2021-01-15T11:03:23","guid":{"rendered":"https:\/\/codengine3.ch\/?product=import-placeholder-for-204202"},"modified":"2022-10-04T08:45:54","modified_gmt":"2022-10-04T06:45:54","slug":"savoyen-genf-bis-grenoble-mit-chartreuse-und-belledonne","status":"publish","type":"product","link":"https:\/\/pizbube.ch\/en\/shop\/savoyen-genf-bis-grenoble-mit-chartreuse-und-belledonne\/","title":{"rendered":"Savoyen &#8211; Genf bis Grenoble, mit Chartreuse und Belledonne."},"content":{"rendered":"<div class=\"col-12 col-md-6\">\n<div class=\"d-inline-block\">\n<p><span class=\"value\">Savoyen ist ein Wandergebiet par excellence. Die franz\u00f6sischen Voralpen, gelegen zwischen Genfer See und Grenoble, begeistern mit tiefgr\u00fcnen W\u00e4ldern, wei\u00df-grauen Felsen, blaugr\u00fcnen Seen und der Farbenpracht der Almwiesen. Dieser Rother Wanderf\u00fchrer pr\u00e4sentiert 52 ausgew\u00e4hlte Wanderungen in Savoyen und in den Gebieten Chartreuse und Belledonne.<\/span><\/p>\n<p>Die Wanderungen f\u00fchren in die Gebirgsmassive der franz\u00f6sischen Voralpen Chablais, Giffre, Bornes-Aravis, Bauges und Chartreuse sowie in die zu den Zentralalpen z\u00e4hlenden Belledonne. Drei olympische St\u00e4dte \u2013 Chamonix, Grenoble, Albertville \u2013 sind Pforten in das Wandergebiet. Es ist das \u00bbFrance Profonde\u00ab, das Frankreich der Hirten und Almen, das auf diesen Wanderungen erkundet wird. Wilde B\u00e4che s\u00e4umen die Wege, Schafe weiden auf den Blumenwiesen. Ausblicke auf die umliegenden Grate und Gipfel \u2013 manchmal sogar auf den Mont Blanc \u2013 machen das Idyll perfekt.<\/p>\n<p>Der Autor Reinhard Scholl hat abwechslungsreiche Wanderungen von leicht bis anspruchsvoll f\u00fcr den Rother Wanderf\u00fchrer \u00bbSavoyen\u00ab ausgew\u00e4hlt, mit denen jeder nach Lust, Laune und K\u00f6nnen die passende Tour findet.<\/p>\n<p>Zuverl\u00e4ssige Wegbeschreibungen, detaillierte Kartenausschnitte und aussagekr\u00e4ftige H\u00f6henprofile machen alle Tourenvorschl\u00e4ge leicht und sicher nachvollziehbar. Die farbige Schwierigkeitsbewertung erleichtert die Auswahl und zahlreiche Fotos wecken die Wanderlust. GPS-Daten stehen zum Download von der Internetseite des Rother Bergverlags zur Verf\u00fcgung. Damit ist der Rother Wanderf\u00fchrer \u00bbSavoyen\u00ab ist ein zuverl\u00e4ssiger Tourenbegleiter auf allen Wanderungen durch die herrliche franz\u00f6sische Voralpenlandschaft.<\/p>\n<\/div>\n<\/div>\n<div class=\"col-12 col-md-6\">\n<div><\/div>\n<div class=\"d-inline-block strong mr-1\">Seiten: 184<\/div>\n<\/div>\n<div class=\"col-12 col-md-6\">\n<div class=\"d-inline-block strong mr-1\">Anzahl der Bilder: 125<\/div>\n<\/div>\n<div class=\"col-12 col-md-6\">\n<div class=\"d-inline-block\">52 H\u00f6henprofile, 52 Wanderk\u00e4rtchen im Ma\u00dfstab 1:25.000, 1:50.000, 1:75.000 und 1:100.000, zwei \u00dcbersichtskarten im Ma\u00dfstab 1:800.000 und 1:1.800.000<br \/>\n4., aktualisierte Auflage 2022<\/div>\n<\/div>","protected":false},"excerpt":{"rendered":"<p>Savoyen ist ein Wandergebiet par excellence. Die franz\u00f6sischen Voralpen, gelegen zwischen Genfer See und Grenoble, begeistern mit tiefgr\u00fcnen W\u00e4ldern, wei\u00df-grauen Felsen, blaugr\u00fcnen Seen und der Farbenpracht der Almwiesen. Dieser Rother Wanderf\u00fchrer pr\u00e4sentiert 52 ausgew\u00e4hlte Wanderungen in Savoyen und in den Gebieten Chartreuse und Belledonne. Die Wanderungen f\u00fchren in die Gebirgsmassive der franz\u00f6sischen Voralpen Chablais, Giffre, [&#8230;]\n","protected":false},"featured_media":163798,"template":"","meta":[],"product_brand":[],"product_cat":[21605],"product_tag":[],"class_list":{"0":"post-150795","1":"product","2":"type-product","3":"status-publish","4":"has-post-thumbnail","6":"product_cat-wanderfuehrer-trekking","7":"pa_autor-scholl","8":"pa_erscheinungsjahr-27013","9":"pa_region-frankreich","10":"pa_sprache-de","12":"first","13":"instock","14":"taxable","15":"shipping-taxable","16":"purchasable","17":"product-type-simple"},"_links":{"self":[{"href":"https:\/\/pizbube.ch\/en\/wp-json\/wp\/v2\/product\/150795","targetHints":{"allow":["GET"]}}],"collection":[{"href":"https:\/\/pizbube.ch\/en\/wp-json\/wp\/v2\/product"}],"about":[{"href":"https:\/\/pizbube.ch\/en\/wp-json\/wp\/v2\/types\/product"}],"wp:featuredmedia":[{"embeddable":true,"href":"https:\/\/pizbube.ch\/en\/wp-json\/wp\/v2\/media\/163798"}],"wp:attachment":[{"href":"https:\/\/pizbube.ch\/en\/wp-json\/wp\/v2\/media?parent=150795"}],"wp:term":[{"taxonomy":"product_brand","embeddable":true,"href":"https:\/\/pizbube.ch\/en\/wp-json\/wp\/v2\/product_brand?post=150795"},{"taxonomy":"product_cat","embeddable":true,"href":"https:\/\/pizbube.ch\/en\/wp-json\/wp\/v2\/product_cat?post=150795"},{"taxonomy":"product_tag","embeddable":true,"href":"https:\/\/pizbube.ch\/en\/wp-json\/wp\/v2\/product_tag?post=150795"}],"curies":[{"name":"wp","href":"https:\/\/api.w.org\/{rel}","templated":true}]}}