{"id":150796,"date":"2021-01-15T11:03:23","date_gmt":"2021-01-15T11:03:23","guid":{"rendered":"https:\/\/codengine3.ch\/?product=import-placeholder-for-201087"},"modified":"2021-01-15T11:03:26","modified_gmt":"2021-01-15T11:03:26","slug":"traumberge-bergtraeume","status":"publish","type":"product","link":"https:\/\/pizbube.ch\/en\/shop\/traumberge-bergtraeume\/","title":{"rendered":"Traumberge- Bergtr\u00e4ume"},"content":{"rendered":"<p>Sch\u00f6nes Buch \u00fcbers Bergsteigen<\/p>","protected":false},"excerpt":{"rendered":"<p>Sch\u00f6nes Buch \u00fcbers Bergsteigen<\/p>","protected":false},"featured_media":28243,"template":"","meta":[],"product_brand":[],"product_cat":[21542],"product_tag":[],"class_list":{"0":"post-150796","1":"product","2":"type-product","3":"status-publish","4":"has-post-thumbnail","6":"product_cat-sachbuecher-dokumentationen","7":"pa_autor-div","8":"pa_erscheinungsjahr-22137","9":"pa_region-schweiz","10":"pa_sprache-de","12":"first","13":"instock","14":"taxable","15":"shipping-taxable","16":"purchasable","17":"product-type-simple"},"_links":{"self":[{"href":"https:\/\/pizbube.ch\/en\/wp-json\/wp\/v2\/product\/150796","targetHints":{"allow":["GET"]}}],"collection":[{"href":"https:\/\/pizbube.ch\/en\/wp-json\/wp\/v2\/product"}],"about":[{"href":"https:\/\/pizbube.ch\/en\/wp-json\/wp\/v2\/types\/product"}],"wp:featuredmedia":[{"embeddable":true,"href":"https:\/\/pizbube.ch\/en\/wp-json\/wp\/v2\/media\/28243"}],"wp:attachment":[{"href":"https:\/\/pizbube.ch\/en\/wp-json\/wp\/v2\/media?parent=150796"}],"wp:term":[{"taxonomy":"product_brand","embeddable":true,"href":"https:\/\/pizbube.ch\/en\/wp-json\/wp\/v2\/product_brand?post=150796"},{"taxonomy":"product_cat","embeddable":true,"href":"https:\/\/pizbube.ch\/en\/wp-json\/wp\/v2\/product_cat?post=150796"},{"taxonomy":"product_tag","embeddable":true,"href":"https:\/\/pizbube.ch\/en\/wp-json\/wp\/v2\/product_tag?post=150796"}],"curies":[{"name":"wp","href":"https:\/\/api.w.org\/{rel}","templated":true}]}}