{"id":150798,"date":"2021-01-15T11:03:23","date_gmt":"2021-01-15T11:03:23","guid":{"rendered":"https:\/\/codengine3.ch\/?product=import-placeholder-for-203487"},"modified":"2023-11-21T17:26:21","modified_gmt":"2023-11-21T16:26:21","slug":"die-schoensten-alpenblumen","status":"publish","type":"product","link":"https:\/\/pizbube.ch\/en\/shop\/die-schoensten-alpenblumen\/","title":{"rendered":"Die sch\u00f6nsten Alpenblumen"},"content":{"rendered":"<p>Auf Bergwanderungen Alpenblumen anzutreffen, ist f\u00fcr Wandernde immer ein<br \/>\ngrossartiges Erlebnis. Spontan m\u00f6chte man mehr \u00fcber die herrlichen Blumen<br \/>\nwissen, oder man m\u00f6chte die Wanderung von Beginn an so planen, dass man<br \/>\ntats\u00e4chlich Blumen vorfindet. Genau diese Bed\u00fcrfnisse erf\u00fcllt das vorliegende<br \/>\nBuch. Auf praktische und attraktive Weise bringt es uns die Alpenblumen n\u00e4her:<br \/>\ndie Alpenblumen im Wald, auf den Weiden, in Fels und Ger\u00f6ll sowie in<br \/>\nFeuchtgebieten.<\/p>\n<p>Auf je zwei Buchseiten werden innerhalb dieser Lebensr\u00e4ume die<br \/>\nsch\u00f6nsten und bekanntesten, aber auch einige der seltensten Alpenblumen in<br \/>\nWort und Bild portr\u00e4tiert, insgesamt gegen 80 Blumen. Der Autor beschreibt<br \/>\nihre wichtigsten Merkmale, ihre Anpassungsstrategien an die Umwelt, ihre<br \/>\nFortpflanzungstaktiken und je nachdem auch die Verwendung der Pflanzen in der<br \/>\nHeilkunde. Anders als ein Bestimmungsf\u00fchrer animiert dieses Buch auf leicht<br \/>\nverst\u00e4ndliche Weise zum eigenen Entdecken und Erleben. Dies vor allem auch<br \/>\ndank der 20 Wandervorschl\u00e4ge mit Angabe der f\u00fcr Blumen besten Jahreszeit.<\/p>","protected":false},"excerpt":{"rendered":"<p>Auf Bergwanderungen Alpenblumen anzutreffen, ist f\u00fcr Wandernde immer ein grossartiges Erlebnis. Spontan m\u00f6chte man mehr \u00fcber die herrlichen Blumen wissen, oder man m\u00f6chte die Wanderung von Beginn an so planen, dass man tats\u00e4chlich Blumen vorfindet. Genau diese Bed\u00fcrfnisse erf\u00fcllt das vorliegende Buch. Auf praktische und attraktive Weise bringt es uns die Alpenblumen n\u00e4her: die Alpenblumen [&#8230;]\n","protected":false},"featured_media":31104,"template":"","meta":[],"product_brand":[],"product_cat":[21538],"product_tag":[],"class_list":{"0":"post-150798","1":"product","2":"type-product","3":"status-publish","4":"has-post-thumbnail","6":"product_cat-lehrbuecher","7":"pa_autor-staffelbach","8":"pa_erscheinungsjahr-21920","9":"pa_region-fauna-flora-geologie-glaziologie","10":"pa_sprache-de","12":"first","13":"outofstock","14":"taxable","15":"shipping-taxable","16":"purchasable","17":"product-type-simple"},"_links":{"self":[{"href":"https:\/\/pizbube.ch\/en\/wp-json\/wp\/v2\/product\/150798","targetHints":{"allow":["GET"]}}],"collection":[{"href":"https:\/\/pizbube.ch\/en\/wp-json\/wp\/v2\/product"}],"about":[{"href":"https:\/\/pizbube.ch\/en\/wp-json\/wp\/v2\/types\/product"}],"wp:featuredmedia":[{"embeddable":true,"href":"https:\/\/pizbube.ch\/en\/wp-json\/wp\/v2\/media\/31104"}],"wp:attachment":[{"href":"https:\/\/pizbube.ch\/en\/wp-json\/wp\/v2\/media?parent=150798"}],"wp:term":[{"taxonomy":"product_brand","embeddable":true,"href":"https:\/\/pizbube.ch\/en\/wp-json\/wp\/v2\/product_brand?post=150798"},{"taxonomy":"product_cat","embeddable":true,"href":"https:\/\/pizbube.ch\/en\/wp-json\/wp\/v2\/product_cat?post=150798"},{"taxonomy":"product_tag","embeddable":true,"href":"https:\/\/pizbube.ch\/en\/wp-json\/wp\/v2\/product_tag?post=150798"}],"curies":[{"name":"wp","href":"https:\/\/api.w.org\/{rel}","templated":true}]}}