{"id":150809,"date":"2021-01-15T11:03:24","date_gmt":"2021-01-15T11:03:24","guid":{"rendered":"https:\/\/codengine3.ch\/?product=import-placeholder-for-201096"},"modified":"2021-01-15T11:03:29","modified_gmt":"2021-01-15T11:03:29","slug":"eiger-nordwand","status":"publish","type":"product","link":"https:\/\/pizbube.ch\/en\/shop\/eiger-nordwand\/","title":{"rendered":"Eiger Nordwand"},"content":{"rendered":"<p>Mit Nagelschuhen und Hanfseil auf den Spuren der Erstbegeher.  <\/p>\n<p>Im August 2002 steigen zwei Alpinisten mit der Ausr\u00fcstung der Erstbegeher von<br \/>\n1938 in die ber\u00fcchtigte Eiger Nordwand ein. Sind Spitzenbergsteiger von heute<br \/>\nf\u00e4hig, mit dem alten Material die Leistung der Eiger-Pioniere zu wiederholen?<br \/>\nDer Bildband begleitet die beiden bei ihrer Spurensuche und beobachtet sie<br \/>\nhautnah auf ihrem Weg ins Ungewisse. Die historische Kleidung und Ausr\u00fcstung<br \/>\nin<br \/>\nVerbindung mit den technischen Mitteln und den neuen Perspektiven der heutigen<br \/>\nFotografie l\u00e4sst eine besondere Hommage an die Pioniere von 1938 entstehen.<br \/>\nDem Betrachter erm\u00f6glichen die Bilder, die spannende<br \/>\nErstbegehung durch Heckmair, V\u00f6rg, Kasparek und Harrer unmittelbar<br \/>\nnachzuerleben.<\/p>","protected":false},"excerpt":{"rendered":"<p>Mit Nagelschuhen und Hanfseil auf den Spuren der Erstbegeher. Im August 2002 steigen zwei Alpinisten mit der Ausr\u00fcstung der Erstbegeher von 1938 in die ber\u00fcchtigte Eiger Nordwand ein. Sind Spitzenbergsteiger von heute f\u00e4hig, mit dem alten Material die Leistung der Eiger-Pioniere zu wiederholen? Der Bildband begleitet die beiden bei ihrer Spurensuche und beobachtet sie hautnah [&#8230;]\n","protected":false},"featured_media":28252,"template":"","meta":[],"product_brand":[],"product_cat":[21542],"product_tag":[],"class_list":{"0":"post-150809","1":"product","2":"type-product","3":"status-publish","4":"has-post-thumbnail","6":"product_cat-sachbuecher-dokumentationen","7":"pa_autor-ulrich","8":"pa_erscheinungsjahr-22292","9":"pa_region-schweiz","10":"pa_sprache-de","12":"first","13":"outofstock","14":"taxable","15":"shipping-taxable","16":"purchasable","17":"product-type-simple"},"_links":{"self":[{"href":"https:\/\/pizbube.ch\/en\/wp-json\/wp\/v2\/product\/150809","targetHints":{"allow":["GET"]}}],"collection":[{"href":"https:\/\/pizbube.ch\/en\/wp-json\/wp\/v2\/product"}],"about":[{"href":"https:\/\/pizbube.ch\/en\/wp-json\/wp\/v2\/types\/product"}],"wp:featuredmedia":[{"embeddable":true,"href":"https:\/\/pizbube.ch\/en\/wp-json\/wp\/v2\/media\/28252"}],"wp:attachment":[{"href":"https:\/\/pizbube.ch\/en\/wp-json\/wp\/v2\/media?parent=150809"}],"wp:term":[{"taxonomy":"product_brand","embeddable":true,"href":"https:\/\/pizbube.ch\/en\/wp-json\/wp\/v2\/product_brand?post=150809"},{"taxonomy":"product_cat","embeddable":true,"href":"https:\/\/pizbube.ch\/en\/wp-json\/wp\/v2\/product_cat?post=150809"},{"taxonomy":"product_tag","embeddable":true,"href":"https:\/\/pizbube.ch\/en\/wp-json\/wp\/v2\/product_tag?post=150809"}],"curies":[{"name":"wp","href":"https:\/\/api.w.org\/{rel}","templated":true}]}}