{"id":150810,"date":"2021-01-15T11:03:24","date_gmt":"2021-01-15T11:03:24","guid":{"rendered":"https:\/\/codengine3.ch\/?product=import-placeholder-for-201389"},"modified":"2021-01-15T12:01:12","modified_gmt":"2021-01-15T12:01:12","slug":"alpiniste","status":"publish","type":"product","link":"https:\/\/pizbube.ch\/en\/shop\/alpiniste\/","title":{"rendered":"Alpiniste"},"content":{"rendered":"<p>l&#8217;autobiographie d&#8217;un des plus grand alpinistes du si\u00e8cle- l&#8217;homme qui a<br \/>\nvaincu la face nord de l&#8217;Eiger (avec 250 photos).<br \/>\nHeckmair r\u00e9ussit avec Harrer une fabuleuse premi\u00e8re, en 1938 l&#8217;ascension de<br \/>\nl&#8217;Eiger. Mais il n&#8217;entend pas qu&#8217;elle soit r\u00e9cup\u00e9r\u00e9e par le r\u00e9gime. Michel<br \/>\nGu\u00e9rin a fait de ses M\u00e9moires, un ouvrage superbement illustr\u00e9.<\/p>","protected":false},"excerpt":{"rendered":"<p>l&#8217;autobiographie d&#8217;un des plus grand alpinistes du si\u00e8cle- l&#8217;homme qui a vaincu la face nord de l&#8217;Eiger (avec 250 photos). Heckmair r\u00e9ussit avec Harrer une fabuleuse premi\u00e8re, en 1938 l&#8217;ascension de l&#8217;Eiger. Mais il n&#8217;entend pas qu&#8217;elle soit r\u00e9cup\u00e9r\u00e9e par le r\u00e9gime. Michel Gu\u00e9rin a fait de ses M\u00e9moires, un ouvrage superbement illustr\u00e9.<\/p>","protected":false},"featured_media":28725,"template":"","meta":[],"product_brand":[],"product_cat":[21542],"product_tag":[],"class_list":{"0":"post-150810","1":"product","2":"type-product","3":"status-publish","4":"has-post-thumbnail","6":"product_cat-sachbuecher-dokumentationen","7":"pa_autor-heckmair","8":"pa_erscheinungsjahr-22133","9":"pa_region-deutschland","10":"pa_sprache-fr","12":"first","13":"instock","14":"taxable","15":"shipping-taxable","16":"purchasable","17":"product-type-simple"},"_links":{"self":[{"href":"https:\/\/pizbube.ch\/en\/wp-json\/wp\/v2\/product\/150810","targetHints":{"allow":["GET"]}}],"collection":[{"href":"https:\/\/pizbube.ch\/en\/wp-json\/wp\/v2\/product"}],"about":[{"href":"https:\/\/pizbube.ch\/en\/wp-json\/wp\/v2\/types\/product"}],"wp:featuredmedia":[{"embeddable":true,"href":"https:\/\/pizbube.ch\/en\/wp-json\/wp\/v2\/media\/28725"}],"wp:attachment":[{"href":"https:\/\/pizbube.ch\/en\/wp-json\/wp\/v2\/media?parent=150810"}],"wp:term":[{"taxonomy":"product_brand","embeddable":true,"href":"https:\/\/pizbube.ch\/en\/wp-json\/wp\/v2\/product_brand?post=150810"},{"taxonomy":"product_cat","embeddable":true,"href":"https:\/\/pizbube.ch\/en\/wp-json\/wp\/v2\/product_cat?post=150810"},{"taxonomy":"product_tag","embeddable":true,"href":"https:\/\/pizbube.ch\/en\/wp-json\/wp\/v2\/product_tag?post=150810"}],"curies":[{"name":"wp","href":"https:\/\/api.w.org\/{rel}","templated":true}]}}