{"id":150811,"date":"2021-01-15T11:03:24","date_gmt":"2021-01-15T11:03:24","guid":{"rendered":"https:\/\/codengine3.ch\/?product=import-placeholder-for-203816"},"modified":"2023-11-16T16:51:47","modified_gmt":"2023-11-16T15:51:47","slug":"im-auftrag-des-drachen-the-eiger-sanction-dvd","status":"publish","type":"product","link":"https:\/\/pizbube.ch\/en\/shop\/im-auftrag-des-drachen-the-eiger-sanction-dvd\/","title":{"rendered":"Im Auftrag des Drachen \/ The Eiger Sanction DVD"},"content":{"rendered":"<p>Jonathan Hemlock ist Lehrer f\u00fcr Kunsterziehung an einem ruhigen College auf<br \/>\ndem Land. Er hat allerdings noch eine eintr\u00e4gliche Nebenbesch\u00e4ftigung, mit der<br \/>\ner schon \u00f6fter seine kostspielige Liebe zu Gem\u00e4lden von Pissarro finanzierte:<br \/>\nEr ist Killer im Auftrag einer Geheimdienstorganisation. Sein Auftrag: die<br \/>\nM\u00f6rder eines Agenten sollen beseitigt werden. Hemlock z\u00f6gert, doch die<br \/>\nAusssicht auf einen Pisssarro \u00e4ndert seine Meinung schlagartig. Ein T\u00e4ter ist<br \/>\nbekannt, die Arbeit leicht erledigt, doch dann f\u00e4ngt dieser Auftrag an,<br \/>\nHemlocks schwerster Fall zu werden. Die Identit\u00e4t des anderen M\u00f6rders ist<br \/>\nunklar, es ist nur bekannt, dasss er Mitglied einer Eigernordwand-Seilschaft<br \/>\nist. Die Nordwand! Mit ihr hat Hemlock schon zweimal fast t\u00f6dliche Erfahrungen<br \/>\ngemacht. Doch der Auftrag musss durchgef\u00fchrt werden &#8230;<br \/>\nDVD, 123 min. Darsteller: Clint Eastwood, George Kennedy, Vonetta McGee, Jack<br \/>\nCassidy, Heidi Br\u00fchl, Thayer David<\/p>","protected":false},"excerpt":{"rendered":"<p>Jonathan Hemlock ist Lehrer f\u00fcr Kunsterziehung an einem ruhigen College auf dem Land. Er hat allerdings noch eine eintr\u00e4gliche Nebenbesch\u00e4ftigung, mit der er schon \u00f6fter seine kostspielige Liebe zu Gem\u00e4lden von Pissarro finanzierte: Er ist Killer im Auftrag einer Geheimdienstorganisation. Sein Auftrag: die M\u00f6rder eines Agenten sollen beseitigt werden. Hemlock z\u00f6gert, doch die Ausssicht auf [&#8230;]\n","protected":false},"featured_media":31508,"template":"","meta":[],"product_brand":[],"product_cat":[21628],"product_tag":[],"class_list":{"0":"post-150811","1":"product","2":"type-product","3":"status-publish","4":"has-post-thumbnail","6":"product_cat-video-dvd-multimedia","7":"pa_autor-eastwood","8":"pa_erscheinungsjahr-22292","9":"pa_region-schweiz","10":"pa_sprache-d","11":"pa_sprache-e","12":"pa_sprache-f","13":"pa_sprache-i","14":"pa_sprache-sp","16":"first","17":"outofstock","18":"taxable","19":"shipping-taxable","20":"purchasable","21":"product-type-simple"},"_links":{"self":[{"href":"https:\/\/pizbube.ch\/en\/wp-json\/wp\/v2\/product\/150811","targetHints":{"allow":["GET"]}}],"collection":[{"href":"https:\/\/pizbube.ch\/en\/wp-json\/wp\/v2\/product"}],"about":[{"href":"https:\/\/pizbube.ch\/en\/wp-json\/wp\/v2\/types\/product"}],"wp:featuredmedia":[{"embeddable":true,"href":"https:\/\/pizbube.ch\/en\/wp-json\/wp\/v2\/media\/31508"}],"wp:attachment":[{"href":"https:\/\/pizbube.ch\/en\/wp-json\/wp\/v2\/media?parent=150811"}],"wp:term":[{"taxonomy":"product_brand","embeddable":true,"href":"https:\/\/pizbube.ch\/en\/wp-json\/wp\/v2\/product_brand?post=150811"},{"taxonomy":"product_cat","embeddable":true,"href":"https:\/\/pizbube.ch\/en\/wp-json\/wp\/v2\/product_cat?post=150811"},{"taxonomy":"product_tag","embeddable":true,"href":"https:\/\/pizbube.ch\/en\/wp-json\/wp\/v2\/product_tag?post=150811"}],"curies":[{"name":"wp","href":"https:\/\/api.w.org\/{rel}","templated":true}]}}