{"id":150812,"date":"2021-01-15T11:03:24","date_gmt":"2021-01-15T11:03:24","guid":{"rendered":"https:\/\/codengine3.ch\/?product=import-placeholder-for-204119"},"modified":"2024-03-14T09:46:36","modified_gmt":"2024-03-14T08:46:36","slug":"eiger-triumphe-und-tragoedien-1932-1938","status":"publish","type":"product","link":"https:\/\/pizbube.ch\/en\/shop\/eiger-triumphe-und-tragoedien-1932-1938\/","title":{"rendered":"Eiger Triumphe und Trag\u00f6dien 1932-1938"},"content":{"rendered":"<p>Die 1930er Jahre am Eiger<\/p>\n<p>Alpinistische H\u00f6chstleistungen, konfliktreiche Debatten um Sinn oder Unsinn<br \/>\nder bergsportlichen Entwicklung, politische Vereinnahmung und nationale<br \/>\nGef\u00fchle, f\u00fcrchterliche Trag\u00f6\u00addien, problematische Rettungs- und<br \/>\nBergungsarbeiten: Die Ereignisse am Eiger in den Jahren 1932 bis 1938<br \/>\nbeinhalten fraglos einige der spannendsten und aufw\u00fchlendsten<br \/>\nBegebenheiten in der Geschichte des Alpinismus.<\/p>\n<p>Das Drama von 1935 mit Sedlmayr und Mehringer machte in ganz Europa<br \/>\nSchlagzeilen, ebenso das Drama der Viererseilschaft um Toni Kurz im<br \/>\nJahr 1936, eines der bekanntesten Bergungl\u00fccke \u00fcberhaupt.<br \/>\nWeitere Versuche- und Todesopfer- folgten, bevor im Juli 1938 die Meldung der<br \/>\nErstdurchsteigung um die Welt ging: Anderl Heckmair, Ludwig V\u00f6rg, Fritz<br \/>\nKasparek und Heinrich Harrer bildeten die erfolgreiche Seilschaft. Die<br \/>\nErstbegeher wurden f\u00fcr kurze Zeit ins Rampenlicht der Nationalsozialisten<br \/>\ngezerrt, auch Hitler zeigte sich im Kreis der &#8218;Helden&#8216;.<\/p>\n<p>Im neuen Bergbuch des AS Verlags werden diese und andere brisanten<br \/>\nBegebenheiten in bisher nicht gekannter Ausf\u00fchrlichkeit chrono\u00adlogisch<br \/>\ngeschildert und um neue Erkenntnisse erg\u00e4nzt. Besonders grosse Sorgfalt wurde<br \/>\nauf die Auswahl der Fotos gelegt. In Archiven und Kellern wurden zahlreiche<br \/>\nAufnahmen entdeckt, welche die Faszination Eiger-Nordwand selbst f\u00fcr Kenner<br \/>\nder Materie aufs Neue erlebbar machen.<\/p>","protected":false},"excerpt":{"rendered":"<p>Die 1930er Jahre am Eiger Alpinistische H\u00f6chstleistungen, konfliktreiche Debatten um Sinn oder Unsinn der bergsportlichen Entwicklung, politische Vereinnahmung und nationale Gef\u00fchle, f\u00fcrchterliche Trag\u00f6\u00addien, problematische Rettungs- und Bergungsarbeiten: Die Ereignisse am Eiger in den Jahren 1932 bis 1938 beinhalten fraglos einige der spannendsten und aufw\u00fchlendsten Begebenheiten in der Geschichte des Alpinismus. Das Drama von 1935 mit [&#8230;]\n","protected":false},"featured_media":171995,"template":"","meta":[],"product_brand":[],"product_cat":[21542],"product_tag":[],"class_list":{"0":"post-150812","1":"product","2":"type-product","3":"status-publish","4":"has-post-thumbnail","6":"product_cat-sachbuecher-dokumentationen","7":"pa_autor-rettner","8":"pa_erscheinungsjahr-21591","9":"pa_region-schweiz","10":"pa_sprache-de","12":"first","13":"instock","14":"taxable","15":"shipping-taxable","16":"purchasable","17":"product-type-simple"},"_links":{"self":[{"href":"https:\/\/pizbube.ch\/en\/wp-json\/wp\/v2\/product\/150812","targetHints":{"allow":["GET"]}}],"collection":[{"href":"https:\/\/pizbube.ch\/en\/wp-json\/wp\/v2\/product"}],"about":[{"href":"https:\/\/pizbube.ch\/en\/wp-json\/wp\/v2\/types\/product"}],"wp:featuredmedia":[{"embeddable":true,"href":"https:\/\/pizbube.ch\/en\/wp-json\/wp\/v2\/media\/171995"}],"wp:attachment":[{"href":"https:\/\/pizbube.ch\/en\/wp-json\/wp\/v2\/media?parent=150812"}],"wp:term":[{"taxonomy":"product_brand","embeddable":true,"href":"https:\/\/pizbube.ch\/en\/wp-json\/wp\/v2\/product_brand?post=150812"},{"taxonomy":"product_cat","embeddable":true,"href":"https:\/\/pizbube.ch\/en\/wp-json\/wp\/v2\/product_cat?post=150812"},{"taxonomy":"product_tag","embeddable":true,"href":"https:\/\/pizbube.ch\/en\/wp-json\/wp\/v2\/product_tag?post=150812"}],"curies":[{"name":"wp","href":"https:\/\/api.w.org\/{rel}","templated":true}]}}