{"id":150814,"date":"2021-01-15T11:03:24","date_gmt":"2021-01-15T11:03:24","guid":{"rendered":"https:\/\/codengine3.ch\/?product=import-placeholder-for-204804"},"modified":"2021-01-15T14:36:22","modified_gmt":"2021-01-15T14:36:22","slug":"corti-drama","status":"publish","type":"product","link":"https:\/\/pizbube.ch\/en\/shop\/corti-drama\/","title":{"rendered":"Corti &#8211; Drama"},"content":{"rendered":"<p>Unmittelbar nach dem Ende des Dramas begann das Rauschen<br \/>\nim Bl\u00e4tterwald der internationalen Presse. Vergleichbar nur<br \/>\nmit der Trag\u00f6die am Fr\u00eaney-Zentralpfeiler am Mont Blanc (1961),<br \/>\ndem Tod von G\u00fcnter Messner im Jahre 1970 am Nanga Parbat<br \/>\noder der von Jon Krakauer in seinem Bestseller &#8218;In eisige<br \/>\nH\u00f6hen&#8216; beschriebenen Katastrophe am Mount Everest (1996),<br \/>\nwar die Eigertrag\u00f6die ein gefundenes Fressen f\u00fcr Tagespresse,<br \/>\nZeitschriften und Buchautoren. Grund war die perfekte Dynamik<br \/>\nder Story: Eine Viererseilschaft, die zu langsam in der riesigen<br \/>\nFels- und Eisarena des Eigers vordringt, bis schlie\u00dflich die<br \/>\nbeiden Italiener Claudio Corti und Stefano Longhi ersch\u00f6pft und<br \/>\nverletzt nicht mehr weiterklettern k\u00f6nnen und kurz darauf<br \/>\ndie beiden jungen Deutschen, G\u00fcnter Nothdurft und Franz<br \/>\nMayer, spurlos verschwinden. Eine spontan und zu Beginn<br \/>\netwas ungl\u00fccklich organisierte Rettungsaktion von Bergsteigern<br \/>\naus sechs Nationen, die vom sturmumtosten Eigergipfel einzig<br \/>\nClaudio Corti mit dem Stahlseil aus der Eigerwand lebend<br \/>\nbergen k\u00f6nnen. Z\u00f6gerliche einheimische Bergf\u00fchrer, die daf\u00fcr<br \/>\nvon der internationalen Presse harsch kritisiert werden. Kantige<br \/>\nFunktion\u00e4re, die sich dar\u00fcber \u00f6ffentlich zerstreiten. An all diese<br \/>\ndramatischen Ereignisse erinnerte zwei Jahre lang die Leiche<br \/>\nvon Longhi, die sichtbar f\u00fcr Einheimische wie Touristen hoch<br \/>\noben in der Nordwand baumelte. Mit der Bergung des<br \/>\n&#8218;Schandflecks&#8216; bem\u00fchten sich die einheimischen Bergf\u00fchrer<br \/>\num Wiedergutmachung. Und im Jahre 1961 endlich das Auffinden<br \/>\nder beiden toten Deutschen in der Eiger-Westflanke &#8211; sie hatten<br \/>\ndie Retter nur um Stunden verfehlt.  <\/p>","protected":false},"excerpt":{"rendered":"<p>Unmittelbar nach dem Ende des Dramas begann das Rauschen im Bl\u00e4tterwald der internationalen Presse. Vergleichbar nur mit der Trag\u00f6die am Fr\u00eaney-Zentralpfeiler am Mont Blanc (1961), dem Tod von G\u00fcnter Messner im Jahre 1970 am Nanga Parbat oder der von Jon Krakauer in seinem Bestseller &#8218;In eisige H\u00f6hen&#8216; beschriebenen Katastrophe am Mount Everest (1996), war die [&#8230;]\n","protected":false},"featured_media":33320,"template":"","meta":[],"product_brand":[],"product_cat":[21542],"product_tag":[],"class_list":{"0":"post-150814","1":"product","2":"type-product","3":"status-publish","4":"has-post-thumbnail","6":"product_cat-sachbuecher-dokumentationen","7":"pa_autor-anker-rettner","8":"pa_erscheinungsjahr-21842","9":"pa_region-schweiz","10":"pa_sprache-de","12":"first","13":"outofstock","14":"taxable","15":"shipping-taxable","16":"purchasable","17":"product-type-simple"},"_links":{"self":[{"href":"https:\/\/pizbube.ch\/en\/wp-json\/wp\/v2\/product\/150814","targetHints":{"allow":["GET"]}}],"collection":[{"href":"https:\/\/pizbube.ch\/en\/wp-json\/wp\/v2\/product"}],"about":[{"href":"https:\/\/pizbube.ch\/en\/wp-json\/wp\/v2\/types\/product"}],"wp:featuredmedia":[{"embeddable":true,"href":"https:\/\/pizbube.ch\/en\/wp-json\/wp\/v2\/media\/33320"}],"wp:attachment":[{"href":"https:\/\/pizbube.ch\/en\/wp-json\/wp\/v2\/media?parent=150814"}],"wp:term":[{"taxonomy":"product_brand","embeddable":true,"href":"https:\/\/pizbube.ch\/en\/wp-json\/wp\/v2\/product_brand?post=150814"},{"taxonomy":"product_cat","embeddable":true,"href":"https:\/\/pizbube.ch\/en\/wp-json\/wp\/v2\/product_cat?post=150814"},{"taxonomy":"product_tag","embeddable":true,"href":"https:\/\/pizbube.ch\/en\/wp-json\/wp\/v2\/product_tag?post=150814"}],"curies":[{"name":"wp","href":"https:\/\/api.w.org\/{rel}","templated":true}]}}