{"id":150815,"date":"2021-01-15T11:03:24","date_gmt":"2021-01-15T11:03:24","guid":{"rendered":"https:\/\/codengine3.ch\/?product=import-placeholder-for-205441"},"modified":"2021-01-15T14:41:16","modified_gmt":"2021-01-15T14:41:16","slug":"nordwand","status":"publish","type":"product","link":"https:\/\/pizbube.ch\/en\/shop\/nordwand\/","title":{"rendered":"Nordwand"},"content":{"rendered":"<p>Das Drama des Toni Kurz am Eiger  <\/p>\n<p>Das Buch zum Film &#8218;Nordwand&#8216; zeigt und erz\u00e4hlt das Drama mit grossartigen<br \/>\nFotos und Dialogen aus dem Drehbuch. &#8218;Der erste Kletterer st\u00fcrzt ab, der<br \/>\nzweite erfriert, der dritte wird vom Kletterseil stranguliert. Nur Toni Kurz<br \/>\n\u00fcberlebt. Am Seil zusammen- gebunden mit zwei Toten steht er nun auf einer<br \/>\nwinzigen Felsleiste \u00fcber dem Abgrund, halb erfroren und v\u00f6llig ersch\u00f6pft, kann<br \/>\nnicht vor und nicht zur\u00fcck. Verzweifelt schreit Toni Kurz um Hilfe.&#8216; Das Drama<br \/>\nnimmt seinen Lauf&#8230;  <\/p>\n<p>Die Hauptdarsteller sind in der Rolle von Toni Kurz Benno F\u00fcrmann, in jener<br \/>\nvon Anderl Hinterstoi\u00dfer Florian Lukas, als Reporter Ulrich Tukur und als<br \/>\nGeliebte von Toni Kurz Johanna Wokalek. Der &#8218;Nordwand&#8216;-Regisseur Philipp<br \/>\nSt\u00f6lzl ist bekannt geworden mit seinen Musikvideos<br \/>\nf\u00fcr Madonna, Tote Hosen und Rammstein.F\u00fcr diesen Film hat er sich akribisch in<br \/>\ndie Alpin- und Filmgeschichte eingearbeitet.  <\/p>\n<p>Oswald Oelz, Nordwandbezwinger, bekannter internationaler Bergsteiger und<br \/>\nArzt, geht in seiner Einleitung der Frage nach: H\u00e4tte Toni Kurz eine Rettung<br \/>\n\u00fcberlebt?<br \/>\n&#8218;Die Eiger-Nordwand wollte ich schon als Zehnj\u00e4hriger durchsteigen&#8216; &#8211; schrieb<br \/>\nCurt Schneider, er hat die spannende Reportage &#8218;Drama in der Nordwand&#8216;<br \/>\ngeschrieben. Die Geschichte hinter den Kulissen erz\u00e4hlt von den Dreharbeiten<br \/>\nin der Wand und an der nachgebauten Felswand in einem K\u00fchlhaus, von<br \/>\nDrehb\u00fcchern und Storyboards, von Kost\u00fcm- und Maskentests und nicht zuletzt vom<br \/>\nTourenbuch von Toni Kurz. Interviews von Dirk von Nayhau\u00df mit dem Regisseur<br \/>\nund den Hauptdarstellern runden das Buch ab.  <\/p>","protected":false},"excerpt":{"rendered":"<p>Das Drama des Toni Kurz am Eiger Das Buch zum Film &#8218;Nordwand&#8216; zeigt und erz\u00e4hlt das Drama mit grossartigen Fotos und Dialogen aus dem Drehbuch. &#8218;Der erste Kletterer st\u00fcrzt ab, der zweite erfriert, der dritte wird vom Kletterseil stranguliert. Nur Toni Kurz \u00fcberlebt. Am Seil zusammen- gebunden mit zwei Toten steht er nun auf einer [&#8230;]\n","protected":false},"featured_media":34149,"template":"","meta":[],"product_brand":[],"product_cat":[21542],"product_tag":[],"class_list":{"0":"post-150815","1":"product","2":"type-product","3":"status-publish","4":"has-post-thumbnail","6":"product_cat-sachbuecher-dokumentationen","7":"pa_autor-oelz-schneider-von-nayhauss-klier","8":"pa_erscheinungsjahr-21591","9":"pa_region-schweiz","10":"pa_sprache-de","12":"first","13":"instock","14":"taxable","15":"shipping-taxable","16":"purchasable","17":"product-type-simple"},"_links":{"self":[{"href":"https:\/\/pizbube.ch\/en\/wp-json\/wp\/v2\/product\/150815","targetHints":{"allow":["GET"]}}],"collection":[{"href":"https:\/\/pizbube.ch\/en\/wp-json\/wp\/v2\/product"}],"about":[{"href":"https:\/\/pizbube.ch\/en\/wp-json\/wp\/v2\/types\/product"}],"wp:featuredmedia":[{"embeddable":true,"href":"https:\/\/pizbube.ch\/en\/wp-json\/wp\/v2\/media\/34149"}],"wp:attachment":[{"href":"https:\/\/pizbube.ch\/en\/wp-json\/wp\/v2\/media?parent=150815"}],"wp:term":[{"taxonomy":"product_brand","embeddable":true,"href":"https:\/\/pizbube.ch\/en\/wp-json\/wp\/v2\/product_brand?post=150815"},{"taxonomy":"product_cat","embeddable":true,"href":"https:\/\/pizbube.ch\/en\/wp-json\/wp\/v2\/product_cat?post=150815"},{"taxonomy":"product_tag","embeddable":true,"href":"https:\/\/pizbube.ch\/en\/wp-json\/wp\/v2\/product_tag?post=150815"}],"curies":[{"name":"wp","href":"https:\/\/api.w.org\/{rel}","templated":true}]}}