{"id":150816,"date":"2021-01-15T11:03:24","date_gmt":"2021-01-15T11:03:24","guid":{"rendered":"https:\/\/codengine3.ch\/?product=import-placeholder-for-201154"},"modified":"2025-06-04T12:05:46","modified_gmt":"2025-06-04T10:05:46","slug":"die-weisse-spinne-tb-ausgabe","status":"publish","type":"product","link":"https:\/\/pizbube.ch\/en\/shop\/die-weisse-spinne-tb-ausgabe\/","title":{"rendered":"Die weisse Spinne (TB Ausgabe)"},"content":{"rendered":"<p>Das grosse Buch vom Eiger<\/p>\n<p>Trag\u00f6dien, die sich in der gef\u00e4hrlichsten Wand der Alpen zugetragen haben.<br \/>\n(Klassiker!)<\/p>\n<p>Seit Heinrich Harrers Wei\u00dfe Spinne 1958 erstmals erschien, geh\u00f6rt sein Buch<br \/>\nvom Eiger zu den ganz gro\u00dfen Abenteuerreportagen unseres Jahrhunderts. Um neue<br \/>\nFotos erg\u00e4nzt und bis in unsere Tage fortgeschrieben, pr\u00e4sentiert sich hier<br \/>\neines der faszinierendsten Kapitel des Alpinismus &#8211; Harrers Erinnerungen an<br \/>\ndie Erstbesteigung, dokumentarische Schilderungen aller erfolgreichen<br \/>\nBegehungen und die Chronik der Eiger-Trag\u00f6dien.<\/p>\n<p>Taschenbuch. 9. Auflg.<\/p>","protected":false},"excerpt":{"rendered":"<p>Das grosse Buch vom Eiger Trag\u00f6dien, die sich in der gef\u00e4hrlichsten Wand der Alpen zugetragen haben. (Klassiker!) Seit Heinrich Harrers Wei\u00dfe Spinne 1958 erstmals erschien, geh\u00f6rt sein Buch vom Eiger zu den ganz gro\u00dfen Abenteuerreportagen unseres Jahrhunderts. Um neue Fotos erg\u00e4nzt und bis in unsere Tage fortgeschrieben, pr\u00e4sentiert sich hier eines der faszinierendsten Kapitel des [&#8230;]\n","protected":false},"featured_media":171993,"template":"","meta":[],"product_brand":[],"product_cat":[21542],"product_tag":[],"class_list":{"0":"post-150816","1":"product","2":"type-product","3":"status-publish","4":"has-post-thumbnail","6":"product_cat-sachbuecher-dokumentationen","7":"pa_autor-harrer","8":"pa_erscheinungsjahr-21558","9":"pa_region-schweiz","10":"pa_sprache-de","12":"first","13":"instock","14":"taxable","15":"shipping-taxable","16":"purchasable","17":"product-type-simple"},"_links":{"self":[{"href":"https:\/\/pizbube.ch\/en\/wp-json\/wp\/v2\/product\/150816","targetHints":{"allow":["GET"]}}],"collection":[{"href":"https:\/\/pizbube.ch\/en\/wp-json\/wp\/v2\/product"}],"about":[{"href":"https:\/\/pizbube.ch\/en\/wp-json\/wp\/v2\/types\/product"}],"wp:featuredmedia":[{"embeddable":true,"href":"https:\/\/pizbube.ch\/en\/wp-json\/wp\/v2\/media\/171993"}],"wp:attachment":[{"href":"https:\/\/pizbube.ch\/en\/wp-json\/wp\/v2\/media?parent=150816"}],"wp:term":[{"taxonomy":"product_brand","embeddable":true,"href":"https:\/\/pizbube.ch\/en\/wp-json\/wp\/v2\/product_brand?post=150816"},{"taxonomy":"product_cat","embeddable":true,"href":"https:\/\/pizbube.ch\/en\/wp-json\/wp\/v2\/product_cat?post=150816"},{"taxonomy":"product_tag","embeddable":true,"href":"https:\/\/pizbube.ch\/en\/wp-json\/wp\/v2\/product_tag?post=150816"}],"curies":[{"name":"wp","href":"https:\/\/api.w.org\/{rel}","templated":true}]}}