{"id":150818,"date":"2021-01-15T11:03:24","date_gmt":"2021-01-15T11:03:24","guid":{"rendered":"https:\/\/codengine3.ch\/?product=import-placeholder-for-204893"},"modified":"2021-01-15T14:37:04","modified_gmt":"2021-01-15T14:37:04","slug":"die-wand-aller-waende","status":"publish","type":"product","link":"https:\/\/pizbube.ch\/en\/shop\/die-wand-aller-waende\/","title":{"rendered":"Die Wand aller W\u00e4nde"},"content":{"rendered":"<p>Mythos Eiger-Nordwand: Auf der Spur seines t\u00f6dlich verungl\u00fcckten Vaters stellt<br \/>\nJohn Harlin sich der Herausforderung. Sein sehr pers\u00f6nliches Buch ist zugleich<br \/>\neine Hommage an ein halbes Jahrhundert Eiger-Geschichte.  <\/p>\n<p>M\u00e4rz 1966: John Harlin, dem Leiter der amerikanisch-britischen<br \/>\nErstbegehungsmannschaft am Eiger, gelingt eine neue Direttissima \u00fcber die<br \/>\nmittlere Gipfelwand. Doch unterhalb der ber\u00fcchtigten &#8218;Spinne&#8216;, die schon<br \/>\nvie\u00adlen Bergsteigern zum Verh\u00e4ngnis wurde, rei\u00dft das Seil, der erfahrene<br \/>\nHarlin st\u00fcrzt ins Leere. Vierzig Jahre da\u00adnach kehrt sein Sohn, dessen<br \/>\nKindheit von Stolz auf den Vater ebenso gepr\u00e4gt war wie von der st\u00e4ndigen<br \/>\nAngst um ihn, an die Eiger-Nordwand zur\u00fcck. Mit den deutschen Aus\u00adnahme-<br \/>\nBergsteigern Robert und Daniela Jasper will er selbst den Gipfel, der so lange<br \/>\nals unbezwingbar galt, erreichen? Gekonnt verbindet John Harlin seine eigene<br \/>\npackende Tour mit den historischen Ereignissen &#8211; eindrucksvoll dokumentiert<br \/>\ndurch Auf\u00adnahmen aus dem IMAX-Film &#8218;Alpen &#8211; Giganten der Natur&#8216;, der im<br \/>\nSom\u00admer 2007 in die Kinos kommt und dessen Herzst\u00fcck der Eiger und John<br \/>\nHarlins Besteigung bilden.<\/p>","protected":false},"excerpt":{"rendered":"<p>Mythos Eiger-Nordwand: Auf der Spur seines t\u00f6dlich verungl\u00fcckten Vaters stellt John Harlin sich der Herausforderung. Sein sehr pers\u00f6nliches Buch ist zugleich eine Hommage an ein halbes Jahrhundert Eiger-Geschichte. M\u00e4rz 1966: John Harlin, dem Leiter der amerikanisch-britischen Erstbegehungsmannschaft am Eiger, gelingt eine neue Direttissima \u00fcber die mittlere Gipfelwand. Doch unterhalb der ber\u00fcchtigten &#8218;Spinne&#8216;, die schon vie\u00adlen [&#8230;]\n","protected":false},"featured_media":33434,"template":"","meta":[],"product_brand":[],"product_cat":[21542],"product_tag":[],"class_list":{"0":"post-150818","1":"product","2":"type-product","3":"status-publish","4":"has-post-thumbnail","6":"product_cat-sachbuecher-dokumentationen","7":"pa_autor-harlin","8":"pa_erscheinungsjahr-21693","9":"pa_region-schweiz","10":"pa_sprache-de","12":"first","13":"outofstock","14":"taxable","15":"shipping-taxable","16":"purchasable","17":"product-type-simple"},"_links":{"self":[{"href":"https:\/\/pizbube.ch\/en\/wp-json\/wp\/v2\/product\/150818","targetHints":{"allow":["GET"]}}],"collection":[{"href":"https:\/\/pizbube.ch\/en\/wp-json\/wp\/v2\/product"}],"about":[{"href":"https:\/\/pizbube.ch\/en\/wp-json\/wp\/v2\/types\/product"}],"wp:featuredmedia":[{"embeddable":true,"href":"https:\/\/pizbube.ch\/en\/wp-json\/wp\/v2\/media\/33434"}],"wp:attachment":[{"href":"https:\/\/pizbube.ch\/en\/wp-json\/wp\/v2\/media?parent=150818"}],"wp:term":[{"taxonomy":"product_brand","embeddable":true,"href":"https:\/\/pizbube.ch\/en\/wp-json\/wp\/v2\/product_brand?post=150818"},{"taxonomy":"product_cat","embeddable":true,"href":"https:\/\/pizbube.ch\/en\/wp-json\/wp\/v2\/product_cat?post=150818"},{"taxonomy":"product_tag","embeddable":true,"href":"https:\/\/pizbube.ch\/en\/wp-json\/wp\/v2\/product_tag?post=150818"}],"curies":[{"name":"wp","href":"https:\/\/api.w.org\/{rel}","templated":true}]}}