{"id":150821,"date":"2021-01-15T11:03:25","date_gmt":"2021-01-15T11:03:25","guid":{"rendered":"https:\/\/codengine3.ch\/?product=import-placeholder-for-201279"},"modified":"2024-03-14T09:46:09","modified_gmt":"2024-03-14T08:46:09","slug":"eiger-die-vertikale-arena","status":"publish","type":"product","link":"https:\/\/pizbube.ch\/en\/shop\/eiger-die-vertikale-arena\/","title":{"rendered":"Eiger &#8211; Die vertikale Arena"},"content":{"rendered":"<p>Alles \u00fcber die vertikale Arena! Ausf\u00fchrliche Dokumentation \u00fcber den Berg:<br \/>\nBesteigungsgeschichte, Filmliste, Jungfraubahnbau, S\u00fcdwand, Mittellegigrat&#8230;<br \/>\nWie eine Arena aus Fels und Eis thront die 1800 m hohe Nordwand des Eigers<br \/>\n\u00fcber den Alpwiesen und Berggasth\u00e4usern von der Kleinen Scheidegg und von<br \/>\nAlpigeln oberhalb Grindelwald.<\/p>\n<p>Eine Arena, wie geschaffen f\u00fcr spannende Auf- und Abtritte.Die AS-<br \/>\nBergmonografie Eiger begeistert alle: Jene, die gerne selbst in der Wand<br \/>\nklettern w\u00fcrden ebenso wie jene, die dem Treiben lieber mit dem Feldstecher<br \/>\nvom sicheren Boden aus zuschauen.Der Eiger ist der \u00f6ffentliche Berg<br \/>\nschlechthin.<\/p>\n<p>Die Erstbesteigung des markanten, weitherum sichtbaren Gipfels erfolgte 1858<br \/>\ndurch einen irischen Gelegenheitsbergsteiger und zwei Berner Oberl\u00e4nder \u00fcber<br \/>\ndie Westflanke, die heutige, immer noch als ziemlich schwierig eingestufte<br \/>\nNormalroute. Der f\u00fcr \u00abunm\u00f6glich\u00bb gehaltene Nordost- oder Mittellegigrat wurde<br \/>\n1885 erstmals im Abstieg und 1921 vom Japaner Yuko Maki und drei Berner<br \/>\nOberl\u00e4ndern im Aufstieg erklettert. Die ganz grosse Herausforderung wartete<br \/>\naber noch die als Wand der W\u00e4nde bezeichnete Eigernordwand. Bevor der<br \/>\nDurchstieg den Deutschen Andreas Heckmair und Ludwig V\u00f6rg sowie den<br \/>\n\u00d6sterreichern Heinrich Harrer und Fritz Kasparek im Sommer 1938 gl\u00fcckte,<br \/>\nkamenacht Alpinisten ums Leben. Das tragische Ende von Toni Kurz &#8211; er starb<br \/>\n1936 im Seil h\u00e4ngend, vor den Augen der Rettungsmannschaft, die ihn nicht<br \/>\nbergen konnten &#8211; ist einer bekanntesten Unf\u00e4lle der Alpinismusgeschichte.<br \/>\nSeither rissen Triumphe und Trag\u00f6dien am Eiger nicht ab: die Nordwand forderte<br \/>\n\u00fcber 50 Tote; sie wird auf ihrer ganzen Breite von 21 verschiedenen, teils<br \/>\nextrem schwierigen Routen durchzogen.<\/p>\n<p>4., erweiterte und aktualisierte Auflage<\/p>","protected":false},"excerpt":{"rendered":"<p>Alles \u00fcber die vertikale Arena! Ausf\u00fchrliche Dokumentation \u00fcber den Berg: Besteigungsgeschichte, Filmliste, Jungfraubahnbau, S\u00fcdwand, Mittellegigrat&#8230; Wie eine Arena aus Fels und Eis thront die 1800 m hohe Nordwand des Eigers \u00fcber den Alpwiesen und Berggasth\u00e4usern von der Kleinen Scheidegg und von Alpigeln oberhalb Grindelwald. Eine Arena, wie geschaffen f\u00fcr spannende Auf- und Abtritte.Die AS- Bergmonografie [&#8230;]\n","protected":false},"featured_media":171994,"template":"","meta":[],"product_brand":[],"product_cat":[21542],"product_tag":[],"class_list":{"0":"post-150821","1":"product","2":"type-product","3":"status-publish","4":"has-post-thumbnail","6":"product_cat-sachbuecher-dokumentationen","7":"pa_autor-anker","8":"pa_erscheinungsjahr-21591","9":"pa_region-schweiz","10":"pa_sprache-de","12":"first","13":"instock","14":"taxable","15":"shipping-taxable","16":"purchasable","17":"product-type-simple"},"_links":{"self":[{"href":"https:\/\/pizbube.ch\/en\/wp-json\/wp\/v2\/product\/150821","targetHints":{"allow":["GET"]}}],"collection":[{"href":"https:\/\/pizbube.ch\/en\/wp-json\/wp\/v2\/product"}],"about":[{"href":"https:\/\/pizbube.ch\/en\/wp-json\/wp\/v2\/types\/product"}],"wp:featuredmedia":[{"embeddable":true,"href":"https:\/\/pizbube.ch\/en\/wp-json\/wp\/v2\/media\/171994"}],"wp:attachment":[{"href":"https:\/\/pizbube.ch\/en\/wp-json\/wp\/v2\/media?parent=150821"}],"wp:term":[{"taxonomy":"product_brand","embeddable":true,"href":"https:\/\/pizbube.ch\/en\/wp-json\/wp\/v2\/product_brand?post=150821"},{"taxonomy":"product_cat","embeddable":true,"href":"https:\/\/pizbube.ch\/en\/wp-json\/wp\/v2\/product_cat?post=150821"},{"taxonomy":"product_tag","embeddable":true,"href":"https:\/\/pizbube.ch\/en\/wp-json\/wp\/v2\/product_tag?post=150821"}],"curies":[{"name":"wp","href":"https:\/\/api.w.org\/{rel}","templated":true}]}}