{"id":150826,"date":"2021-01-15T11:03:30","date_gmt":"2021-01-15T11:03:30","guid":{"rendered":"https:\/\/codengine3.ch\/?product=import-placeholder-for-201102"},"modified":"2023-06-24T11:50:18","modified_gmt":"2023-06-24T09:50:18","slug":"oberwallis","status":"publish","type":"product","link":"https:\/\/pizbube.ch\/en\/shop\/oberwallis\/","title":{"rendered":"Oberwallis"},"content":{"rendered":"<p>Zermatt \u2013 Saas-Fee \u2013 L\u00f6tschental \u2013 Simplon \u2013 Goms<\/p>\n<p>53 ausgew\u00e4hlte Tageswanderungen rund um Zermatt, Saas, Fiesch, Brig,<br \/>\nL\u00f6tschental, Goms und Simplon, 1 sechst\u00e4gige Rundwanderung durch das<br \/>\nMattertal.<\/p>\n<p>Das Wallis, die Sonnenstube der Schweiz, beindruckt Alpinisten mit seinen<br \/>\nViertausendern und Gletschern. Auch Wanderern bietet diese Region ein ideales<br \/>\nRevier. Der Rother Wanderf\u00fchrer \u00bbOberwallis\u00ab stellt die sch\u00f6nsten Wanderungen<br \/>\nrund um Zermatt, Saas-Fee, das L\u00f6tschental, Brig, Simplon und Goms vor.<br \/>\nSch\u00f6ne, genussreiche Wege durchziehen die engen T\u00e4ler und sanften H\u00e4nge,<br \/>\nmalerische Alph\u00fctten liegen verstreut zwischen Wiesen und W\u00e4ldern \u2013 alles vor<br \/>\nder gro\u00dfartigen Kulisse der Viertausender wie Matterhorn oder Monte Rosa.<\/p>\n<p>Die Autoren Michael Waeber, und Marianne Bauer, erfahrene Alpinjournalisten<br \/>\nund exzellente Wallis-Kenner, stellen aus der F\u00fclle der M\u00f6glichkeiten 53<br \/>\nTouren vor. Die Auswahl reicht von gem\u00fctlichen Halbtageswanderungen bis zu<br \/>\nanspruchsvollen Gipfelanstiegen. Auch eine sechst\u00e4gige Rundwanderung um das<br \/>\nMattertal und eine dreit\u00e4gige \u00dcberschreitung des Simplonpasses auf dem<br \/>\nhistorischen Stockalperweg sind in diesem Wanderf\u00fchrer enthalten.<\/p>\n<p>Jede Tour verf\u00fcgt \u00fcber eine ausf\u00fchrliche Wegbeschreibung, einen<br \/>\nKartenausschnitt mit eingezeichnetem Routenverlauf und ein aussagekr\u00e4ftiges<br \/>\nH\u00f6henprofil. Eine farbige Schwierigkeitsbewertung erleichtert die Auswahl.<br \/>\nGPS-Tracks stehen zum Download bereit. Einkehr- und \u00dcbernachtungsm\u00f6glichkeiten<br \/>\nwerden ebenso angegeben wie zahlreiche Tipps zu Gipfelabstechern und<br \/>\nVarianten. Umweltbewusste Wanderer finden bei jeder Tour Hinweise zur<br \/>\nErreichbarkeit mit \u00f6ffentlichen Verkehrsmitteln.<\/p>\n<p>9., aktualisierte Auflage 2022<br \/>\n184 Seiten mit 102 Farbabbildungen<br \/>\n53 Wanderk\u00e4rtchen im Ma\u00dfstab 1:50.000, 1:75.000 und 1:100.000, 53<br \/>\nH\u00f6henprofile, zwei \u00dcbersichtskarten im Ma\u00dfstab 1:500.000 und 1:800.000<\/p>","protected":false},"excerpt":{"rendered":"<p>Zermatt \u2013 Saas-Fee \u2013 L\u00f6tschental \u2013 Simplon \u2013 Goms 53 ausgew\u00e4hlte Tageswanderungen rund um Zermatt, Saas, Fiesch, Brig, L\u00f6tschental, Goms und Simplon, 1 sechst\u00e4gige Rundwanderung durch das Mattertal. Das Wallis, die Sonnenstube der Schweiz, beindruckt Alpinisten mit seinen Viertausendern und Gletschern. Auch Wanderern bietet diese Region ein ideales Revier. Der Rother Wanderf\u00fchrer \u00bbOberwallis\u00ab stellt die [&#8230;]\n","protected":false},"featured_media":168226,"template":"","meta":[],"product_brand":[],"product_cat":[21605],"product_tag":[],"class_list":{"0":"post-150826","1":"product","2":"type-product","3":"status-publish","4":"has-post-thumbnail","6":"product_cat-wanderfuehrer-trekking","7":"pa_autor-waeber-bauer","8":"pa_erscheinungsjahr-27013","9":"pa_region-schweiz","10":"pa_sprache-de","12":"first","13":"instock","14":"taxable","15":"shipping-taxable","16":"purchasable","17":"product-type-simple"},"_links":{"self":[{"href":"https:\/\/pizbube.ch\/en\/wp-json\/wp\/v2\/product\/150826","targetHints":{"allow":["GET"]}}],"collection":[{"href":"https:\/\/pizbube.ch\/en\/wp-json\/wp\/v2\/product"}],"about":[{"href":"https:\/\/pizbube.ch\/en\/wp-json\/wp\/v2\/types\/product"}],"wp:featuredmedia":[{"embeddable":true,"href":"https:\/\/pizbube.ch\/en\/wp-json\/wp\/v2\/media\/168226"}],"wp:attachment":[{"href":"https:\/\/pizbube.ch\/en\/wp-json\/wp\/v2\/media?parent=150826"}],"wp:term":[{"taxonomy":"product_brand","embeddable":true,"href":"https:\/\/pizbube.ch\/en\/wp-json\/wp\/v2\/product_brand?post=150826"},{"taxonomy":"product_cat","embeddable":true,"href":"https:\/\/pizbube.ch\/en\/wp-json\/wp\/v2\/product_cat?post=150826"},{"taxonomy":"product_tag","embeddable":true,"href":"https:\/\/pizbube.ch\/en\/wp-json\/wp\/v2\/product_tag?post=150826"}],"curies":[{"name":"wp","href":"https:\/\/api.w.org\/{rel}","templated":true}]}}