{"id":150827,"date":"2021-01-15T11:03:30","date_gmt":"2021-01-15T11:03:30","guid":{"rendered":"https:\/\/codengine3.ch\/?product=import-placeholder-for-201101"},"modified":"2025-04-12T09:05:51","modified_gmt":"2025-04-12T07:05:51","slug":"unterwallis","status":"publish","type":"product","link":"https:\/\/pizbube.ch\/en\/shop\/unterwallis\/","title":{"rendered":"Unterwallis"},"content":{"rendered":"<p>Vom Genfer See bis Sierre<\/p>\n<p>Gro\u00dfartiges Viertausender-Panorama, faszinierende Fernsichten und beeindruckende Blicke in die Tiefe \u2013 die Walliser Alpen bieten Wanderern vielseitigste Erlebnisse. Das Umfeld des weltbekannten Matterhorns geh\u00f6rt zu den Top-Bergwanderregionen der Alpen. 50 abwechslungsreiche Wanderungen vom Genfer See bis Sierre pr\u00e4sentiert der Rother Wanderf\u00fchrer \u00bbUnterwallis\u00ab.<\/p>\n<p>Genussreiche Wanderungen f\u00fchren durch die Weinberge des Rh\u00f4netals und durch lichtdurchflutete W\u00e4lder. Auf aufregend ausgesetzten Steigen geht es an historischen Wasserleitungen, den Suonen, entlang. Alpin wird es auf Gipfeltouren auf \u00fcber 3000 Meter, die bis an den Rand der Gletscher f\u00fchren. Auf Bergh\u00fctten mit herrlichen Ausblicken und in Restaurants in sch\u00f6n gelegenen D\u00f6rfern l\u00e4sst sich der Wandergenuss bei vorz\u00fcglichen Walliser Spezialit\u00e4ten abrunden.<\/p>\n<p>Jede Tour im Rother Wanderf\u00fchrer \u00bbUnterwallis\u00ab wird ausf\u00fchrlich beschrieben und mit einem aussagekr\u00e4ftigen H\u00f6henprofil sowie einem Wanderk\u00e4rtchen mit Routeneintragung illustriert. GPS-Tracks stehen zum Download bereit.<\/p>\n<p>Die Autoren Michael Waeber und Marianne Bauer sind beide exzellente Wallis-Kenner. Ihre Auswahl aus leichten, mittelschweren und anspruchsvollen Wanderungen lassen Wanderer die sch\u00f6nste Seite des Unterwallis erleben. Sie f\u00fchren in den franz\u00f6sischsprachigen Teil des Wallis: rund um die St\u00e4dte Sion, Sierre und Martigny sowie ins Zinaltal, ins Val d\u2019H\u00e9rens, Val de Bagnes und Val d\u2019Entremont. In ihrem Rother Wanderf\u00fchrer \u00bbOberwallis\u00ab stellen sie 51 Touren im deutschsprachigen Bereich des Rh\u00f4netals vor.<\/p>\n<p>F\u00fcr die sechste Auflage wurde dieser Rother Wanderf\u00fchrer vollst\u00e4ndig neu bearbeitet.<\/p>\n<p>6. Auflage 2021<br \/>\n176 Seiten mit 119 Farbabbildungen<br \/>\n50 H\u00f6henprofile, 50 Wanderk\u00e4rtchen im Ma\u00dfstab 1:25.000 bis 1:75.000, zwei \u00dcbersichtskarten im Ma\u00dfstab 1:600.000 und 1:750.000<br \/>\nFormat 11,5 x 16,5 cm<br \/>\nkartoniert mit Polytex-Laminierung<\/p>","protected":false},"excerpt":{"rendered":"<p>Vom Genfer See bis Sierre Gro\u00dfartiges Viertausender-Panorama, faszinierende Fernsichten und beeindruckende Blicke in die Tiefe \u2013 die Walliser Alpen bieten Wanderern vielseitigste Erlebnisse. Das Umfeld des weltbekannten Matterhorns geh\u00f6rt zu den Top-Bergwanderregionen der Alpen. 50 abwechslungsreiche Wanderungen vom Genfer See bis Sierre pr\u00e4sentiert der Rother Wanderf\u00fchrer \u00bbUnterwallis\u00ab. Genussreiche Wanderungen f\u00fchren durch die Weinberge des Rh\u00f4netals [&#8230;]\n","protected":false},"featured_media":158784,"template":"","meta":[],"product_brand":[],"product_cat":[21605],"product_tag":[],"class_list":{"0":"post-150827","1":"product","2":"type-product","3":"status-publish","4":"has-post-thumbnail","6":"product_cat-wanderfuehrer-trekking","7":"pa_autor-waeber-bauer","8":"pa_erscheinungsjahr-25440","9":"pa_region-schweiz","10":"pa_sprache-de","12":"first","13":"instock","14":"taxable","15":"shipping-taxable","16":"purchasable","17":"product-type-simple"},"_links":{"self":[{"href":"https:\/\/pizbube.ch\/en\/wp-json\/wp\/v2\/product\/150827","targetHints":{"allow":["GET"]}}],"collection":[{"href":"https:\/\/pizbube.ch\/en\/wp-json\/wp\/v2\/product"}],"about":[{"href":"https:\/\/pizbube.ch\/en\/wp-json\/wp\/v2\/types\/product"}],"wp:featuredmedia":[{"embeddable":true,"href":"https:\/\/pizbube.ch\/en\/wp-json\/wp\/v2\/media\/158784"}],"wp:attachment":[{"href":"https:\/\/pizbube.ch\/en\/wp-json\/wp\/v2\/media?parent=150827"}],"wp:term":[{"taxonomy":"product_brand","embeddable":true,"href":"https:\/\/pizbube.ch\/en\/wp-json\/wp\/v2\/product_brand?post=150827"},{"taxonomy":"product_cat","embeddable":true,"href":"https:\/\/pizbube.ch\/en\/wp-json\/wp\/v2\/product_cat?post=150827"},{"taxonomy":"product_tag","embeddable":true,"href":"https:\/\/pizbube.ch\/en\/wp-json\/wp\/v2\/product_tag?post=150827"}],"curies":[{"name":"wp","href":"https:\/\/api.w.org\/{rel}","templated":true}]}}