{"id":150828,"date":"2021-01-15T11:03:30","date_gmt":"2021-01-15T11:03:30","guid":{"rendered":"https:\/\/codengine3.ch\/?product=import-placeholder-for-204011"},"modified":"2021-01-15T14:28:52","modified_gmt":"2021-01-15T14:28:52","slug":"du-cervin-au-leman-les-plus-beaux-tours-du-valais","status":"publish","type":"product","link":"https:\/\/pizbube.ch\/en\/shop\/du-cervin-au-leman-les-plus-beaux-tours-du-valais\/","title":{"rendered":"Du Cervin au L\u00e9man Les plus beaux tours du Valais"},"content":{"rendered":"<p>\nAu coeur de la cha\u00eene alpine, le Valais compte la plus grande concentration de<br \/>\n4000. \u00c0 leurs pieds s&#8217;\u00e9tend un r\u00e9seau de bons sentiers o\u00f9 de nombreux tours<br \/>\nont \u00e9t\u00e9 mis en place, le dernier en date \u00e9tant le Tour du Cervin.<\/p>\n<p>Dans la s\u00e9lection pr\u00e9sent\u00e9e dans cet ouvrage, les circuits sont r\u00e9partis de<br \/>\nfa\u00e7on homog\u00e8ne, des sources du Rh\u00f4ne en vall\u00e9e de Conches, jusqu&#8217;\u00e0 son<br \/>\nembouchure dans le lac L\u00e9man.<\/p>\n<p>Certains peuvent se r\u00e9aliser en 2 jours, tandis que d&#8217;autres n\u00e9cessitent 7 \u00e0 8<br \/>\njours. Les infrastructures touristiques en place permettent la plupart du<br \/>\ntemps une randonn\u00e9e confortable, mais certains treks peuvent aussi imposer un<br \/>\nbivouac.  <\/p>","protected":false},"excerpt":{"rendered":"<p>Au coeur de la cha\u00eene alpine, le Valais compte la plus grande concentration de 4000. \u00c0 leurs pieds s&#8217;\u00e9tend un r\u00e9seau de bons sentiers o\u00f9 de nombreux tours ont \u00e9t\u00e9 mis en place, le dernier en date \u00e9tant le Tour du Cervin. Dans la s\u00e9lection pr\u00e9sent\u00e9e dans cet ouvrage, les circuits sont r\u00e9partis de fa\u00e7on [&#8230;]\n","protected":false},"featured_media":31742,"template":"","meta":[],"product_brand":[],"product_cat":[21542],"product_tag":[],"class_list":{"0":"post-150828","1":"product","2":"type-product","3":"status-publish","4":"has-post-thumbnail","6":"product_cat-sachbuecher-dokumentationen","7":"pa_autor-maire","8":"pa_erscheinungsjahr-21776","9":"pa_region-schweiz","10":"pa_sprache-fr","12":"first","13":"outofstock","14":"taxable","15":"shipping-taxable","16":"purchasable","17":"product-type-simple"},"_links":{"self":[{"href":"https:\/\/pizbube.ch\/en\/wp-json\/wp\/v2\/product\/150828","targetHints":{"allow":["GET"]}}],"collection":[{"href":"https:\/\/pizbube.ch\/en\/wp-json\/wp\/v2\/product"}],"about":[{"href":"https:\/\/pizbube.ch\/en\/wp-json\/wp\/v2\/types\/product"}],"wp:featuredmedia":[{"embeddable":true,"href":"https:\/\/pizbube.ch\/en\/wp-json\/wp\/v2\/media\/31742"}],"wp:attachment":[{"href":"https:\/\/pizbube.ch\/en\/wp-json\/wp\/v2\/media?parent=150828"}],"wp:term":[{"taxonomy":"product_brand","embeddable":true,"href":"https:\/\/pizbube.ch\/en\/wp-json\/wp\/v2\/product_brand?post=150828"},{"taxonomy":"product_cat","embeddable":true,"href":"https:\/\/pizbube.ch\/en\/wp-json\/wp\/v2\/product_cat?post=150828"},{"taxonomy":"product_tag","embeddable":true,"href":"https:\/\/pizbube.ch\/en\/wp-json\/wp\/v2\/product_tag?post=150828"}],"curies":[{"name":"wp","href":"https:\/\/api.w.org\/{rel}","templated":true}]}}