{"id":150831,"date":"2021-01-15T11:03:30","date_gmt":"2021-01-15T11:03:30","guid":{"rendered":"https:\/\/codengine3.ch\/?product=import-placeholder-for-207123"},"modified":"2023-09-06T09:31:46","modified_gmt":"2023-09-06T07:31:46","slug":"les-bisses-economie-societe-patrimoine","status":"publish","type":"product","link":"https:\/\/pizbube.ch\/en\/shop\/les-bisses-economie-societe-patrimoine\/","title":{"rendered":"Les Bisses, \u00e9conomie, soci\u00e9t\u00e9, patrimoine."},"content":{"rendered":"<p>Les Annales valaisannes 2010-2011 &#8211; Actes du colloque international, 2-5<br \/>\nseptembre 2010<\/p>\n<p>Un livre de 564 pages en quadrichromie, dont 45 en st\u00e9r\u00e9oscopie<br \/>\n&#8211; une analyse des bisses sous leurs multiples facettes : technique, \u00e9conomie,<br \/>\ntourisme, organisation sociale, patrimoine, identit\u00e9 r\u00e9gionale&#8230;<br \/>\n&#8211; une illustration riche en photographies actuelles et historiques (env. 350<br \/>\nphotographies)<br \/>\n&#8211; les enjeux et d\u00e9bats concernant l`inscription des bisses valaisans sur la<br \/>\nListe du patrimoine mondial.<br \/>\n&#8211; un livre qui renouvelle et actualise la compr\u00e9hension des bisses comme<br \/>\nsyst\u00e8me global, r\u00e9v\u00e9lateur d`une \u00e9conomie, d`une soci\u00e9t\u00e9, d`une civilisation.<\/p>\n<p>Remarque : 45 photos d`archives sont imprim\u00e9es avec un l\u00e9ger d\u00e9calage de<br \/>\ncouleurs. Elles doivent \u00eatre regard\u00e9es avec les lunettes bicolores plac\u00e9es en<br \/>\np. 2 de couverture!<\/p>","protected":false},"excerpt":{"rendered":"<p>Les Annales valaisannes 2010-2011 &#8211; Actes du colloque international, 2-5 septembre 2010 Un livre de 564 pages en quadrichromie, dont 45 en st\u00e9r\u00e9oscopie &#8211; une analyse des bisses sous leurs multiples facettes : technique, \u00e9conomie, tourisme, organisation sociale, patrimoine, identit\u00e9 r\u00e9gionale&#8230; &#8211; une illustration riche en photographies actuelles et historiques (env. 350 photographies) &#8211; les [&#8230;]\n","protected":false},"featured_media":36731,"template":"","meta":[],"product_brand":[],"product_cat":[21542],"product_tag":[],"class_list":{"0":"post-150831","1":"product","2":"type-product","3":"status-publish","4":"has-post-thumbnail","6":"product_cat-sachbuecher-dokumentationen","7":"pa_autor-shvr","8":"pa_erscheinungsjahr-21610","9":"pa_region-schweiz","10":"pa_sprache-fr","12":"first","13":"onbackorder","14":"taxable","15":"shipping-taxable","16":"purchasable","17":"product-type-simple"},"_links":{"self":[{"href":"https:\/\/pizbube.ch\/en\/wp-json\/wp\/v2\/product\/150831","targetHints":{"allow":["GET"]}}],"collection":[{"href":"https:\/\/pizbube.ch\/en\/wp-json\/wp\/v2\/product"}],"about":[{"href":"https:\/\/pizbube.ch\/en\/wp-json\/wp\/v2\/types\/product"}],"wp:featuredmedia":[{"embeddable":true,"href":"https:\/\/pizbube.ch\/en\/wp-json\/wp\/v2\/media\/36731"}],"wp:attachment":[{"href":"https:\/\/pizbube.ch\/en\/wp-json\/wp\/v2\/media?parent=150831"}],"wp:term":[{"taxonomy":"product_brand","embeddable":true,"href":"https:\/\/pizbube.ch\/en\/wp-json\/wp\/v2\/product_brand?post=150831"},{"taxonomy":"product_cat","embeddable":true,"href":"https:\/\/pizbube.ch\/en\/wp-json\/wp\/v2\/product_cat?post=150831"},{"taxonomy":"product_tag","embeddable":true,"href":"https:\/\/pizbube.ch\/en\/wp-json\/wp\/v2\/product_tag?post=150831"}],"curies":[{"name":"wp","href":"https:\/\/api.w.org\/{rel}","templated":true}]}}