{"id":150832,"date":"2021-01-15T11:03:30","date_gmt":"2021-01-15T11:03:30","guid":{"rendered":"https:\/\/codengine3.ch\/?product=import-placeholder-for-207188"},"modified":"2021-06-23T10:56:19","modified_gmt":"2021-06-23T08:56:19","slug":"bas-valais","status":"publish","type":"product","link":"https:\/\/pizbube.ch\/en\/shop\/bas-valais\/","title":{"rendered":"Bas-Valais"},"content":{"rendered":"<p>Randonn\u00e9es alpines \/ objectif le sommet<br \/>\nDe la Bella Tola aux Cornettes de Bise<\/p>\n<p>Ce guide d\u00e9crit 40 courses sur des sommets du Bas-Valais, du Val d`Anniviers<br \/>\nau Lac L\u00e9man, en passant par le Val d`H\u00e9rens, le Val de Nendaz, le Val de<br \/>\nBagnes, l`Entremont, le Val Ferret, la vall\u00e9e du Trient et le Val d`Illiez. Il<br \/>\npropose plus de 100 randonn\u00e9es allant de la difficult\u00e9 T2 \u00e0 T6. Plusieurs<br \/>\nsommets d\u00e9passent all\u00e9grement les 3000 m\u00e8tres.<\/p>\n<p>En compl\u00e9ment \u00e0 chaque itin\u00e9raire, une approche \u00e0 VTT est propos\u00e9e. Les<br \/>\nd\u00e9placements en transports publics ont \u00e9t\u00e9 privil\u00e9gi\u00e9s.<\/p>\n<p>288 pages, 182 photos en couleur, 42 cartes synoptiques<\/p>","protected":false},"excerpt":{"rendered":"<p><a href=\"https:\/\/pizbube.ch\/wp-content\/uploads\/2021\/01\/Leseprobe_Inhalt_Bas-Valais.pdf\" target=\"_blank\" rel=\"noopener\">PDF Leseprobe_Inhalt_Bas-Valais<\/a><\/p>","protected":false},"featured_media":157705,"template":"","meta":[],"product_brand":[],"product_cat":[21605],"product_tag":[],"class_list":{"0":"post-150832","1":"product","2":"type-product","3":"status-publish","4":"has-post-thumbnail","6":"product_cat-wanderfuehrer-trekking","7":"pa_autor-sanga","8":"pa_erscheinungsjahr-21621","9":"pa_region-schweiz","10":"pa_sprache-fr","12":"first","13":"instock","14":"taxable","15":"shipping-taxable","16":"purchasable","17":"product-type-simple"},"_links":{"self":[{"href":"https:\/\/pizbube.ch\/en\/wp-json\/wp\/v2\/product\/150832","targetHints":{"allow":["GET"]}}],"collection":[{"href":"https:\/\/pizbube.ch\/en\/wp-json\/wp\/v2\/product"}],"about":[{"href":"https:\/\/pizbube.ch\/en\/wp-json\/wp\/v2\/types\/product"}],"wp:featuredmedia":[{"embeddable":true,"href":"https:\/\/pizbube.ch\/en\/wp-json\/wp\/v2\/media\/157705"}],"wp:attachment":[{"href":"https:\/\/pizbube.ch\/en\/wp-json\/wp\/v2\/media?parent=150832"}],"wp:term":[{"taxonomy":"product_brand","embeddable":true,"href":"https:\/\/pizbube.ch\/en\/wp-json\/wp\/v2\/product_brand?post=150832"},{"taxonomy":"product_cat","embeddable":true,"href":"https:\/\/pizbube.ch\/en\/wp-json\/wp\/v2\/product_cat?post=150832"},{"taxonomy":"product_tag","embeddable":true,"href":"https:\/\/pizbube.ch\/en\/wp-json\/wp\/v2\/product_tag?post=150832"}],"curies":[{"name":"wp","href":"https:\/\/api.w.org\/{rel}","templated":true}]}}