{"id":150833,"date":"2021-01-15T11:03:30","date_gmt":"2021-01-15T11:03:30","guid":{"rendered":"https:\/\/codengine3.ch\/?product=import-placeholder-for-206913"},"modified":"2021-01-15T14:53:19","modified_gmt":"2021-01-15T14:53:19","slug":"bike-and-climb","status":"publish","type":"product","link":"https:\/\/pizbube.ch\/en\/shop\/bike-and-climb\/","title":{"rendered":"Bike and Climb"},"content":{"rendered":"<p>\nUnterwegs mit Velo und Wanderschuhen  <\/p>\n<p>Bike and Climb \u2013 Der neue Velo- und Wanderf\u00fchrer verf\u00fchrt Sie zu rund 50<br \/>\nTouren zwischen Gletsch und St-Maurice f\u00fcr. F\u00fcr Jung und Alt, Profis und<br \/>\nFreizeitsportler. Jede Tour wird mit Informationen zu Kondition, Fahrtechnik<br \/>\nund Bergerfahrung erg\u00e4nzt.<\/p>\n<p>Wichtige Themen und interessante Tipps \u00fcber Umweltschutz, Kleidung, Material<br \/>\noder das Verhalten bei Notf\u00e4llen sind ebenfalls in der praktischen Broschur<br \/>\nverpackt.  <\/p>\n<p>Das Wallis, gepr\u00e4gt vom Tal der Rhone und ums\u00e4umt von den Viertausendern der<br \/>\nBerner Alpen im Norden und der Walliser Alpen im S\u00fcden, ist vielen nur als<br \/>\nSpielwiese der Hochalpinisten ein Begriff. Doch es bietet weit mehr<br \/>\nLandschaftserlebnisse als steilen Fels und Firn. Die Vielfalt der Fauna und<br \/>\nFlora, der nat\u00fcrlichen und der von der jahrhundertealten Zivilisation<br \/>\ngepr\u00e4gten Landschaftsformen in Kombination mit den umweltfreundlichen<br \/>\nFortbewegungsmitteln Velo und Wanderschuhen zu erleben und zu erforschen, dazu<br \/>\nl\u00e4dt dieser F\u00fchrer ein.<\/p>\n<p>Er wendet sich sowohl an die sportlich Ambitionierten aller Altersgruppen wie<br \/>\nauch an diejenigen Sportler, die trotz gesundheitlicher Probleme auf die<br \/>\nBegegnung mit den Sch\u00f6nheiten und auf die unvergesslichen Eindr\u00fccke in der<br \/>\nWelt der Viertausender nicht verzichten m\u00f6gen. Die Publikation aus dem Rotten<br \/>\nVerlag stellt rund 50 Tourenvorschl\u00e4ge zwischen Gletsch und St-Maurice vor.<br \/>\nErg\u00e4nzt wird der F\u00fchrer mit wichtigen Tipps zu Kleidung, Umweltschutz,<br \/>\nMaterial und dem Verhalten bei Notf\u00e4llen.  <\/p>","protected":false},"excerpt":{"rendered":"<p>Unterwegs mit Velo und Wanderschuhen Bike and Climb \u2013 Der neue Velo- und Wanderf\u00fchrer verf\u00fchrt Sie zu rund 50 Touren zwischen Gletsch und St-Maurice f\u00fcr. F\u00fcr Jung und Alt, Profis und Freizeitsportler. Jede Tour wird mit Informationen zu Kondition, Fahrtechnik und Bergerfahrung erg\u00e4nzt. Wichtige Themen und interessante Tipps \u00fcber Umweltschutz, Kleidung, Material oder das Verhalten [&#8230;]\n","protected":false},"featured_media":36410,"template":"","meta":[],"product_brand":[],"product_cat":[21606],"product_tag":[],"class_list":{"0":"post-150833","1":"product","2":"type-product","3":"status-publish","4":"has-post-thumbnail","6":"product_cat-mountainbikefuehrer","7":"pa_autor-mueller","8":"pa_erscheinungsjahr-21610","9":"pa_region-schweiz","10":"pa_sprache-de","12":"first","13":"instock","14":"taxable","15":"shipping-taxable","16":"purchasable","17":"product-type-simple"},"_links":{"self":[{"href":"https:\/\/pizbube.ch\/en\/wp-json\/wp\/v2\/product\/150833","targetHints":{"allow":["GET"]}}],"collection":[{"href":"https:\/\/pizbube.ch\/en\/wp-json\/wp\/v2\/product"}],"about":[{"href":"https:\/\/pizbube.ch\/en\/wp-json\/wp\/v2\/types\/product"}],"wp:featuredmedia":[{"embeddable":true,"href":"https:\/\/pizbube.ch\/en\/wp-json\/wp\/v2\/media\/36410"}],"wp:attachment":[{"href":"https:\/\/pizbube.ch\/en\/wp-json\/wp\/v2\/media?parent=150833"}],"wp:term":[{"taxonomy":"product_brand","embeddable":true,"href":"https:\/\/pizbube.ch\/en\/wp-json\/wp\/v2\/product_brand?post=150833"},{"taxonomy":"product_cat","embeddable":true,"href":"https:\/\/pizbube.ch\/en\/wp-json\/wp\/v2\/product_cat?post=150833"},{"taxonomy":"product_tag","embeddable":true,"href":"https:\/\/pizbube.ch\/en\/wp-json\/wp\/v2\/product_tag?post=150833"}],"curies":[{"name":"wp","href":"https:\/\/api.w.org\/{rel}","templated":true}]}}