{"id":150834,"date":"2021-01-15T11:03:30","date_gmt":"2021-01-15T11:03:30","guid":{"rendered":"https:\/\/codengine3.ch\/?product=import-placeholder-for-204730"},"modified":"2024-06-27T09:26:41","modified_gmt":"2024-06-27T07:26:41","slug":"hoehenwege-wallis","status":"publish","type":"product","link":"https:\/\/pizbube.ch\/en\/shop\/hoehenwege-wallis\/","title":{"rendered":"H\u00f6henwege Wallis"},"content":{"rendered":"<p>40 gro\u00dfartige Panoramatouren f\u00fcr 1 bis 2 Tage<\/p>\n<p>Mit dem Anblick seiner m\u00e4chtigen Viertausender \u00fcbt das Wallis unwiderstehliche<br \/>\nReize aus. Nicht nur alpine Gipfelst\u00fcrmer, auch Genusswanderer k\u00f6nnen diese<br \/>\nbeeindruckende Landschaft auf gro\u00dfartigen Panoramawegen erleben \u2013 Matterhorn<br \/>\nund Monte Rosa, Aletschgletscher und Grand Combin sind nur die ber\u00fchmtesten<br \/>\nder zahlreichen Schaust\u00fccke.<\/p>\n<p>Dieser Selection-Band umfasst gleichsam ein \u00bbBest of\u00ab der H\u00f6henwanderungen im<br \/>\nWallis \u2013 alte Suonenwege, Verbindungsrouten von Alp zu Alp sowie einige<br \/>\nhochalpine Highlights. Gebietskenner Mark Zahel stellt \u00fcberwiegend wenig bis<br \/>\nm\u00e4\u00dfig schwierige Routen aus allen Teilbereichen und Talschaften vor \u2013<br \/>\nangefangen im Goms, \u00fcber die namhaften Destinationen von Saas, Zermatt oder<br \/>\nCrans-Montana, bis hinunter gegen den Genfer See. Unterteilt durch das<br \/>\nHaupttal der Rhone richtet sich das Interesse sowohl auf die S\u00fcdabdachung der<br \/>\nBerner und Waadtl\u00e4nder Alpen als auch auf den gro\u00dfen Komplex der Walliser<br \/>\nAlpen, wobei dem Chablais und Mont-Blanc-Massiv noch ein gewisses Extra<br \/>\nzukommt.<\/p>\n<p>Alle 40 Touren, zumeist tagf\u00fcllende Unternehmungen, sind detailliert<br \/>\naufbereitet sowie au\u00dfergew\u00f6hnlich reichhaltig illustriert. Wer w\u00e4re da nicht<br \/>\ngepackt von der Lust, sofort aufzubrechen? Mit diesen Anregungen lernt man als<br \/>\nWanderer das Wallis zweifellos auf die sch\u00f6nste und intensivste Art kennen.<\/p>","protected":false},"excerpt":{"rendered":"<ul>\n<li><strong><a href=\"https:\/\/pizbube.ch\/wp-content\/uploads\/attachments\/a_015\/6032583AE8DEDE0CA6C5FCEAC86C39FA.pdf\" target=\"_blank\" rel=\"noopener\">PDF: h\u00f6henwege wallis_inhalt.pdf<\/a><\/strong><\/li>\n<\/ul>","protected":false},"featured_media":166587,"template":"","meta":[],"product_brand":[],"product_cat":[21605],"product_tag":[],"class_list":{"0":"post-150834","1":"product","2":"type-product","3":"status-publish","4":"has-post-thumbnail","6":"product_cat-wanderfuehrer-trekking","7":"pa_autor-zahel","8":"pa_erscheinungsjahr-21597","9":"pa_region-schweiz","10":"pa_sprache-de","12":"first","13":"instock","14":"taxable","15":"shipping-taxable","16":"purchasable","17":"product-type-simple"},"_links":{"self":[{"href":"https:\/\/pizbube.ch\/en\/wp-json\/wp\/v2\/product\/150834","targetHints":{"allow":["GET"]}}],"collection":[{"href":"https:\/\/pizbube.ch\/en\/wp-json\/wp\/v2\/product"}],"about":[{"href":"https:\/\/pizbube.ch\/en\/wp-json\/wp\/v2\/types\/product"}],"wp:featuredmedia":[{"embeddable":true,"href":"https:\/\/pizbube.ch\/en\/wp-json\/wp\/v2\/media\/166587"}],"wp:attachment":[{"href":"https:\/\/pizbube.ch\/en\/wp-json\/wp\/v2\/media?parent=150834"}],"wp:term":[{"taxonomy":"product_brand","embeddable":true,"href":"https:\/\/pizbube.ch\/en\/wp-json\/wp\/v2\/product_brand?post=150834"},{"taxonomy":"product_cat","embeddable":true,"href":"https:\/\/pizbube.ch\/en\/wp-json\/wp\/v2\/product_cat?post=150834"},{"taxonomy":"product_tag","embeddable":true,"href":"https:\/\/pizbube.ch\/en\/wp-json\/wp\/v2\/product_tag?post=150834"}],"curies":[{"name":"wp","href":"https:\/\/api.w.org\/{rel}","templated":true}]}}