{"id":150835,"date":"2021-01-15T11:03:30","date_gmt":"2021-01-15T11:03:30","guid":{"rendered":"https:\/\/codengine3.ch\/?product=import-placeholder-for-202664"},"modified":"2021-01-15T12:38:16","modified_gmt":"2021-01-15T12:38:16","slug":"tour-du-val-de-bagnes","status":"publish","type":"product","link":"https:\/\/pizbube.ch\/en\/shop\/tour-du-val-de-bagnes\/","title":{"rendered":"Tour du Val de Bagnes"},"content":{"rendered":"<p>Guide randonn\u00e9e p\u00e9destre pr\u00e9sente le Tour du Val de Bagnes en 6 \u00e9tapes ainsi<br \/>\nque le Tour de ses villages.<\/p>\n<p>Chaque \u00e9tape comprend une carte 1: 50 000, un profil de marche, un d\u00e9scripif<br \/>\nde l&#8217;itin\u00e9raire et pr\u00e9sentation par texte.<\/p>","protected":false},"excerpt":{"rendered":"<p>Guide randonn\u00e9e p\u00e9destre pr\u00e9sente le Tour du Val de Bagnes en 6 \u00e9tapes ainsi que le Tour de ses villages. Chaque \u00e9tape comprend une carte 1: 50 000, un profil de marche, un d\u00e9scripif de l&#8217;itin\u00e9raire et pr\u00e9sentation par texte.<\/p>","protected":false},"featured_media":30088,"template":"","meta":[],"product_brand":[],"product_cat":[21605],"product_tag":[],"class_list":{"0":"post-150835","1":"product","2":"type-product","3":"status-publish","4":"has-post-thumbnail","6":"product_cat-wanderfuehrer-trekking","7":"pa_autor-perraudin","8":"pa_erscheinungsjahr-22144","9":"pa_region-schweiz","10":"pa_sprache-fr","12":"first","13":"instock","14":"taxable","15":"shipping-taxable","16":"purchasable","17":"product-type-simple"},"_links":{"self":[{"href":"https:\/\/pizbube.ch\/en\/wp-json\/wp\/v2\/product\/150835","targetHints":{"allow":["GET"]}}],"collection":[{"href":"https:\/\/pizbube.ch\/en\/wp-json\/wp\/v2\/product"}],"about":[{"href":"https:\/\/pizbube.ch\/en\/wp-json\/wp\/v2\/types\/product"}],"wp:featuredmedia":[{"embeddable":true,"href":"https:\/\/pizbube.ch\/en\/wp-json\/wp\/v2\/media\/30088"}],"wp:attachment":[{"href":"https:\/\/pizbube.ch\/en\/wp-json\/wp\/v2\/media?parent=150835"}],"wp:term":[{"taxonomy":"product_brand","embeddable":true,"href":"https:\/\/pizbube.ch\/en\/wp-json\/wp\/v2\/product_brand?post=150835"},{"taxonomy":"product_cat","embeddable":true,"href":"https:\/\/pizbube.ch\/en\/wp-json\/wp\/v2\/product_cat?post=150835"},{"taxonomy":"product_tag","embeddable":true,"href":"https:\/\/pizbube.ch\/en\/wp-json\/wp\/v2\/product_tag?post=150835"}],"curies":[{"name":"wp","href":"https:\/\/api.w.org\/{rel}","templated":true}]}}